{"id":33095,"date":"2025-03-21T10:50:55","date_gmt":"2025-03-21T09:50:55","guid":{"rendered":"https:\/\/promatmedical.com\/bj\/produit\/lampe-a-led-pentaled-28-chariot-avec-kit-batterie\/"},"modified":"2025-03-21T10:50:55","modified_gmt":"2025-03-21T09:50:55","slug":"lampe-a-led-pentaled-28-chariot-avec-kit-batterie","status":"publish","type":"product","link":"https:\/\/promatmedical.com\/en\/product\/lampe-a-led-pentaled-28-chariot-avec-kit-batterie\/","title":{"rendered":"Lampe \u00e0 led pentaled 28 &#8211; chariot avec kit batterie"},"content":{"rendered":"<p>Pentaled 28 &#8211; chariot avec kit batterie et chargeur automatique<\/p>\n<p>&#8211; 120 000 Lux \u00e0 1 m<br \/>\n&#8211; lumi\u00e8re directe avec 28 lentilles LED<br \/>\n&#8211; choix entre deux couleurs: 4 500 ou 5 000 K<br \/>\n&#8211; r\u00e9glage aire de lumi\u00e8re<\/p>\n<p>PENTALED est la somme parfaite entre une technologie \u00e0 l\u2019avantgarde, l\u2019innovation, l\u2019ergonomie et une structure compacte, ultral\u00e9g\u00e8re et facile \u00e0 manipuler. Disponible en 5 versions (chariot, plafonnier, double plafonnier, chariot avec kit batterie et murale); ses caract\u00e9ristiques techniques font de PENTALED un instrument id\u00e9al pour les op\u00e9rations de pr\u00e9cision, le diagnostic, les salles d\u2019op\u00e9ration et la chirurgie mineure.<br \/>\nLe kit batterie, d\u2019une autonomie de 2 heures (Pentaled 12) ou de 1,5 heures (Pentaled 28), est disponible sur demande aussi dans les versions murale et plafonnier.<br \/>\nLumi\u00e8re froide LED<br \/>\nLa lumi\u00e8re froide et brillante reproduit fid\u00e8lement les couleurs et garantit une excellente d\u00e9finition des d\u00e9tails.<br \/>\nErgonomique<br \/>\nPENTALED tourne facilement sur ses 4 axes:<br \/>\n&#8211; la coupole de la lampe tourne \u00e0 300\u00b0<br \/>\n&#8211; le bras bouge verticalement gr\u00e2ce \u00e0 un syst\u00e8me de balancement \u00e0 ressort<br \/>\n&#8211; le r\u00e9flecteur peut tourner sur l\u2019axe verticale et horizontale.<br \/>\nTous les mouvements sont possibles gr\u00e2ce \u00e0 la poign\u00e9e autoclavable.<br \/>\nDur\u00e9e: 60 000 heures<br \/>\nL\u2019alimentation \u00e0 basse consommation et la dispersion de chaleur \u00e0 travers la coupole de la lampe en aluminium garantissent au LED une dur\u00e9e de 60 000 heures.<br \/>\n&#8211; R\u00e9glage intensit\u00e9 lumi\u00e8re<br \/>\nIntensit\u00e9 r\u00e9glable \u00e0 travers des contr\u00f4les num\u00e9riques.<\/p>\n<p>Le cercle d\u2019\u00e9clairage ultra-plat est \u00e9quip\u00e9 d\u2019un \u00e9cran en polycarbonate ultra-r\u00e9sistant qui garantit une protection efficace contre les coups accidentels<\/p>\n<p>La coupole de la lampe peut \u00eatre r\u00e9gl\u00e9e gr\u00e2ce \u00e0 la poign\u00e9e autoclavable<\/p>\n<p>Made in Italy.<\/p>","protected":false},"excerpt":{"rendered":"<p>Pentaled 28 &#8211; chariot avec kit batterie et chargeur automatique &#8211; 120 000 Lux \u00e0 1 m &#8211; lumi\u00e8re directe avec 28 lentilles LED &#8211; choix entre deux couleurs: 4 500 ou 5 000 K &#8211; r\u00e9glage aire de lumi\u00e8re PENTALED est la somme parfaite entre une technologie \u00e0 l\u2019avantgarde, l\u2019innovation, l\u2019ergonomie et une structure [&hellip;]<\/p>\n","protected":false},"featured_media":33091,"comment_status":"open","ping_status":"closed","template":"","meta":[],"product_brand":[],"product_cat":[166],"product_tag":[],"class_list":{"0":"post-33095","1":"product","2":"type-product","3":"status-publish","4":"has-post-thumbnail","6":"product_cat-equipements-medicaux-et-chirurgicaux","8":"first","9":"instock","10":"taxable","11":"shipping-taxable","12":"purchasable","13":"product-type-simple"},"_links":{"self":[{"href":"https:\/\/promatmedical.com\/en\/wp-json\/wp\/v2\/product\/33095","targetHints":{"allow":["GET"]}}],"collection":[{"href":"https:\/\/promatmedical.com\/en\/wp-json\/wp\/v2\/product"}],"about":[{"href":"https:\/\/promatmedical.com\/en\/wp-json\/wp\/v2\/types\/product"}],"replies":[{"embeddable":true,"href":"https:\/\/promatmedical.com\/en\/wp-json\/wp\/v2\/comments?post=33095"}],"wp:featuredmedia":[{"embeddable":true,"href":"https:\/\/promatmedical.com\/en\/wp-json\/wp\/v2\/media\/33091"}],"wp:attachment":[{"href":"https:\/\/promatmedical.com\/en\/wp-json\/wp\/v2\/media?parent=33095"}],"wp:term":[{"taxonomy":"product_brand","embeddable":true,"href":"https:\/\/promatmedical.com\/en\/wp-json\/wp\/v2\/product_brand?post=33095"},{"taxonomy":"product_cat","embeddable":true,"href":"https:\/\/promatmedical.com\/en\/wp-json\/wp\/v2\/product_cat?post=33095"},{"taxonomy":"product_tag","embeddable":true,"href":"https:\/\/promatmedical.com\/en\/wp-json\/wp\/v2\/product_tag?post=33095"}],"curies":[{"name":"wp","href":"https:\/\/api.w.org\/{rel}","templated":true}]}}