{"id":33114,"date":"2025-03-21T10:52:17","date_gmt":"2025-03-21T09:52:17","guid":{"rendered":"https:\/\/promatmedical.com\/bj\/produit\/lampe-a-led-quattroluci-chariot-avec-kit-batterie\/"},"modified":"2025-03-21T10:52:17","modified_gmt":"2025-03-21T09:52:17","slug":"lampe-a-led-quattroluci-chariot-avec-kit-batterie","status":"publish","type":"product","link":"https:\/\/promatmedical.com\/en\/product\/lampe-a-led-quattroluci-chariot-avec-kit-batterie\/","title":{"rendered":"Lampe \u00e0 led quattroluci chariot avec kit batterie"},"content":{"rendered":"<p>Lampe \u00e0 LED Quattroluci &#8211; mobile + kit batterie e chargeur automatique<\/p>\n<p>Conception a\u00e9rodynamique, structure tr\u00e8s pratique, haute technologie, qualit\u00e9 et performances dans une seule lampe.<br \/>\nLe r\u00e9flecteur multicirculaire, con\u00e7u pour \u00e9clairer compl\u00e8tement la zone de travail et \u00e9liminer toutes les ombres, est pourvu de poign\u00e9es lat\u00e9rales pratiques pour faciliter le positionnement.<br \/>\nLe corps d&#8217;\u00e9clairage ultra plat est pourvu d&#8217;un \u00e9cran en polycarbonate tr\u00e8s r\u00e9sistant, qui prot\u00e8ge contre les collisions accidentelles.<br \/>\nLa rotation sur 4 axes facilite le positionnement.<br \/>\nLa coupole est constitu\u00e9e par 36 lentilles LED dispos\u00e9es radialement sur 4 modules avec 9 LED chacun, pour garantir la continuit\u00e9 de l&#8217;\u00e9clairage m\u00eame dans la rare \u00e9ventualit\u00e9 de d\u00e9faillance d&#8217;une LED.<br \/>\nL&#8217;intensit\u00e9 lumineuse est de 160 000 lux.<br \/>\nLa focalisation et le diam\u00e8tre du champ lumineux sont r\u00e9glables.<br \/>\nExcellentes pour chirurgie buccale et maxillofaciale et pour chirurgie plastique esth\u00e9tique.<\/p>\n<p>Mode d&#8217;emploi QR: GB, FR, IT, ES, PT.<\/p>\n<p>Made in Italy.<\/p>","protected":false},"excerpt":{"rendered":"<p>Lampe \u00e0 LED Quattroluci &#8211; mobile + kit batterie e chargeur automatique Conception a\u00e9rodynamique, structure tr\u00e8s pratique, haute technologie, qualit\u00e9 et performances dans une seule lampe. Le r\u00e9flecteur multicirculaire, con\u00e7u pour \u00e9clairer compl\u00e8tement la zone de travail et \u00e9liminer toutes les ombres, est pourvu de poign\u00e9es lat\u00e9rales pratiques pour faciliter le positionnement. Le corps d&#8217;\u00e9clairage [&hellip;]<\/p>\n","protected":false},"featured_media":33113,"comment_status":"open","ping_status":"closed","template":"","meta":[],"product_brand":[],"product_cat":[166],"product_tag":[],"class_list":{"0":"post-33114","1":"product","2":"type-product","3":"status-publish","4":"has-post-thumbnail","6":"product_cat-equipements-medicaux-et-chirurgicaux","8":"first","9":"instock","10":"taxable","11":"shipping-taxable","12":"purchasable","13":"product-type-simple"},"_links":{"self":[{"href":"https:\/\/promatmedical.com\/en\/wp-json\/wp\/v2\/product\/33114","targetHints":{"allow":["GET"]}}],"collection":[{"href":"https:\/\/promatmedical.com\/en\/wp-json\/wp\/v2\/product"}],"about":[{"href":"https:\/\/promatmedical.com\/en\/wp-json\/wp\/v2\/types\/product"}],"replies":[{"embeddable":true,"href":"https:\/\/promatmedical.com\/en\/wp-json\/wp\/v2\/comments?post=33114"}],"wp:featuredmedia":[{"embeddable":true,"href":"https:\/\/promatmedical.com\/en\/wp-json\/wp\/v2\/media\/33113"}],"wp:attachment":[{"href":"https:\/\/promatmedical.com\/en\/wp-json\/wp\/v2\/media?parent=33114"}],"wp:term":[{"taxonomy":"product_brand","embeddable":true,"href":"https:\/\/promatmedical.com\/en\/wp-json\/wp\/v2\/product_brand?post=33114"},{"taxonomy":"product_cat","embeddable":true,"href":"https:\/\/promatmedical.com\/en\/wp-json\/wp\/v2\/product_cat?post=33114"},{"taxonomy":"product_tag","embeddable":true,"href":"https:\/\/promatmedical.com\/en\/wp-json\/wp\/v2\/product_tag?post=33114"}],"curies":[{"name":"wp","href":"https:\/\/api.w.org\/{rel}","templated":true}]}}