{"id":33122,"date":"2025-03-21T10:53:00","date_gmt":"2025-03-21T09:53:00","guid":{"rendered":"https:\/\/promatmedical.com\/bj\/produit\/lampe-led-gimaled-29-chariot\/"},"modified":"2025-03-21T10:53:00","modified_gmt":"2025-03-21T09:53:00","slug":"lampe-led-gimaled-29-chariot","status":"publish","type":"product","link":"https:\/\/promatmedical.com\/en\/product\/lampe-led-gimaled-29-chariot\/","title":{"rendered":"Lampe led gimaled 29 &#8211; chariot"},"content":{"rendered":"<p>GimaLed &#8211; mobile &#8211; 160 000 Lux<\/p>\n<p>Lampes GimaLed avec 29 LED: conception sophistiqu\u00e9e associant \u00e9clairage optimal et caract\u00e9ristiques m\u00e9caniques exceptionnelles pour un mouvement souple et stable.<\/p>\n<p>Lumi\u00e8re profonde: 9 LED fixes pour l&#8217;\u00e9clairage central et 20 LED (4 modules de 5 LED chacun) avec commande lat\u00e9rale de r\u00e9glage du diam\u00e8tre de la lumi\u00e8re.<\/p>\n<p>Lumi\u00e8re sans ombre: 29 LED plac\u00e9es sur une surface ronde offrent un \u00e9clairage puissant et emp\u00eachent la formation d\u2019ombres par interposition entre le faisceau de lumi\u00e8re et la surface illumin\u00e9e.<\/p>\n<p>Luminosit\u00e9: deux temp\u00e9ratures de couleur s\u00e9lectionnables, 4 500 K et 5 000 K, exclusivement LED blanches, sans ombres de couleur.<\/p>\n<p>&#8211; jets de lumi\u00e8re collimat\u00e9s pour une distance de travail de 70 \u00e0 140 cm<br \/>\n&#8211; Indice de rendu des couleurs (IRC) \u00e9lev\u00e9 96, R9 > 90<br \/>\n&#8211; optimisation thermique des LED par dissipation de la chaleur pour \u00e9viter de r\u00e9duire l\u2019\u00e9clairage au cours des op\u00e9rations<br \/>\n&#8211; la lumi\u00e8re indirecte offre un \u00e9clairage froid et profond sans fatiguer les yeux du chirurgien ou l&#8217;aveugler. Des disques paraboliques refl\u00e8tent tout le spectre de la lumi\u00e8re g\u00e9n\u00e9r\u00e9e par chaque LED de fa\u00e7on ponctiforme, sans dispersion<br \/>\n&#8211; focalisation constante: la forme diff\u00e9rente des disques paraboliques permet de r\u00e9gler \u00e9lectroniquement le diam\u00e8tre du champ<br \/>\n&#8211; la fonction EndoLed fournit un \u00e9clairage confortable pendant la chirurgie endoscopique. Un seul module est allum\u00e9 et son intensit\u00e9 lumineuse et temp\u00e9rature de couleur peuvent \u00eatre r\u00e9gl\u00e9es individuellement<br \/>\n&#8211; la diode Zener garantit l\u2019\u00e9clairage m\u00eame en cas d&#8217;une LED en panne<br \/>\n&#8211; basse consommation, haute efficacit\u00e9<\/p>\n<p>Commande \u00e9lectronique de: intensit\u00e9 lumineuse, temp\u00e9rature de couleur, diam\u00e8tre du champ visuel et lumi\u00e8re endoscopique.<\/p>\n<p>Made in Italy.<\/p>","protected":false},"excerpt":{"rendered":"<p>GimaLed &#8211; mobile &#8211; 160 000 Lux Lampes GimaLed avec 29 LED: conception sophistiqu\u00e9e associant \u00e9clairage optimal et caract\u00e9ristiques m\u00e9caniques exceptionnelles pour un mouvement souple et stable. Lumi\u00e8re profonde: 9 LED fixes pour l&#8217;\u00e9clairage central et 20 LED (4 modules de 5 LED chacun) avec commande lat\u00e9rale de r\u00e9glage du diam\u00e8tre de la lumi\u00e8re. Lumi\u00e8re [&hellip;]<\/p>\n","protected":false},"featured_media":33121,"comment_status":"open","ping_status":"closed","template":"","meta":[],"product_brand":[],"product_cat":[166],"product_tag":[],"class_list":{"0":"post-33122","1":"product","2":"type-product","3":"status-publish","4":"has-post-thumbnail","6":"product_cat-equipements-medicaux-et-chirurgicaux","8":"first","9":"instock","10":"taxable","11":"shipping-taxable","12":"purchasable","13":"product-type-simple"},"_links":{"self":[{"href":"https:\/\/promatmedical.com\/en\/wp-json\/wp\/v2\/product\/33122","targetHints":{"allow":["GET"]}}],"collection":[{"href":"https:\/\/promatmedical.com\/en\/wp-json\/wp\/v2\/product"}],"about":[{"href":"https:\/\/promatmedical.com\/en\/wp-json\/wp\/v2\/types\/product"}],"replies":[{"embeddable":true,"href":"https:\/\/promatmedical.com\/en\/wp-json\/wp\/v2\/comments?post=33122"}],"wp:featuredmedia":[{"embeddable":true,"href":"https:\/\/promatmedical.com\/en\/wp-json\/wp\/v2\/media\/33121"}],"wp:attachment":[{"href":"https:\/\/promatmedical.com\/en\/wp-json\/wp\/v2\/media?parent=33122"}],"wp:term":[{"taxonomy":"product_brand","embeddable":true,"href":"https:\/\/promatmedical.com\/en\/wp-json\/wp\/v2\/product_brand?post=33122"},{"taxonomy":"product_cat","embeddable":true,"href":"https:\/\/promatmedical.com\/en\/wp-json\/wp\/v2\/product_cat?post=33122"},{"taxonomy":"product_tag","embeddable":true,"href":"https:\/\/promatmedical.com\/en\/wp-json\/wp\/v2\/product_tag?post=33122"}],"curies":[{"name":"wp","href":"https:\/\/api.w.org\/{rel}","templated":true}]}}