{"id":33128,"date":"2025-03-21T10:53:29","date_gmt":"2025-03-21T09:53:29","guid":{"rendered":"https:\/\/promatmedical.com\/bj\/produit\/controle-a-distance-gimaled-29-mural-pour-49170-49172\/"},"modified":"2025-03-21T10:53:29","modified_gmt":"2025-03-21T09:53:29","slug":"controle-a-distance-gimaled-29-mural-pour-49170-49172","status":"publish","type":"product","link":"https:\/\/promatmedical.com\/en\/product\/controle-a-distance-gimaled-29-mural-pour-49170-49172\/","title":{"rendered":"Contr\u00f4le \u00e0 distance gimaled 29 &#8211; mural pour 49170-49172"},"content":{"rendered":"<p>Contr\u00f4le \u00e1 distance mural GimaLed<\/p>","protected":false},"excerpt":{"rendered":"<p>Contr\u00f4le \u00e1 distance mural GimaLed<\/p>","protected":false},"featured_media":18466,"comment_status":"open","ping_status":"closed","template":"","meta":[],"product_brand":[],"product_cat":[166],"product_tag":[],"class_list":{"0":"post-33128","1":"product","2":"type-product","3":"status-publish","4":"has-post-thumbnail","6":"product_cat-equipements-medicaux-et-chirurgicaux","8":"first","9":"instock","10":"taxable","11":"shipping-taxable","12":"purchasable","13":"product-type-simple"},"_links":{"self":[{"href":"https:\/\/promatmedical.com\/en\/wp-json\/wp\/v2\/product\/33128","targetHints":{"allow":["GET"]}}],"collection":[{"href":"https:\/\/promatmedical.com\/en\/wp-json\/wp\/v2\/product"}],"about":[{"href":"https:\/\/promatmedical.com\/en\/wp-json\/wp\/v2\/types\/product"}],"replies":[{"embeddable":true,"href":"https:\/\/promatmedical.com\/en\/wp-json\/wp\/v2\/comments?post=33128"}],"wp:featuredmedia":[{"embeddable":true,"href":"https:\/\/promatmedical.com\/en\/wp-json\/wp\/v2\/media\/18466"}],"wp:attachment":[{"href":"https:\/\/promatmedical.com\/en\/wp-json\/wp\/v2\/media?parent=33128"}],"wp:term":[{"taxonomy":"product_brand","embeddable":true,"href":"https:\/\/promatmedical.com\/en\/wp-json\/wp\/v2\/product_brand?post=33128"},{"taxonomy":"product_cat","embeddable":true,"href":"https:\/\/promatmedical.com\/en\/wp-json\/wp\/v2\/product_cat?post=33128"},{"taxonomy":"product_tag","embeddable":true,"href":"https:\/\/promatmedical.com\/en\/wp-json\/wp\/v2\/product_tag?post=33128"}],"curies":[{"name":"wp","href":"https:\/\/api.w.org\/{rel}","templated":true}]}}