{"id":33133,"date":"2025-03-21T10:53:49","date_gmt":"2025-03-21T09:53:49","guid":{"rendered":"https:\/\/promatmedical.com\/bj\/produit\/lampe-led-gimaled-plafonnier\/"},"modified":"2025-03-21T10:53:49","modified_gmt":"2025-03-21T09:53:49","slug":"lampe-led-gimaled-plafonnier","status":"publish","type":"product","link":"https:\/\/promatmedical.com\/en\/product\/lampe-led-gimaled-plafonnier\/","title":{"rendered":"Lampe led gimaled &#8211; plafonnier"},"content":{"rendered":"<p>LAMPE LED GIMALED &#8211; plafonnier (plafonds >3,80 m n\u00e9cessitent 49220)<\/p>\n<p>Lampe Gimaled avec 81 LED: un design sophistiqu\u00e9 associant des caract\u00e9ristiques d&#8217;illumination excellentes avec une qualit\u00e9 m\u00e9canique \u00e0 l&#8217;avant-garde pour un mouvement ultra-fin.<\/p>\n<p>Lumi\u00e8re intense: 27 LED fixes pour l&#8217;\u00e9clairage central et 54 LED (6 modules de 9 LED chacun) contr\u00f4l\u00e9s par un servomoteur qui permet au m\u00e9decin de r\u00e9gler le diam\u00e8tre du champ visuel.<\/p>\n<p>Lumi\u00e8re sans ombre: 81 LED plac\u00e9s sur une surface ronde offrent un \u00e9clairage puissant et emp\u00eachent la formation d\u2019ombres par d\u2019interpositions entre le faisceau de lumi\u00e8re et la surface illumin\u00e9e.<\/p>\n<p>Luminosit\u00e9: deux couleurs s\u00e9lectionnables: 4 000 K et 4 600 K compos\u00e9s exclusivement de LED blanc, sans effets d\u2019ombre de couleur. Intensit\u00e9 lumineuse: 160 000 lux.<\/p>\n<p>Caract\u00e9ristiques principales:<br \/>\n&#8211; jet de lumi\u00e8re collimat\u00e9 pour une distance de travail de 70 \u00e0 160 cm<br \/>\n&#8211; Indice de rendu des couleurs (IRC) \u00e9lev\u00e9 95, R9 > 90<br \/>\n&#8211; optimisation thermique des LED par dissipation de la chaleur pour ne pas riquer de r\u00e9duire l\u2019\u00e9clairage au cours des operations<br \/>\n&#8211; lentilles optiques PMMA et \u00e9cran protectif en polycarbonate<br \/>\n&#8211; Zener: garantit l\u2019\u00e9clairage m\u00eame en cas d\u2019un LED en panne<br \/>\n&#8211; basse consommation, haute efficacit\u00e9<br \/>\n&#8211; syst\u00e8me optionnel pr\u00e9-c\u00e2bl\u00e9 pour cam\u00e9ra Wi-Fi HD<\/p>","protected":false},"excerpt":{"rendered":"<p>LAMPE LED GIMALED &#8211; plafonnier (plafonds >3,80 m n\u00e9cessitent 49220) Lampe Gimaled avec 81 LED: un design sophistiqu\u00e9 associant des caract\u00e9ristiques d&#8217;illumination excellentes avec une qualit\u00e9 m\u00e9canique \u00e0 l&#8217;avant-garde pour un mouvement ultra-fin. Lumi\u00e8re intense: 27 LED fixes pour l&#8217;\u00e9clairage central et 54 LED (6 modules de 9 LED chacun) contr\u00f4l\u00e9s par un servomoteur qui [&hellip;]<\/p>\n","protected":false},"featured_media":33132,"comment_status":"open","ping_status":"closed","template":"","meta":[],"product_brand":[],"product_cat":[166],"product_tag":[],"class_list":{"0":"post-33133","1":"product","2":"type-product","3":"status-publish","4":"has-post-thumbnail","6":"product_cat-equipements-medicaux-et-chirurgicaux","8":"first","9":"instock","10":"taxable","11":"shipping-taxable","12":"purchasable","13":"product-type-simple"},"_links":{"self":[{"href":"https:\/\/promatmedical.com\/en\/wp-json\/wp\/v2\/product\/33133","targetHints":{"allow":["GET"]}}],"collection":[{"href":"https:\/\/promatmedical.com\/en\/wp-json\/wp\/v2\/product"}],"about":[{"href":"https:\/\/promatmedical.com\/en\/wp-json\/wp\/v2\/types\/product"}],"replies":[{"embeddable":true,"href":"https:\/\/promatmedical.com\/en\/wp-json\/wp\/v2\/comments?post=33133"}],"wp:featuredmedia":[{"embeddable":true,"href":"https:\/\/promatmedical.com\/en\/wp-json\/wp\/v2\/media\/33132"}],"wp:attachment":[{"href":"https:\/\/promatmedical.com\/en\/wp-json\/wp\/v2\/media?parent=33133"}],"wp:term":[{"taxonomy":"product_brand","embeddable":true,"href":"https:\/\/promatmedical.com\/en\/wp-json\/wp\/v2\/product_brand?post=33133"},{"taxonomy":"product_cat","embeddable":true,"href":"https:\/\/promatmedical.com\/en\/wp-json\/wp\/v2\/product_cat?post=33133"},{"taxonomy":"product_tag","embeddable":true,"href":"https:\/\/promatmedical.com\/en\/wp-json\/wp\/v2\/product_tag?post=33133"}],"curies":[{"name":"wp","href":"https:\/\/api.w.org\/{rel}","templated":true}]}}