{"id":33136,"date":"2025-03-21T10:54:04","date_gmt":"2025-03-21T09:54:04","guid":{"rendered":"https:\/\/promatmedical.com\/bj\/produit\/controle-a-distance-gimaled-mural\/"},"modified":"2025-03-21T10:54:04","modified_gmt":"2025-03-21T09:54:04","slug":"controle-a-distance-gimaled-mural","status":"publish","type":"product","link":"https:\/\/promatmedical.com\/en\/product\/controle-a-distance-gimaled-mural\/","title":{"rendered":"Contr\u00f4le \u00e0 distance gimaled &#8211; mural"},"content":{"rendered":"<p>Controle \u00e1 distance manuel GimaLed.<\/p>","protected":false},"excerpt":{"rendered":"<p>Controle \u00e1 distance manuel GimaLed.<\/p>","protected":false},"featured_media":18466,"comment_status":"open","ping_status":"closed","template":"","meta":[],"product_brand":[],"product_cat":[166],"product_tag":[],"class_list":{"0":"post-33136","1":"product","2":"type-product","3":"status-publish","4":"has-post-thumbnail","6":"product_cat-equipements-medicaux-et-chirurgicaux","8":"first","9":"instock","10":"taxable","11":"shipping-taxable","12":"purchasable","13":"product-type-simple"},"_links":{"self":[{"href":"https:\/\/promatmedical.com\/en\/wp-json\/wp\/v2\/product\/33136","targetHints":{"allow":["GET"]}}],"collection":[{"href":"https:\/\/promatmedical.com\/en\/wp-json\/wp\/v2\/product"}],"about":[{"href":"https:\/\/promatmedical.com\/en\/wp-json\/wp\/v2\/types\/product"}],"replies":[{"embeddable":true,"href":"https:\/\/promatmedical.com\/en\/wp-json\/wp\/v2\/comments?post=33136"}],"wp:featuredmedia":[{"embeddable":true,"href":"https:\/\/promatmedical.com\/en\/wp-json\/wp\/v2\/media\/18466"}],"wp:attachment":[{"href":"https:\/\/promatmedical.com\/en\/wp-json\/wp\/v2\/media?parent=33136"}],"wp:term":[{"taxonomy":"product_brand","embeddable":true,"href":"https:\/\/promatmedical.com\/en\/wp-json\/wp\/v2\/product_brand?post=33136"},{"taxonomy":"product_cat","embeddable":true,"href":"https:\/\/promatmedical.com\/en\/wp-json\/wp\/v2\/product_cat?post=33136"},{"taxonomy":"product_tag","embeddable":true,"href":"https:\/\/promatmedical.com\/en\/wp-json\/wp\/v2\/product_tag?post=33136"}],"curies":[{"name":"wp","href":"https:\/\/api.w.org\/{rel}","templated":true}]}}