{"id":33158,"date":"2025-03-21T10:56:05","date_gmt":"2025-03-21T09:56:05","guid":{"rendered":"https:\/\/promatmedical.com\/bj\/produit\/lampe-scialytique-pentaled-30e-light-sur-socle-a-roulettes\/"},"modified":"2025-03-21T10:56:05","modified_gmt":"2025-03-21T09:56:05","slug":"lampe-scialytique-pentaled-30e-light-sur-socle-a-roulettes","status":"publish","type":"product","link":"https:\/\/promatmedical.com\/en\/product\/lampe-scialytique-pentaled-30e-light-sur-socle-a-roulettes\/","title":{"rendered":"Lampe scialytique pentaled 30e light &#8211; sur socle \u00e0 roulettes"},"content":{"rendered":"<p>Pentaled &#8211; mobile &#8211; 160 000 Lux<\/p>\n<p>Lampe innovante et r\u00e9volutionnaire recommand\u00e9e pour les salles d&#8217;op\u00e9ration qui n\u00e9cessitent une lampe petite pour \u00e9viter l&#8217;interf\u00e9rence avec les autres appareils a\u00e9riens. Excellente pour la chirurgie buccale et maxillofaciale aussi bien que pour la chirurgie plastique esth\u00e9tique. Elle a 30 r\u00e9flecteurs elliptiques divis\u00e9s en 6 modules, chacun contenant 5 LED, pour obtenir 160 000 Lux. Conforme \u00e0 UE 2017\/745.<\/p>\n<p>Conception innovante: la coupole de Pentaled 30E est combin\u00e9e avec une structure plus l\u00e9g\u00e8re, plus \u00e9conomique sans pr\u00e9judice de la qualit\u00e9 de la lumi\u00e8re.<br \/>\nLa qualit\u00e9 optimale garantit la fiabilit\u00e9 pour les proc\u00e9dures chirurgicales critiques.<br \/>\nLa lumi\u00e8re indirecte offre un \u00e9clairage froid et profond sans fatiguer les yeux du chirurgien ou l&#8217;aveugler, gr\u00e2ce \u00e0 des disques paraboliques qui refl\u00e8tent tout le spectre de la lumi\u00e8re g\u00e9n\u00e9r\u00e9e par chaque LED de fa\u00e7on ponctiforme, sans dispersion.<br \/>\nFocalisation constante: \u201cE-View\u201d est une lentille qui permet d&#8217;\u00e9largir et r\u00e9duire \u00e9lectroniquement le champ op\u00e9ratoire \u00e9clair\u00e9, sans alt\u00e9rer l&#8217;intensit\u00e9 de la lumi\u00e8re au centre du champ (Ec). R\u00e9glage simple du champ lumineux.<br \/>\nLa fonction EndoLed fournit un \u00e9clairage confortable pendant la chirurgie endoscopique. Un seul module est allum\u00e9 et son intensit\u00e9 lumineuse et temp\u00e9rature de couleur peuvent \u00eatre r\u00e9gl\u00e9es \u00e0 souhait.<\/p>\n<p>Mode d&#8217;emploi QR: GB, FR, IT, ES, PT.<\/p>\n<p>Made in Italy.<\/p>","protected":false},"excerpt":{"rendered":"<p>Pentaled &#8211; mobile &#8211; 160 000 Lux Lampe innovante et r\u00e9volutionnaire recommand\u00e9e pour les salles d&#8217;op\u00e9ration qui n\u00e9cessitent une lampe petite pour \u00e9viter l&#8217;interf\u00e9rence avec les autres appareils a\u00e9riens. Excellente pour la chirurgie buccale et maxillofaciale aussi bien que pour la chirurgie plastique esth\u00e9tique. Elle a 30 r\u00e9flecteurs elliptiques divis\u00e9s en 6 modules, chacun contenant [&hellip;]<\/p>\n","protected":false},"featured_media":33157,"comment_status":"open","ping_status":"closed","template":"","meta":[],"product_brand":[],"product_cat":[166],"product_tag":[],"class_list":{"0":"post-33158","1":"product","2":"type-product","3":"status-publish","4":"has-post-thumbnail","6":"product_cat-equipements-medicaux-et-chirurgicaux","8":"first","9":"instock","10":"taxable","11":"shipping-taxable","12":"purchasable","13":"product-type-simple"},"_links":{"self":[{"href":"https:\/\/promatmedical.com\/en\/wp-json\/wp\/v2\/product\/33158","targetHints":{"allow":["GET"]}}],"collection":[{"href":"https:\/\/promatmedical.com\/en\/wp-json\/wp\/v2\/product"}],"about":[{"href":"https:\/\/promatmedical.com\/en\/wp-json\/wp\/v2\/types\/product"}],"replies":[{"embeddable":true,"href":"https:\/\/promatmedical.com\/en\/wp-json\/wp\/v2\/comments?post=33158"}],"wp:featuredmedia":[{"embeddable":true,"href":"https:\/\/promatmedical.com\/en\/wp-json\/wp\/v2\/media\/33157"}],"wp:attachment":[{"href":"https:\/\/promatmedical.com\/en\/wp-json\/wp\/v2\/media?parent=33158"}],"wp:term":[{"taxonomy":"product_brand","embeddable":true,"href":"https:\/\/promatmedical.com\/en\/wp-json\/wp\/v2\/product_brand?post=33158"},{"taxonomy":"product_cat","embeddable":true,"href":"https:\/\/promatmedical.com\/en\/wp-json\/wp\/v2\/product_cat?post=33158"},{"taxonomy":"product_tag","embeddable":true,"href":"https:\/\/promatmedical.com\/en\/wp-json\/wp\/v2\/product_tag?post=33158"}],"curies":[{"name":"wp","href":"https:\/\/api.w.org\/{rel}","templated":true}]}}