{"id":33239,"date":"2025-03-21T11:02:19","date_gmt":"2025-03-21T10:02:19","guid":{"rendered":"https:\/\/promatmedical.com\/bj\/produit\/brassard-riester-1-tube-enfant\/"},"modified":"2025-03-21T11:02:19","modified_gmt":"2025-03-21T10:02:19","slug":"brassard-riester-1-tube-enfant","status":"publish","type":"product","link":"https:\/\/promatmedical.com\/en\/product\/brassard-riester-1-tube-enfant\/","title":{"rendered":"Brassard riester 1 tube &#8211; enfant"},"content":{"rendered":"<p>BRASSARDS ORIGINAUX HEINE &#8211; SANS LATEX<\/p>\n<p>Brassard velcro enfant &#8211; 1 TUBE<br \/>\n\u2022 Code Riester: 129<br \/>\n\u2022 Coloris: bleu clair<br \/>\n\u2022 Dimensions cm: 35,5&#215;10<br \/>\n\u2022 Circonf\u00e9rence cm: 13-17<\/p>\n<p>Compatibilit\u00e9:<br \/>\nTous les tensiom\u00e8tres an\u00e9ro\u00efdes manuels Riester \u00e0 1 tube<\/p>","protected":false},"excerpt":{"rendered":"<p>BRASSARDS ORIGINAUX HEINE &#8211; SANS LATEX Brassard velcro enfant &#8211; 1 TUBE \u2022 Code Riester: 129 \u2022 Coloris: bleu clair \u2022 Dimensions cm: 35,5&#215;10 \u2022 Circonf\u00e9rence cm: 13-17 Compatibilit\u00e9: Tous les tensiom\u00e8tres an\u00e9ro\u00efdes manuels Riester \u00e0 1 tube<\/p>","protected":false},"featured_media":33238,"comment_status":"open","ping_status":"closed","template":"","meta":[],"product_brand":[],"product_cat":[166],"product_tag":[],"class_list":{"0":"post-33239","1":"product","2":"type-product","3":"status-publish","4":"has-post-thumbnail","6":"product_cat-equipements-medicaux-et-chirurgicaux","8":"first","9":"instock","10":"taxable","11":"shipping-taxable","12":"purchasable","13":"product-type-simple"},"_links":{"self":[{"href":"https:\/\/promatmedical.com\/en\/wp-json\/wp\/v2\/product\/33239","targetHints":{"allow":["GET"]}}],"collection":[{"href":"https:\/\/promatmedical.com\/en\/wp-json\/wp\/v2\/product"}],"about":[{"href":"https:\/\/promatmedical.com\/en\/wp-json\/wp\/v2\/types\/product"}],"replies":[{"embeddable":true,"href":"https:\/\/promatmedical.com\/en\/wp-json\/wp\/v2\/comments?post=33239"}],"wp:featuredmedia":[{"embeddable":true,"href":"https:\/\/promatmedical.com\/en\/wp-json\/wp\/v2\/media\/33238"}],"wp:attachment":[{"href":"https:\/\/promatmedical.com\/en\/wp-json\/wp\/v2\/media?parent=33239"}],"wp:term":[{"taxonomy":"product_brand","embeddable":true,"href":"https:\/\/promatmedical.com\/en\/wp-json\/wp\/v2\/product_brand?post=33239"},{"taxonomy":"product_cat","embeddable":true,"href":"https:\/\/promatmedical.com\/en\/wp-json\/wp\/v2\/product_cat?post=33239"},{"taxonomy":"product_tag","embeddable":true,"href":"https:\/\/promatmedical.com\/en\/wp-json\/wp\/v2\/product_tag?post=33239"}],"curies":[{"name":"wp","href":"https:\/\/api.w.org\/{rel}","templated":true}]}}