{"id":33276,"date":"2025-03-21T11:05:27","date_gmt":"2025-03-21T10:05:27","guid":{"rendered":"https:\/\/promatmedical.com\/bj\/produit\/tensiometre-automatique-easycheck-gima\/"},"modified":"2025-03-21T11:05:27","modified_gmt":"2025-03-21T10:05:27","slug":"tensiometre-automatique-easycheck-gima","status":"publish","type":"product","link":"https:\/\/promatmedical.com\/en\/product\/tensiometre-automatique-easycheck-gima\/","title":{"rendered":"Tensiom\u00e8tre automatique easycheck gima"},"content":{"rendered":"<p>TENSIOM\u00c8TRE NUM\u00c9RIQUE EASYCHECK<\/p>\n<p>Tensiom\u00e8tre \u00e8lectronique \u00e0 \u00e9cran LED et interface simple pour mesurer la pression systolique, la pression diastolique et la fr\u00e9quence cardiaque.<br \/>\nLes enregistrements NIBP peuvent \u00eatre r\u00e9examin\u00e9s. Pour utilisation domestique et clinique et pour essais de routine.<\/p>\n<p>Caract\u00e9ristiques:<br \/>\n&#8211; mesure par un seul bouton, facile \u00e0 utiliser<br \/>\n&#8211; enregistre et m\u00e9morise jusqu&#8217;\u00e0 199 groupes de mesures<br \/>\n&#8211; \u00e9cran LED \u00e0 couleur avec caract\u00e8res grands facilement lisibles<br \/>\n&#8211; arr\u00eat automatique en cas d&#8217;inactivit\u00e9<br \/>\n&#8211; alarme haute pression<br \/>\n&#8211; indicateur de batterie faible et et d&#8217;erreur<br \/>\n&#8211; commutable: mmHg et kPa<\/p>\n<p>Livr\u00e9 avec brassard pour adultes et 4 piles alcalines AA.<br \/>\nMode d&#8217;emploi multilingue: GB, FR, IT, ES, PT, DE, PL, RO, GR, SE, HR, Arabe<\/p>\n<p>Dimensions: 128x100xh 72 mm<br \/>\nPoids: 281 g<\/p>","protected":false},"excerpt":{"rendered":"<p>TENSIOM\u00c8TRE NUM\u00c9RIQUE EASYCHECK Tensiom\u00e8tre \u00e8lectronique \u00e0 \u00e9cran LED et interface simple pour mesurer la pression systolique, la pression diastolique et la fr\u00e9quence cardiaque. Les enregistrements NIBP peuvent \u00eatre r\u00e9examin\u00e9s. Pour utilisation domestique et clinique et pour essais de routine. Caract\u00e9ristiques: &#8211; mesure par un seul bouton, facile \u00e0 utiliser &#8211; enregistre et m\u00e9morise jusqu&#8217;\u00e0 199 [&hellip;]<\/p>\n","protected":false},"featured_media":33275,"comment_status":"open","ping_status":"closed","template":"","meta":[],"product_brand":[],"product_cat":[166],"product_tag":[],"class_list":{"0":"post-33276","1":"product","2":"type-product","3":"status-publish","4":"has-post-thumbnail","6":"product_cat-equipements-medicaux-et-chirurgicaux","8":"first","9":"instock","10":"taxable","11":"shipping-taxable","12":"purchasable","13":"product-type-simple"},"_links":{"self":[{"href":"https:\/\/promatmedical.com\/en\/wp-json\/wp\/v2\/product\/33276","targetHints":{"allow":["GET"]}}],"collection":[{"href":"https:\/\/promatmedical.com\/en\/wp-json\/wp\/v2\/product"}],"about":[{"href":"https:\/\/promatmedical.com\/en\/wp-json\/wp\/v2\/types\/product"}],"replies":[{"embeddable":true,"href":"https:\/\/promatmedical.com\/en\/wp-json\/wp\/v2\/comments?post=33276"}],"wp:featuredmedia":[{"embeddable":true,"href":"https:\/\/promatmedical.com\/en\/wp-json\/wp\/v2\/media\/33275"}],"wp:attachment":[{"href":"https:\/\/promatmedical.com\/en\/wp-json\/wp\/v2\/media?parent=33276"}],"wp:term":[{"taxonomy":"product_brand","embeddable":true,"href":"https:\/\/promatmedical.com\/en\/wp-json\/wp\/v2\/product_brand?post=33276"},{"taxonomy":"product_cat","embeddable":true,"href":"https:\/\/promatmedical.com\/en\/wp-json\/wp\/v2\/product_cat?post=33276"},{"taxonomy":"product_tag","embeddable":true,"href":"https:\/\/promatmedical.com\/en\/wp-json\/wp\/v2\/product_tag?post=33276"}],"curies":[{"name":"wp","href":"https:\/\/api.w.org\/{rel}","templated":true}]}}