{"id":33279,"date":"2025-03-21T11:05:48","date_gmt":"2025-03-21T10:05:48","guid":{"rendered":"https:\/\/promatmedical.com\/bj\/produit\/tensiometre-ecg-omron-complete-hem-7350t\/"},"modified":"2025-03-21T11:05:48","modified_gmt":"2025-03-21T10:05:48","slug":"tensiometre-ecg-omron-complete-hem-7350t","status":"publish","type":"product","link":"https:\/\/promatmedical.com\/en\/product\/tensiometre-ecg-omron-complete-hem-7350t\/","title":{"rendered":"Tensiom\u00e8tre + ecg omron complete hem-7350t"},"content":{"rendered":"<p>TENSIOM\u00c8TRE ET ECG OMRON COMPLETE HEM-7530T-E3<\/p>\n<p>OMRON Complete 2 en 1 est un tensiom\u00e8tre et ECG \u00e0 une d\u00e9rivation, intelligent et valid\u00e9 cliniquement, qui donne des r\u00e9sultats faciles, instantan\u00e9s et pr\u00e9cis. Il peut mesurer seulement la pression art\u00e9rielle, ex\u00e9cuter seulement l&#8217;ECG ou bien effectuer les deux op\u00e9rations simultan\u00e9ment. D\u00e9pistage rapide d&#8217;une s\u00e9rie de pathologies cardiaques: AFib, tachycardie, bradycardie, hypertension. Associ\u00e9 \u00e0 un smartphone (non compris), il enregistre, m\u00e9morise et transmet les r\u00e9sultats. Omron Complete peut \u00eatre connect\u00e9 \u00e0 l&#8217;Appli OMRON connect pour consulter les rapports. Le dispositif est con\u00e7u pour l&#8217;utilisation par les professionnels, les patients avec des troubles cardiaques connus ou suspect\u00e9s et les personnes soucieuses de leur sant\u00e9, dans un milieu domestique.<\/p>\n<p>Fourni avec brassard Easy Cuff 22-42 cm, 4 batteries AA, \u00e9tui et mode d&#8217;emploi multilingue en GB, FR, IT, ES, DE, NL, DK, SE, PL, RU.<\/p>","protected":false},"excerpt":{"rendered":"<p>TENSIOM\u00c8TRE ET ECG OMRON COMPLETE HEM-7530T-E3 OMRON Complete 2 en 1 est un tensiom\u00e8tre et ECG \u00e0 une d\u00e9rivation, intelligent et valid\u00e9 cliniquement, qui donne des r\u00e9sultats faciles, instantan\u00e9s et pr\u00e9cis. Il peut mesurer seulement la pression art\u00e9rielle, ex\u00e9cuter seulement l&#8217;ECG ou bien effectuer les deux op\u00e9rations simultan\u00e9ment. D\u00e9pistage rapide d&#8217;une s\u00e9rie de pathologies cardiaques: [&hellip;]<\/p>\n","protected":false},"featured_media":33278,"comment_status":"open","ping_status":"closed","template":"","meta":[],"product_brand":[],"product_cat":[166],"product_tag":[],"class_list":{"0":"post-33279","1":"product","2":"type-product","3":"status-publish","4":"has-post-thumbnail","6":"product_cat-equipements-medicaux-et-chirurgicaux","8":"first","9":"instock","10":"taxable","11":"shipping-taxable","12":"purchasable","13":"product-type-simple"},"_links":{"self":[{"href":"https:\/\/promatmedical.com\/en\/wp-json\/wp\/v2\/product\/33279","targetHints":{"allow":["GET"]}}],"collection":[{"href":"https:\/\/promatmedical.com\/en\/wp-json\/wp\/v2\/product"}],"about":[{"href":"https:\/\/promatmedical.com\/en\/wp-json\/wp\/v2\/types\/product"}],"replies":[{"embeddable":true,"href":"https:\/\/promatmedical.com\/en\/wp-json\/wp\/v2\/comments?post=33279"}],"wp:featuredmedia":[{"embeddable":true,"href":"https:\/\/promatmedical.com\/en\/wp-json\/wp\/v2\/media\/33278"}],"wp:attachment":[{"href":"https:\/\/promatmedical.com\/en\/wp-json\/wp\/v2\/media?parent=33279"}],"wp:term":[{"taxonomy":"product_brand","embeddable":true,"href":"https:\/\/promatmedical.com\/en\/wp-json\/wp\/v2\/product_brand?post=33279"},{"taxonomy":"product_cat","embeddable":true,"href":"https:\/\/promatmedical.com\/en\/wp-json\/wp\/v2\/product_cat?post=33279"},{"taxonomy":"product_tag","embeddable":true,"href":"https:\/\/promatmedical.com\/en\/wp-json\/wp\/v2\/product_tag?post=33279"}],"curies":[{"name":"wp","href":"https:\/\/api.w.org\/{rel}","templated":true}]}}