{"id":33281,"date":"2025-03-21T11:05:57","date_gmt":"2025-03-21T10:05:57","guid":{"rendered":"https:\/\/promatmedical.com\/bj\/produit\/tensiometre-professionnel-omron-hbp-1120-e\/"},"modified":"2025-03-21T11:05:57","modified_gmt":"2025-03-21T10:05:57","slug":"tensiometre-professionnel-omron-hbp-1120-e","status":"publish","type":"product","link":"https:\/\/promatmedical.com\/en\/product\/tensiometre-professionnel-omron-hbp-1120-e\/","title":{"rendered":"Tensiom\u00e8tre professionnel omron hbp-1120-e"},"content":{"rendered":"<p>TENSIOM\u00c8TRE PROFESSIONNEL OMRON HBP-1120-E<\/p>\n<p>HBP-1120 est con\u00e7u pour l&#8217;utilisation dans un cadre professionnel et est cliniquement test\u00e9 pour produire des r\u00e9sultats rapides et fiables. D\u00e9tection du pouls irr\u00e9gulier. Con\u00e7u pour l&#8217;utilisation quotidienne intensive par les professionnels de la sant\u00e9 dans les h\u00f4pitaux et les \u00e9tablissements m\u00e9dicaux. L&#8217;indicateur z\u00e9ro montre que le dispositif est pr\u00eat pour la mesure suivante. Il fonctionne avec adaptateur CA ou batteries. Classe IIa.<\/p>\n<p>Fourni avec brassard 22-32 cm, adaptateur CA, carte de garantie et mode d&#8217;emploi multilingue en GB, FR, IT, ES, DE, NL, TR, RU, Arabe.<\/p>","protected":false},"excerpt":{"rendered":"<p>TENSIOM\u00c8TRE PROFESSIONNEL OMRON HBP-1120-E HBP-1120 est con\u00e7u pour l&#8217;utilisation dans un cadre professionnel et est cliniquement test\u00e9 pour produire des r\u00e9sultats rapides et fiables. D\u00e9tection du pouls irr\u00e9gulier. Con\u00e7u pour l&#8217;utilisation quotidienne intensive par les professionnels de la sant\u00e9 dans les h\u00f4pitaux et les \u00e9tablissements m\u00e9dicaux. L&#8217;indicateur z\u00e9ro montre que le dispositif est pr\u00eat pour [&hellip;]<\/p>\n","protected":false},"featured_media":33280,"comment_status":"open","ping_status":"closed","template":"","meta":[],"product_brand":[],"product_cat":[166],"product_tag":[],"class_list":{"0":"post-33281","1":"product","2":"type-product","3":"status-publish","4":"has-post-thumbnail","6":"product_cat-equipements-medicaux-et-chirurgicaux","8":"first","9":"instock","10":"taxable","11":"shipping-taxable","12":"purchasable","13":"product-type-simple"},"_links":{"self":[{"href":"https:\/\/promatmedical.com\/en\/wp-json\/wp\/v2\/product\/33281","targetHints":{"allow":["GET"]}}],"collection":[{"href":"https:\/\/promatmedical.com\/en\/wp-json\/wp\/v2\/product"}],"about":[{"href":"https:\/\/promatmedical.com\/en\/wp-json\/wp\/v2\/types\/product"}],"replies":[{"embeddable":true,"href":"https:\/\/promatmedical.com\/en\/wp-json\/wp\/v2\/comments?post=33281"}],"wp:featuredmedia":[{"embeddable":true,"href":"https:\/\/promatmedical.com\/en\/wp-json\/wp\/v2\/media\/33280"}],"wp:attachment":[{"href":"https:\/\/promatmedical.com\/en\/wp-json\/wp\/v2\/media?parent=33281"}],"wp:term":[{"taxonomy":"product_brand","embeddable":true,"href":"https:\/\/promatmedical.com\/en\/wp-json\/wp\/v2\/product_brand?post=33281"},{"taxonomy":"product_cat","embeddable":true,"href":"https:\/\/promatmedical.com\/en\/wp-json\/wp\/v2\/product_cat?post=33281"},{"taxonomy":"product_tag","embeddable":true,"href":"https:\/\/promatmedical.com\/en\/wp-json\/wp\/v2\/product_tag?post=33281"}],"curies":[{"name":"wp","href":"https:\/\/api.w.org\/{rel}","templated":true}]}}