{"id":33299,"date":"2025-03-21T11:07:32","date_gmt":"2025-03-21T10:07:32","guid":{"rendered":"https:\/\/promatmedical.com\/bj\/produit\/tensiometre-numerique-omron-m2-intelli-it-hem-7143t-ebk\/"},"modified":"2025-03-21T11:07:32","modified_gmt":"2025-03-21T10:07:32","slug":"tensiometre-numerique-omron-m2-intelli-it-hem-7143t-ebk","status":"publish","type":"product","link":"https:\/\/promatmedical.com\/en\/product\/tensiometre-numerique-omron-m2-intelli-it-hem-7143t-ebk\/","title":{"rendered":"Tensiom\u00e8tre num\u00e9rique omron m2 intelli it hem-7143t-ebk"},"content":{"rendered":"<p>OMRON M2 INTELLI IT HEM-7143T-EBK<\/p>\n<p>Avec brassard 22-32 cm. Exclusive technologie Intellisense\u2122 et d\u00e9tection des battements cardiaques irr\u00e9guliers.<br \/>\nUne seule touche et large \u00e9cran.<\/p>\n<p>Valid\u00e9 cliniquement (Consulter www.dableducational.org pour v\u00e9rifier les validations)<br \/>\nTechnologie Intellisense<br \/>\nD\u00e9tection battements irr\u00e9guliers<br \/>\nGuide position brassard<br \/>\nBras Easy: 22-42<br \/>\nM\u00e9moire mesures par utilisateur: 30<br \/>\nD\u00e9tection mouvements<br \/>\nHypertension<br \/>\nConnexion App\/Bluetooth <\/p>","protected":false},"excerpt":{"rendered":"<p>OMRON M2 INTELLI IT HEM-7143T-EBK Avec brassard 22-32 cm. Exclusive technologie Intellisense\u2122 et d\u00e9tection des battements cardiaques irr\u00e9guliers. Une seule touche et large \u00e9cran. Valid\u00e9 cliniquement (Consulter www.dableducational.org pour v\u00e9rifier les validations) Technologie Intellisense D\u00e9tection battements irr\u00e9guliers Guide position brassard Bras Easy: 22-42 M\u00e9moire mesures par utilisateur: 30 D\u00e9tection mouvements Hypertension Connexion App\/Bluetooth<\/p>","protected":false},"featured_media":33298,"comment_status":"open","ping_status":"closed","template":"","meta":[],"product_brand":[],"product_cat":[166],"product_tag":[],"class_list":{"0":"post-33299","1":"product","2":"type-product","3":"status-publish","4":"has-post-thumbnail","6":"product_cat-equipements-medicaux-et-chirurgicaux","8":"first","9":"instock","10":"taxable","11":"shipping-taxable","12":"purchasable","13":"product-type-simple"},"_links":{"self":[{"href":"https:\/\/promatmedical.com\/en\/wp-json\/wp\/v2\/product\/33299","targetHints":{"allow":["GET"]}}],"collection":[{"href":"https:\/\/promatmedical.com\/en\/wp-json\/wp\/v2\/product"}],"about":[{"href":"https:\/\/promatmedical.com\/en\/wp-json\/wp\/v2\/types\/product"}],"replies":[{"embeddable":true,"href":"https:\/\/promatmedical.com\/en\/wp-json\/wp\/v2\/comments?post=33299"}],"wp:featuredmedia":[{"embeddable":true,"href":"https:\/\/promatmedical.com\/en\/wp-json\/wp\/v2\/media\/33298"}],"wp:attachment":[{"href":"https:\/\/promatmedical.com\/en\/wp-json\/wp\/v2\/media?parent=33299"}],"wp:term":[{"taxonomy":"product_brand","embeddable":true,"href":"https:\/\/promatmedical.com\/en\/wp-json\/wp\/v2\/product_brand?post=33299"},{"taxonomy":"product_cat","embeddable":true,"href":"https:\/\/promatmedical.com\/en\/wp-json\/wp\/v2\/product_cat?post=33299"},{"taxonomy":"product_tag","embeddable":true,"href":"https:\/\/promatmedical.com\/en\/wp-json\/wp\/v2\/product_tag?post=33299"}],"curies":[{"name":"wp","href":"https:\/\/api.w.org\/{rel}","templated":true}]}}