{"id":33301,"date":"2025-03-21T11:07:46","date_gmt":"2025-03-21T10:07:46","guid":{"rendered":"https:\/\/promatmedical.com\/bj\/produit\/tensiometre-numerique-omron-m3-hem-7154-e\/"},"modified":"2025-03-21T11:07:46","modified_gmt":"2025-03-21T10:07:46","slug":"tensiometre-numerique-omron-m3-hem-7154-e","status":"publish","type":"product","link":"https:\/\/promatmedical.com\/en\/product\/tensiometre-numerique-omron-m3-hem-7154-e\/","title":{"rendered":"Tensiom\u00e8tre num\u00e9rique omron m3 hem-7154-e"},"content":{"rendered":"<p>OMRON M3 HEM-7154-E avec brassard Easy 22-42 cm.<\/p>\n<p>\u2022 Valid\u00e9 cliniquement: consulter www.dableducational.org pour v\u00e9rifier les validations<br \/>\n\u2022 Technologie Intellisense<br \/>\n\u2022 D\u00e9tection battements irr\u00e9guliers<br \/>\n\u2022 Guide position brassard<br \/>\n\u2022 Technologie Intelli Wrap: NO<br \/>\n\u2022 Brassard: Easy 22-42 cm<br \/>\n\u2022 M\u00e9moire des mesures: 60 x 2 utilisateurs + mode invit\u00e9<br \/>\n\u2022 D\u00e9tection mouvements<br \/>\n\u2022 Indicateur lumineux tension \u00e9lev\u00e9e: indique si les valeurs d\u00e9passent les standards E.H.S. pour l&#8217;auto-mesure \u00e0 domicile (pression systolique 85 et\/ou pression diastolique 135)<br \/>\n\u2022 Moyenne 3 derni\u00e8res mesures (moyenne des 3 derni\u00e8res mesures en l&#8217;espace de 10 minutes)<\/p>\n<p>La technologie Intellisense\u2122 garantit la d\u00e9tection automatique de la pression de gonflage correcte.<\/p>\n<p>Elle permet de d\u00e9tecter les battements irr\u00e9guliers et d\u00e9cide automatiquement si le r\u00e9sultat est fiable ou s&#8217;il faut r\u00e9p\u00e9ter la mesure.<\/p>\n<p>Seulement les r\u00e9sultats pr\u00e9cis sont affich\u00e9s.<\/p>\n<p>Bo\u00eete et mode d&#8217;emploi multilingues: GB, FR, IT, ES, DE, NL, RU, TR, Arabe.<\/p>","protected":false},"excerpt":{"rendered":"<p>OMRON M3 HEM-7154-E avec brassard Easy 22-42 cm. \u2022 Valid\u00e9 cliniquement: consulter www.dableducational.org pour v\u00e9rifier les validations \u2022 Technologie Intellisense \u2022 D\u00e9tection battements irr\u00e9guliers \u2022 Guide position brassard \u2022 Technologie Intelli Wrap: NO \u2022 Brassard: Easy 22-42 cm \u2022 M\u00e9moire des mesures: 60 x 2 utilisateurs + mode invit\u00e9 \u2022 D\u00e9tection mouvements \u2022 Indicateur lumineux [&hellip;]<\/p>\n","protected":false},"featured_media":33300,"comment_status":"open","ping_status":"closed","template":"","meta":[],"product_brand":[],"product_cat":[166],"product_tag":[],"class_list":{"0":"post-33301","1":"product","2":"type-product","3":"status-publish","4":"has-post-thumbnail","6":"product_cat-equipements-medicaux-et-chirurgicaux","8":"first","9":"instock","10":"taxable","11":"shipping-taxable","12":"purchasable","13":"product-type-simple"},"_links":{"self":[{"href":"https:\/\/promatmedical.com\/en\/wp-json\/wp\/v2\/product\/33301","targetHints":{"allow":["GET"]}}],"collection":[{"href":"https:\/\/promatmedical.com\/en\/wp-json\/wp\/v2\/product"}],"about":[{"href":"https:\/\/promatmedical.com\/en\/wp-json\/wp\/v2\/types\/product"}],"replies":[{"embeddable":true,"href":"https:\/\/promatmedical.com\/en\/wp-json\/wp\/v2\/comments?post=33301"}],"wp:featuredmedia":[{"embeddable":true,"href":"https:\/\/promatmedical.com\/en\/wp-json\/wp\/v2\/media\/33300"}],"wp:attachment":[{"href":"https:\/\/promatmedical.com\/en\/wp-json\/wp\/v2\/media?parent=33301"}],"wp:term":[{"taxonomy":"product_brand","embeddable":true,"href":"https:\/\/promatmedical.com\/en\/wp-json\/wp\/v2\/product_brand?post=33301"},{"taxonomy":"product_cat","embeddable":true,"href":"https:\/\/promatmedical.com\/en\/wp-json\/wp\/v2\/product_cat?post=33301"},{"taxonomy":"product_tag","embeddable":true,"href":"https:\/\/promatmedical.com\/en\/wp-json\/wp\/v2\/product_tag?post=33301"}],"curies":[{"name":"wp","href":"https:\/\/api.w.org\/{rel}","templated":true}]}}