{"id":33317,"date":"2025-03-21T11:09:16","date_gmt":"2025-03-21T10:09:16","guid":{"rendered":"https:\/\/promatmedical.com\/bj\/produit\/tensiometre-au-poignet-omron-rs7-intelli-it-hem-6232t-e\/"},"modified":"2025-03-21T11:09:16","modified_gmt":"2025-03-21T10:09:16","slug":"tensiometre-au-poignet-omron-rs7-intelli-it-hem-6232t-e","status":"publish","type":"product","link":"https:\/\/promatmedical.com\/en\/product\/tensiometre-au-poignet-omron-rs7-intelli-it-hem-6232t-e\/","title":{"rendered":"Tensiom\u00e8tre au poignet omron rs7 intelli it hem-6232t-e"},"content":{"rendered":"<p>OMRON RS7 INTELLI IT HEM-6232T-E &#8211; poignet<\/p>\n<p>La technologie Intellisense permet des mesures rapides et ais\u00e9es.<br \/>\nCapteur de position avanc\u00e9 et guide de positionnement du brassard pour des mesures fiables, qui peuvent \u00eatre m\u00e9moris\u00e9es et suivies via Bluetooth moyennant l&#8217;Appli OMRON.<\/p>\n<p>Bo\u00eete et mode d&#8217;emploi multilingues: GB, FR, IT, ES, DE, NL, RU, TR, Arabe.<\/p>","protected":false},"excerpt":{"rendered":"<p>OMRON RS7 INTELLI IT HEM-6232T-E &#8211; poignet La technologie Intellisense permet des mesures rapides et ais\u00e9es. Capteur de position avanc\u00e9 et guide de positionnement du brassard pour des mesures fiables, qui peuvent \u00eatre m\u00e9moris\u00e9es et suivies via Bluetooth moyennant l&#8217;Appli OMRON. Bo\u00eete et mode d&#8217;emploi multilingues: GB, FR, IT, ES, DE, NL, RU, TR, Arabe.<\/p>","protected":false},"featured_media":33316,"comment_status":"open","ping_status":"closed","template":"","meta":[],"product_brand":[],"product_cat":[166],"product_tag":[],"class_list":{"0":"post-33317","1":"product","2":"type-product","3":"status-publish","4":"has-post-thumbnail","6":"product_cat-equipements-medicaux-et-chirurgicaux","8":"first","9":"instock","10":"taxable","11":"shipping-taxable","12":"purchasable","13":"product-type-simple"},"_links":{"self":[{"href":"https:\/\/promatmedical.com\/en\/wp-json\/wp\/v2\/product\/33317","targetHints":{"allow":["GET"]}}],"collection":[{"href":"https:\/\/promatmedical.com\/en\/wp-json\/wp\/v2\/product"}],"about":[{"href":"https:\/\/promatmedical.com\/en\/wp-json\/wp\/v2\/types\/product"}],"replies":[{"embeddable":true,"href":"https:\/\/promatmedical.com\/en\/wp-json\/wp\/v2\/comments?post=33317"}],"wp:featuredmedia":[{"embeddable":true,"href":"https:\/\/promatmedical.com\/en\/wp-json\/wp\/v2\/media\/33316"}],"wp:attachment":[{"href":"https:\/\/promatmedical.com\/en\/wp-json\/wp\/v2\/media?parent=33317"}],"wp:term":[{"taxonomy":"product_brand","embeddable":true,"href":"https:\/\/promatmedical.com\/en\/wp-json\/wp\/v2\/product_brand?post=33317"},{"taxonomy":"product_cat","embeddable":true,"href":"https:\/\/promatmedical.com\/en\/wp-json\/wp\/v2\/product_cat?post=33317"},{"taxonomy":"product_tag","embeddable":true,"href":"https:\/\/promatmedical.com\/en\/wp-json\/wp\/v2\/product_tag?post=33317"}],"curies":[{"name":"wp","href":"https:\/\/api.w.org\/{rel}","templated":true}]}}