{"id":33321,"date":"2025-03-21T11:09:32","date_gmt":"2025-03-21T10:09:32","guid":{"rendered":"https:\/\/promatmedical.com\/bj\/produit\/tensiometre-ri-champion-smart-pro-avec-bluetooth-1735-bt-brassard-pour-adultes\/"},"modified":"2025-03-21T11:09:32","modified_gmt":"2025-03-21T10:09:32","slug":"tensiometre-ri-champion-smart-pro-avec-bluetooth-1735-bt-brassard-pour-adultes","status":"publish","type":"product","link":"https:\/\/promatmedical.com\/en\/product\/tensiometre-ri-champion-smart-pro-avec-bluetooth-1735-bt-brassard-pour-adultes\/","title":{"rendered":"Tensiom\u00e8tre ri-champion smart pro+ avec bluetooth &#8211; 1735-bt -brassard pour adultes"},"content":{"rendered":"<p>TENSIOM\u00c8TRE RI-CHAMPION\u00ae SMART PRO+ AVEC BLUETOOTH &#8211; 1735 BT &#8211; brassard pour adultes<\/p>\n<p>Tensiom\u00e8tre valid\u00e9 cliniquement, con\u00e7u pour lectures rapides et fiables.<br \/>\nPerformances avanc\u00e9es, d\u00e9tection du rythme cardiaque irr\u00e9gulier et calcul des moyennes (analyse de 3 mesures successives de la pression art\u00e9rielle).<\/p>\n<p>&#8211; connectivit\u00e9 Bluetooth\u00ae<br \/>\n&#8211; fonctionnement rapide et silencieux pour usage domestique et professionnel<br \/>\n&#8211; 200 mesures avec une s\u00e9rie de 4 batteries AA<br \/>\n&#8211; \u00e9cran r\u00e9tro\u00e9clair\u00e9 large et facilement lisible<br \/>\n&#8211; conforme \u00e0 EN1060-4, recherche clinique NIBP<\/p>","protected":false},"excerpt":{"rendered":"<p>TENSIOM\u00c8TRE RI-CHAMPION\u00ae SMART PRO+ AVEC BLUETOOTH &#8211; 1735 BT &#8211; brassard pour adultes Tensiom\u00e8tre valid\u00e9 cliniquement, con\u00e7u pour lectures rapides et fiables. Performances avanc\u00e9es, d\u00e9tection du rythme cardiaque irr\u00e9gulier et calcul des moyennes (analyse de 3 mesures successives de la pression art\u00e9rielle). &#8211; connectivit\u00e9 Bluetooth\u00ae &#8211; fonctionnement rapide et silencieux pour usage domestique et professionnel [&hellip;]<\/p>\n","protected":false},"featured_media":33320,"comment_status":"open","ping_status":"closed","template":"","meta":[],"product_brand":[],"product_cat":[166],"product_tag":[],"class_list":{"0":"post-33321","1":"product","2":"type-product","3":"status-publish","4":"has-post-thumbnail","6":"product_cat-equipements-medicaux-et-chirurgicaux","8":"first","9":"instock","10":"taxable","11":"shipping-taxable","12":"purchasable","13":"product-type-simple"},"_links":{"self":[{"href":"https:\/\/promatmedical.com\/en\/wp-json\/wp\/v2\/product\/33321","targetHints":{"allow":["GET"]}}],"collection":[{"href":"https:\/\/promatmedical.com\/en\/wp-json\/wp\/v2\/product"}],"about":[{"href":"https:\/\/promatmedical.com\/en\/wp-json\/wp\/v2\/types\/product"}],"replies":[{"embeddable":true,"href":"https:\/\/promatmedical.com\/en\/wp-json\/wp\/v2\/comments?post=33321"}],"wp:featuredmedia":[{"embeddable":true,"href":"https:\/\/promatmedical.com\/en\/wp-json\/wp\/v2\/media\/33320"}],"wp:attachment":[{"href":"https:\/\/promatmedical.com\/en\/wp-json\/wp\/v2\/media?parent=33321"}],"wp:term":[{"taxonomy":"product_brand","embeddable":true,"href":"https:\/\/promatmedical.com\/en\/wp-json\/wp\/v2\/product_brand?post=33321"},{"taxonomy":"product_cat","embeddable":true,"href":"https:\/\/promatmedical.com\/en\/wp-json\/wp\/v2\/product_cat?post=33321"},{"taxonomy":"product_tag","embeddable":true,"href":"https:\/\/promatmedical.com\/en\/wp-json\/wp\/v2\/product_tag?post=33321"}],"curies":[{"name":"wp","href":"https:\/\/api.w.org\/{rel}","templated":true}]}}