{"id":33333,"date":"2025-03-21T11:10:36","date_gmt":"2025-03-21T10:10:36","guid":{"rendered":"https:\/\/promatmedical.com\/bj\/produit\/tensiometre-riester-rbp-100-1742-mural\/"},"modified":"2025-03-21T11:10:36","modified_gmt":"2025-03-21T10:10:36","slug":"tensiometre-riester-rbp-100-1742-mural","status":"publish","type":"product","link":"https:\/\/promatmedical.com\/en\/product\/tensiometre-riester-rbp-100-1742-mural\/","title":{"rendered":"Tensiom\u00e8tre riester rbp-100 &#8211; 1742 &#8211; mural"},"content":{"rendered":"<p>TENSIOM\u00c8TRE RIESTER RBP-100 &#8211; 1742 &#8211; paroi<\/p>\n<p>Tensiom\u00e8tre num\u00e9rique de qualit\u00e9 clinique, rapide et fiable.<br \/>\nCliniquement valid\u00e9 conform\u00e9ment aux normes internationales BHS, ESH, AAMI.<br \/>\nCliniquement valid\u00e9 pour patients en conditions sp\u00e9ciales: hypertension, diab\u00e8te, grossesse, pr\u00e9-\u00e9clampsie, art\u00e9rioscl\u00e9rose, insuffisance r\u00e9nale terminale, ob\u00e9sit\u00e9, \u00e2ge avanc\u00e9 et enfants de plus de 3 ans.<\/p>\n<p>Deux modes de mesure: auscultatoire (manuel) et oscillom\u00e9trique (automatique).<br \/>\nLe mode auscultatoire avec d\u00e9gonflage automatique (3 mmHg\/sec) fournit des mesures uniformes de la pression du patient et permet au m\u00e9decin de v\u00e9rifier les lectures automatiques sans enlever le brassard.<br \/>\nLe mode Moyenne (3 lectures) permet une mesure plus objective et contribue \u00e0 r\u00e9duire le risque de valeurs \u00e9lev\u00e9es dues \u00e0 l&#8217;effet &#8220;blouse blanche&#8221;.<br \/>\nIntervalles r\u00e9glables en mode moyenne \u00e0 15, 30, 45, 60 sec.<br \/>\nMesure la pression art\u00e9rielle systolique, diastolique et moyenne (MAP) et le pouls.<\/p>\n<p>&#8211; d\u00e9tection de l&#8217;arythmie<br \/>\n&#8211; m\u00e9moire de grande capacit\u00e9: 210 lectures<br \/>\n&#8211; affichage de la Classification des Valeurs de Pression de l&#8217;OMS (code de couleur)<\/p>\n<p>Livr\u00e9 avec tuyau de 2,5 m, 2 brassards sans caoutchouc naturel ni latex (M et L-XL), batterie NiMH, adaptateur CA\/CC (EU, US, UK, Austr.).<br \/>\nMode d&#8217;emploi multilingue (GB, FR, IT, ES, DE, RU)<\/p>","protected":false},"excerpt":{"rendered":"<p>TENSIOM\u00c8TRE RIESTER RBP-100 &#8211; 1742 &#8211; paroi Tensiom\u00e8tre num\u00e9rique de qualit\u00e9 clinique, rapide et fiable. Cliniquement valid\u00e9 conform\u00e9ment aux normes internationales BHS, ESH, AAMI. Cliniquement valid\u00e9 pour patients en conditions sp\u00e9ciales: hypertension, diab\u00e8te, grossesse, pr\u00e9-\u00e9clampsie, art\u00e9rioscl\u00e9rose, insuffisance r\u00e9nale terminale, ob\u00e9sit\u00e9, \u00e2ge avanc\u00e9 et enfants de plus de 3 ans. Deux modes de mesure: auscultatoire (manuel) [&hellip;]<\/p>\n","protected":false},"featured_media":33332,"comment_status":"open","ping_status":"closed","template":"","meta":[],"product_brand":[],"product_cat":[166],"product_tag":[],"class_list":{"0":"post-33333","1":"product","2":"type-product","3":"status-publish","4":"has-post-thumbnail","6":"product_cat-equipements-medicaux-et-chirurgicaux","8":"first","9":"instock","10":"taxable","11":"shipping-taxable","12":"purchasable","13":"product-type-simple"},"_links":{"self":[{"href":"https:\/\/promatmedical.com\/en\/wp-json\/wp\/v2\/product\/33333","targetHints":{"allow":["GET"]}}],"collection":[{"href":"https:\/\/promatmedical.com\/en\/wp-json\/wp\/v2\/product"}],"about":[{"href":"https:\/\/promatmedical.com\/en\/wp-json\/wp\/v2\/types\/product"}],"replies":[{"embeddable":true,"href":"https:\/\/promatmedical.com\/en\/wp-json\/wp\/v2\/comments?post=33333"}],"wp:featuredmedia":[{"embeddable":true,"href":"https:\/\/promatmedical.com\/en\/wp-json\/wp\/v2\/media\/33332"}],"wp:attachment":[{"href":"https:\/\/promatmedical.com\/en\/wp-json\/wp\/v2\/media?parent=33333"}],"wp:term":[{"taxonomy":"product_brand","embeddable":true,"href":"https:\/\/promatmedical.com\/en\/wp-json\/wp\/v2\/product_brand?post=33333"},{"taxonomy":"product_cat","embeddable":true,"href":"https:\/\/promatmedical.com\/en\/wp-json\/wp\/v2\/product_cat?post=33333"},{"taxonomy":"product_tag","embeddable":true,"href":"https:\/\/promatmedical.com\/en\/wp-json\/wp\/v2\/product_tag?post=33333"}],"curies":[{"name":"wp","href":"https:\/\/api.w.org\/{rel}","templated":true}]}}