{"id":33335,"date":"2025-03-21T11:10:54","date_gmt":"2025-03-21T10:10:54","guid":{"rendered":"https:\/\/promatmedical.com\/bj\/produit\/tensiometre-madrid\/"},"modified":"2025-03-21T11:10:54","modified_gmt":"2025-03-21T10:10:54","slug":"tensiometre-madrid","status":"publish","type":"product","link":"https:\/\/promatmedical.com\/en\/product\/tensiometre-madrid\/","title":{"rendered":"Tensiom\u00e8tre madrid"},"content":{"rendered":"<p>TENSIOM\u00c8TRE AN\u00c9RO\u00cfDE MADRID<\/p>\n<p>Tensiom\u00e8tre professionnel haut-de-gamme, \u00e9chelle de 0 \u00e0 300 mmHg. Deux modes d&#8217;utilisation pour droitiers et gauchers. Large cadran \u00d8 59,5 mm avec bague antichoc en PVC. Poign\u00e9e en alliage de zinc avec connecteur nickel\u00e9 m\u00e2le et femelle. Livr\u00e9 avec brassard de nylon pour adultes (22-32 cm) pourvu de bague en D, vessie \u00e0 1 tube en PVC, poire rainur\u00e9e en PVC, sac de nylon noir, bo\u00eete et mode d&#8217;emploi multilingue.<\/p>","protected":false},"excerpt":{"rendered":"<p>TENSIOM\u00c8TRE AN\u00c9RO\u00cfDE MADRID Tensiom\u00e8tre professionnel haut-de-gamme, \u00e9chelle de 0 \u00e0 300 mmHg. Deux modes d&#8217;utilisation pour droitiers et gauchers. Large cadran \u00d8 59,5 mm avec bague antichoc en PVC. Poign\u00e9e en alliage de zinc avec connecteur nickel\u00e9 m\u00e2le et femelle. Livr\u00e9 avec brassard de nylon pour adultes (22-32 cm) pourvu de bague en D, vessie [&hellip;]<\/p>\n","protected":false},"featured_media":33334,"comment_status":"open","ping_status":"closed","template":"","meta":[],"product_brand":[],"product_cat":[166],"product_tag":[],"class_list":{"0":"post-33335","1":"product","2":"type-product","3":"status-publish","4":"has-post-thumbnail","6":"product_cat-equipements-medicaux-et-chirurgicaux","8":"first","9":"instock","10":"taxable","11":"shipping-taxable","12":"purchasable","13":"product-type-simple"},"_links":{"self":[{"href":"https:\/\/promatmedical.com\/en\/wp-json\/wp\/v2\/product\/33335","targetHints":{"allow":["GET"]}}],"collection":[{"href":"https:\/\/promatmedical.com\/en\/wp-json\/wp\/v2\/product"}],"about":[{"href":"https:\/\/promatmedical.com\/en\/wp-json\/wp\/v2\/types\/product"}],"replies":[{"embeddable":true,"href":"https:\/\/promatmedical.com\/en\/wp-json\/wp\/v2\/comments?post=33335"}],"wp:featuredmedia":[{"embeddable":true,"href":"https:\/\/promatmedical.com\/en\/wp-json\/wp\/v2\/media\/33334"}],"wp:attachment":[{"href":"https:\/\/promatmedical.com\/en\/wp-json\/wp\/v2\/media?parent=33335"}],"wp:term":[{"taxonomy":"product_brand","embeddable":true,"href":"https:\/\/promatmedical.com\/en\/wp-json\/wp\/v2\/product_brand?post=33335"},{"taxonomy":"product_cat","embeddable":true,"href":"https:\/\/promatmedical.com\/en\/wp-json\/wp\/v2\/product_cat?post=33335"},{"taxonomy":"product_tag","embeddable":true,"href":"https:\/\/promatmedical.com\/en\/wp-json\/wp\/v2\/product_tag?post=33335"}],"curies":[{"name":"wp","href":"https:\/\/api.w.org\/{rel}","templated":true}]}}