{"id":33339,"date":"2025-03-21T11:11:08","date_gmt":"2025-03-21T10:11:08","guid":{"rendered":"https:\/\/promatmedical.com\/bj\/produit\/stethoscope-de-couleur-trad-rouge\/"},"modified":"2025-03-21T11:11:08","modified_gmt":"2025-03-21T10:11:08","slug":"stethoscope-de-couleur-trad-rouge","status":"publish","type":"product","link":"https:\/\/promatmedical.com\/en\/product\/stethoscope-de-couleur-trad-rouge\/","title":{"rendered":"St\u00e9thoscope de couleur trad &#8211; rouge"},"content":{"rendered":"<p>ST\u00c9THOSCOPES DE COULEUR TRAD &#8211; SANS LATEX<\/p>\n<p>&#8211; TRAD t\u00eate simple &#8211; rouge<\/p>\n<p>St\u00e9thoscopes de diff\u00e9rentes couleurs en aluminium, l\u00e9gers et<br \/>\nfiables. Pavillon \u00d8 43,5 mm, cloche \u00d8 30 mm (dimensions externes).<br \/>\nLyre en laiton.<br \/>\nTubulure: longueur 62 cm, \u00d8 int. 4 mm, \u00d8 ext. 8 mm.<br \/>\nLivr\u00e9s dans une bo\u00eete en carton.<br \/>\nMode d&#8217;emploi et bo\u00eete en 11 langues: GB, FR, IT, ES, DE, PT, GR, PL, HU, SE, Arabe.<\/p>","protected":false},"excerpt":{"rendered":"<p>ST\u00c9THOSCOPES DE COULEUR TRAD &#8211; SANS LATEX &#8211; TRAD t\u00eate simple &#8211; rouge St\u00e9thoscopes de diff\u00e9rentes couleurs en aluminium, l\u00e9gers et fiables. Pavillon \u00d8 43,5 mm, cloche \u00d8 30 mm (dimensions externes). Lyre en laiton. Tubulure: longueur 62 cm, \u00d8 int. 4 mm, \u00d8 ext. 8 mm. Livr\u00e9s dans une bo\u00eete en carton. Mode d&#8217;emploi [&hellip;]<\/p>\n","protected":false},"featured_media":33338,"comment_status":"open","ping_status":"closed","template":"","meta":[],"product_brand":[],"product_cat":[166],"product_tag":[],"class_list":{"0":"post-33339","1":"product","2":"type-product","3":"status-publish","4":"has-post-thumbnail","6":"product_cat-equipements-medicaux-et-chirurgicaux","8":"first","9":"instock","10":"taxable","11":"shipping-taxable","12":"purchasable","13":"product-type-simple"},"_links":{"self":[{"href":"https:\/\/promatmedical.com\/en\/wp-json\/wp\/v2\/product\/33339","targetHints":{"allow":["GET"]}}],"collection":[{"href":"https:\/\/promatmedical.com\/en\/wp-json\/wp\/v2\/product"}],"about":[{"href":"https:\/\/promatmedical.com\/en\/wp-json\/wp\/v2\/types\/product"}],"replies":[{"embeddable":true,"href":"https:\/\/promatmedical.com\/en\/wp-json\/wp\/v2\/comments?post=33339"}],"wp:featuredmedia":[{"embeddable":true,"href":"https:\/\/promatmedical.com\/en\/wp-json\/wp\/v2\/media\/33338"}],"wp:attachment":[{"href":"https:\/\/promatmedical.com\/en\/wp-json\/wp\/v2\/media?parent=33339"}],"wp:term":[{"taxonomy":"product_brand","embeddable":true,"href":"https:\/\/promatmedical.com\/en\/wp-json\/wp\/v2\/product_brand?post=33339"},{"taxonomy":"product_cat","embeddable":true,"href":"https:\/\/promatmedical.com\/en\/wp-json\/wp\/v2\/product_cat?post=33339"},{"taxonomy":"product_tag","embeddable":true,"href":"https:\/\/promatmedical.com\/en\/wp-json\/wp\/v2\/product_tag?post=33339"}],"curies":[{"name":"wp","href":"https:\/\/api.w.org\/{rel}","templated":true}]}}