{"id":33365,"date":"2025-03-21T11:13:26","date_gmt":"2025-03-21T10:13:26","guid":{"rendered":"https:\/\/promatmedical.com\/bj\/produit\/stethoscope-electronique-riester-ri-sonic-pcp-1-trrs-fiche-stereo-4313\/"},"modified":"2025-03-21T11:13:26","modified_gmt":"2025-03-21T10:13:26","slug":"stethoscope-electronique-riester-ri-sonic-pcp-1-trrs-fiche-stereo-4313","status":"publish","type":"product","link":"https:\/\/promatmedical.com\/en\/product\/stethoscope-electronique-riester-ri-sonic-pcp-1-trrs-fiche-stereo-4313\/","title":{"rendered":"St\u00e9thoscope \u00e9lectronique riester ri-sonic pcp-1 trrs &#8211; fiche st\u00e9reo &#8211; 4313"},"content":{"rendered":"<p>ST\u00c9THO \u00c9LECTRONIQUE RI-SONIC PCP-1 TRRS &#8211; fiche st\u00e9reo 4313<\/p>\n<p>Les st\u00e9thoscopes \u00e9lectroniques Riester Ri-sonic sont con\u00e7us pour permettre l&#8217;auscultation en temps r\u00e9el et \u00e0 distance.<\/p>\n<p>Le st\u00e9thoscope PCP-1 se branche directement dans le port microphone de tout smartphone, PC ou tablette et est utilisable uniquement avec l&#8217;Appli eMurmur.<\/p>\n<p>&#8211; la technologie pi\u00e9zo brevet\u00e9e d\u00e9tecte les sons corporels et r\u00e9duit au minimum les artefacts d&#8217;arri\u00e8re-plan<br \/>\n&#8211; les patients peuvent facilement utiliser le st\u00e9thoscope sur eux-m\u00eames, sous la guidance d&#8217;un m\u00e9decin<\/p>\n<p>Les st\u00e9thoscopes \u00e9lectroniques Ri-sonic permettent d&#8217;\u00e9couter les sons \u00e0 l&#8217;int\u00e9rieur du corps du patient, par exemple les bruits cardiaques, pulmonaires ou intestinaux.<\/p>","protected":false},"excerpt":{"rendered":"<p>ST\u00c9THO \u00c9LECTRONIQUE RI-SONIC PCP-1 TRRS &#8211; fiche st\u00e9reo 4313 Les st\u00e9thoscopes \u00e9lectroniques Riester Ri-sonic sont con\u00e7us pour permettre l&#8217;auscultation en temps r\u00e9el et \u00e0 distance. Le st\u00e9thoscope PCP-1 se branche directement dans le port microphone de tout smartphone, PC ou tablette et est utilisable uniquement avec l&#8217;Appli eMurmur. &#8211; la technologie pi\u00e9zo brevet\u00e9e d\u00e9tecte les [&hellip;]<\/p>\n","protected":false},"featured_media":33364,"comment_status":"open","ping_status":"closed","template":"","meta":[],"product_brand":[],"product_cat":[166],"product_tag":[],"class_list":{"0":"post-33365","1":"product","2":"type-product","3":"status-publish","4":"has-post-thumbnail","6":"product_cat-equipements-medicaux-et-chirurgicaux","8":"first","9":"instock","10":"taxable","11":"shipping-taxable","12":"purchasable","13":"product-type-simple"},"_links":{"self":[{"href":"https:\/\/promatmedical.com\/en\/wp-json\/wp\/v2\/product\/33365","targetHints":{"allow":["GET"]}}],"collection":[{"href":"https:\/\/promatmedical.com\/en\/wp-json\/wp\/v2\/product"}],"about":[{"href":"https:\/\/promatmedical.com\/en\/wp-json\/wp\/v2\/types\/product"}],"replies":[{"embeddable":true,"href":"https:\/\/promatmedical.com\/en\/wp-json\/wp\/v2\/comments?post=33365"}],"wp:featuredmedia":[{"embeddable":true,"href":"https:\/\/promatmedical.com\/en\/wp-json\/wp\/v2\/media\/33364"}],"wp:attachment":[{"href":"https:\/\/promatmedical.com\/en\/wp-json\/wp\/v2\/media?parent=33365"}],"wp:term":[{"taxonomy":"product_brand","embeddable":true,"href":"https:\/\/promatmedical.com\/en\/wp-json\/wp\/v2\/product_brand?post=33365"},{"taxonomy":"product_cat","embeddable":true,"href":"https:\/\/promatmedical.com\/en\/wp-json\/wp\/v2\/product_cat?post=33365"},{"taxonomy":"product_tag","embeddable":true,"href":"https:\/\/promatmedical.com\/en\/wp-json\/wp\/v2\/product_tag?post=33365"}],"curies":[{"name":"wp","href":"https:\/\/api.w.org\/{rel}","templated":true}]}}