{"id":33372,"date":"2025-03-21T11:14:04","date_gmt":"2025-03-21T10:14:04","guid":{"rendered":"https:\/\/promatmedical.com\/bj\/produit\/3m-stethoscope-a-patient-unique-pediatrique-sps-yp1100-jaune\/"},"modified":"2025-03-21T11:14:04","modified_gmt":"2025-03-21T10:14:04","slug":"3m-stethoscope-a-single-pediatric-patient-sps-yp1100-yellow","status":"publish","type":"product","link":"https:\/\/promatmedical.com\/en\/product\/3m-stethoscope-a-single-pediatric-patient-sps-yp1100-yellow\/","title":{"rendered":"3M Pediatric Single Patient Stethoscope \u2013 SPS-YP1100 \u2013 Yellow"},"content":{"rendered":"<p>3M\u2122 Single Patient Stethoscopes \u2013 30-Inch Length<\/p>\n<p>\u2022 3M code: SPS-YP1100<br \/>\n\u2022 Pediatrics \u2013 Pavilion \u00d8 36.2 mm<br \/>\n\u2022 Box of 100<\/p>\n<p>3M\u2122 has developed a new stethoscope, which combines advanced acoustics and infection prevention.<br \/>\nDesigned for use on a single adult or pediatric patient in an isolation area, it is eliminated after use, thus reducing the potential risks of cross-contamination, which may occur with reusable stethoscopes.<\/p>\n<p>\u2013 High quality acoustics, clarity and sound reliability<br \/>\n\u2013 Soft and flexible ear tips isolate noises<br \/>\n\u2013 The pressure-sensitive membrane allows you to listen to sounds at high and low frequency, varying the pressure on the headliner<br \/>\n\u2013 Flexible lyre and corner branches provide excellent grip<br \/>\n\u2013 Flexible tubing to easily move and position the roof<br \/>\n\u2013 Easily cast truss for multiple hand positions<\/p>","protected":false},"excerpt":{"rendered":"<p>ST\u00c9THOSCOPES \u00c0 PATIENT UNIQUE 3M\u2122 &#8211; longueur 72,4 cm \u2022 Code 3M: SPS-YP1100 \u2022 P\u00e9diatriques &#8211; pavillon \u00d8 36,2 mm \u2022 Bo\u00eete de 100 3M\u2122 a d\u00e9velopp\u00e9 un nouveau st\u00e9thoscope, qui combine l&#8217;acoustique avanc\u00e9e et la pr\u00e9vention des infections. Con\u00e7u pour usage sur un seul patient adulte ou p\u00e9diatrique dans une zone d&#8217;isolement, il est [&hellip;]<\/p>\n","protected":false},"featured_media":33370,"comment_status":"open","ping_status":"closed","template":"","meta":[],"product_brand":[],"product_cat":[166],"product_tag":[],"class_list":{"0":"post-33372","1":"product","2":"type-product","3":"status-publish","4":"has-post-thumbnail","6":"product_cat-equipements-medicaux-et-chirurgicaux","8":"first","9":"instock","10":"taxable","11":"shipping-taxable","12":"purchasable","13":"product-type-simple"},"_links":{"self":[{"href":"https:\/\/promatmedical.com\/en\/wp-json\/wp\/v2\/product\/33372","targetHints":{"allow":["GET"]}}],"collection":[{"href":"https:\/\/promatmedical.com\/en\/wp-json\/wp\/v2\/product"}],"about":[{"href":"https:\/\/promatmedical.com\/en\/wp-json\/wp\/v2\/types\/product"}],"replies":[{"embeddable":true,"href":"https:\/\/promatmedical.com\/en\/wp-json\/wp\/v2\/comments?post=33372"}],"wp:featuredmedia":[{"embeddable":true,"href":"https:\/\/promatmedical.com\/en\/wp-json\/wp\/v2\/media\/33370"}],"wp:attachment":[{"href":"https:\/\/promatmedical.com\/en\/wp-json\/wp\/v2\/media?parent=33372"}],"wp:term":[{"taxonomy":"product_brand","embeddable":true,"href":"https:\/\/promatmedical.com\/en\/wp-json\/wp\/v2\/product_brand?post=33372"},{"taxonomy":"product_cat","embeddable":true,"href":"https:\/\/promatmedical.com\/en\/wp-json\/wp\/v2\/product_cat?post=33372"},{"taxonomy":"product_tag","embeddable":true,"href":"https:\/\/promatmedical.com\/en\/wp-json\/wp\/v2\/product_tag?post=33372"}],"curies":[{"name":"wp","href":"https:\/\/api.w.org\/{rel}","templated":true}]}}