{"id":33414,"date":"2025-03-21T11:17:06","date_gmt":"2025-03-21T10:17:06","guid":{"rendered":"https:\/\/promatmedical.com\/bj\/produit\/embout-auriculaire-borde-sanibel-adi-pour-enfants-4-7-mm-bleu\/"},"modified":"2025-03-21T11:17:06","modified_gmt":"2025-03-21T10:17:06","slug":"embout-auriculaire-borde-sanibel-adi-pour-enfants-4-7-mm-bleu","status":"publish","type":"product","link":"https:\/\/promatmedical.com\/en\/product\/embout-auriculaire-borde-sanibel-adi-pour-enfants-4-7-mm-bleu\/","title":{"rendered":"Embout auriculaire bord\u00e9 sanibel adi pour enfants 4-7 mm &#8211; bleu"},"content":{"rendered":"<p>OLIVES NOUVEAU-N\u00c9S BRID\u00c9ES SANIBEL\u2122<\/p>\n<p>Olive 4-7 mm &#8211; bleu<\/p>\n<p>Les olives SANIBEL\u2122 sont sp\u00e9cialement con\u00e7ues pour l\u2019utilisation avec les instruments acoustiques et les syst\u00e8mes d\u2019\u00e9mission oto-acoustiques. Fabriqu\u00e9es avec un mat\u00e9riau biocompatible doux et collant, elles sont parfaites pour assurer un scellage optimal qui permet au testeur de continuer rapidement d\u2019autres t\u00e2ches. Disponibles dans diff\u00e9rentes mesures et formes (en forme de champignon ou brid\u00e9es pour les nouveau-n\u00e9s). La gamme compl\u00e8te permet de s\u2019adapter \u00e0 tout type et dimension de conduit auditif. Toutes les olives Sanibel\u2122 sont sans latex.<\/p>","protected":false},"excerpt":{"rendered":"<p>OLIVES NOUVEAU-N\u00c9S BRID\u00c9ES SANIBEL\u2122 Olive 4-7 mm &#8211; bleu Les olives SANIBEL\u2122 sont sp\u00e9cialement con\u00e7ues pour l\u2019utilisation avec les instruments acoustiques et les syst\u00e8mes d\u2019\u00e9mission oto-acoustiques. Fabriqu\u00e9es avec un mat\u00e9riau biocompatible doux et collant, elles sont parfaites pour assurer un scellage optimal qui permet au testeur de continuer rapidement d\u2019autres t\u00e2ches. Disponibles dans diff\u00e9rentes mesures [&hellip;]<\/p>\n","protected":false},"featured_media":33413,"comment_status":"open","ping_status":"closed","template":"","meta":[],"product_brand":[],"product_cat":[166],"product_tag":[],"class_list":{"0":"post-33414","1":"product","2":"type-product","3":"status-publish","4":"has-post-thumbnail","6":"product_cat-equipements-medicaux-et-chirurgicaux","8":"first","9":"instock","10":"taxable","11":"shipping-taxable","12":"purchasable","13":"product-type-simple"},"_links":{"self":[{"href":"https:\/\/promatmedical.com\/en\/wp-json\/wp\/v2\/product\/33414","targetHints":{"allow":["GET"]}}],"collection":[{"href":"https:\/\/promatmedical.com\/en\/wp-json\/wp\/v2\/product"}],"about":[{"href":"https:\/\/promatmedical.com\/en\/wp-json\/wp\/v2\/types\/product"}],"replies":[{"embeddable":true,"href":"https:\/\/promatmedical.com\/en\/wp-json\/wp\/v2\/comments?post=33414"}],"wp:featuredmedia":[{"embeddable":true,"href":"https:\/\/promatmedical.com\/en\/wp-json\/wp\/v2\/media\/33413"}],"wp:attachment":[{"href":"https:\/\/promatmedical.com\/en\/wp-json\/wp\/v2\/media?parent=33414"}],"wp:term":[{"taxonomy":"product_brand","embeddable":true,"href":"https:\/\/promatmedical.com\/en\/wp-json\/wp\/v2\/product_brand?post=33414"},{"taxonomy":"product_cat","embeddable":true,"href":"https:\/\/promatmedical.com\/en\/wp-json\/wp\/v2\/product_cat?post=33414"},{"taxonomy":"product_tag","embeddable":true,"href":"https:\/\/promatmedical.com\/en\/wp-json\/wp\/v2\/product_tag?post=33414"}],"curies":[{"name":"wp","href":"https:\/\/api.w.org\/{rel}","templated":true}]}}