{"id":33451,"date":"2025-03-21T11:19:56","date_gmt":"2025-03-21T10:19:56","guid":{"rendered":"https:\/\/promatmedical.com\/bj\/produit\/dispositif-de-ventilation-pap-cpap\/"},"modified":"2025-03-21T11:19:56","modified_gmt":"2025-03-21T10:19:56","slug":"dispositif-de-ventilation-pap-cpap","status":"publish","type":"product","link":"https:\/\/promatmedical.com\/en\/product\/dispositif-de-ventilation-pap-cpap\/","title":{"rendered":"Dispositif de ventilation pap- cpap"},"content":{"rendered":"<p>DISPOSITIF PAP DE VENTILATION &#8211; CPAP<\/p>\n<p>Les dispositifs pap de ventilation repr\u00e9sentent la solution nocturne id\u00e9ale pour les patients souffrant de probl\u00e8mes respiratoires.<br \/>\nLes appareils PAP (Positive Airway pressure, en fran\u00e7ais Pression Positive d\u2019Air) ont des compresseurs d\u2019air qui soufflent en permanence de l\u2019air comprim\u00e9 dans les voies respiratoires du patient afin d\u2019en \u00e9viter l\u2019effondrement.<\/p>\n<p>CPAP: dispositif de pression positive d\u2019air continue<\/p>\n<p>Am\u00e9liore la qualit\u00e9 du sommeil<br \/>\nNe provoque aucun traumatisme, s\u00fbr et confortable<\/p>\n<p>Facile \u00e0 utiliser, avec tr\u00e8s peu d\u2019inconfort<\/p>\n<p>\u00f9Silencieux, bruit = 28 dB<br \/>\nTr\u00e8s silencieux gr\u00e2ce \u00e0 4 m\u00e9thodes qui r\u00e9duisent le niveau du bruit.<\/p>\n<p>Durable 20 000 heures de fonctionnement.<\/p>\n<p>Confortable bas\u00e9 sur plusieurs ann\u00e9es d\u2019\u00e9tudes cliniques, il permet de r\u00e9duire de mani\u00e8re consid\u00e9rable la pression moyenne et am\u00e9liore la th\u00e9rapie.<\/p>\n<p>Connexion au concentrateur d\u2019oxyg\u00e8ne afin de fournir de l\u2019oxyg\u00e8ne \u00e0 travers le masque pour aider \u00e0 gu\u00e9rir les sympt\u00f4mes d\u2019 hypercapnie.<\/p>\n<p>Logiciel en GB, IT. Livr\u00e9 avec sac de transport, 2 filtres, tube pour l\u2019air, humidificateur chauffant, masque nasal, adaptateur, c\u00e2ble et mode d\u2019emploi (GB, IT).<\/p>","protected":false},"excerpt":{"rendered":"<p>DISPOSITIF PAP DE VENTILATION &#8211; CPAP Les dispositifs pap de ventilation repr\u00e9sentent la solution nocturne id\u00e9ale pour les patients souffrant de probl\u00e8mes respiratoires. Les appareils PAP (Positive Airway pressure, en fran\u00e7ais Pression Positive d\u2019Air) ont des compresseurs d\u2019air qui soufflent en permanence de l\u2019air comprim\u00e9 dans les voies respiratoires du patient afin d\u2019en \u00e9viter l\u2019effondrement. [&hellip;]<\/p>\n","protected":false},"featured_media":33450,"comment_status":"open","ping_status":"closed","template":"","meta":[],"product_brand":[],"product_cat":[166],"product_tag":[],"class_list":{"0":"post-33451","1":"product","2":"type-product","3":"status-publish","4":"has-post-thumbnail","6":"product_cat-equipements-medicaux-et-chirurgicaux","8":"first","9":"instock","10":"taxable","11":"shipping-taxable","12":"purchasable","13":"product-type-simple"},"_links":{"self":[{"href":"https:\/\/promatmedical.com\/en\/wp-json\/wp\/v2\/product\/33451","targetHints":{"allow":["GET"]}}],"collection":[{"href":"https:\/\/promatmedical.com\/en\/wp-json\/wp\/v2\/product"}],"about":[{"href":"https:\/\/promatmedical.com\/en\/wp-json\/wp\/v2\/types\/product"}],"replies":[{"embeddable":true,"href":"https:\/\/promatmedical.com\/en\/wp-json\/wp\/v2\/comments?post=33451"}],"wp:featuredmedia":[{"embeddable":true,"href":"https:\/\/promatmedical.com\/en\/wp-json\/wp\/v2\/media\/33450"}],"wp:attachment":[{"href":"https:\/\/promatmedical.com\/en\/wp-json\/wp\/v2\/media?parent=33451"}],"wp:term":[{"taxonomy":"product_brand","embeddable":true,"href":"https:\/\/promatmedical.com\/en\/wp-json\/wp\/v2\/product_brand?post=33451"},{"taxonomy":"product_cat","embeddable":true,"href":"https:\/\/promatmedical.com\/en\/wp-json\/wp\/v2\/product_cat?post=33451"},{"taxonomy":"product_tag","embeddable":true,"href":"https:\/\/promatmedical.com\/en\/wp-json\/wp\/v2\/product_tag?post=33451"}],"curies":[{"name":"wp","href":"https:\/\/api.w.org\/{rel}","templated":true}]}}