{"id":33503,"date":"2025-03-21T11:24:20","date_gmt":"2025-03-21T10:24:20","guid":{"rendered":"https:\/\/promatmedical.com\/bj\/produit\/cable-patient-ecg-22-m-banana-compatible-avec-ge-marquette\/"},"modified":"2025-03-21T11:24:20","modified_gmt":"2025-03-21T10:24:20","slug":"cable-patient-ecg-22-m-banana-compatible-avec-ge-marquette","status":"publish","type":"product","link":"https:\/\/promatmedical.com\/en\/product\/cable-patient-ecg-22-m-banana-compatible-avec-ge-marquette\/","title":{"rendered":"C\u00e2ble patient ecg 2,2 m &#8211; banana &#8211; compatible avec ge marquette"},"content":{"rendered":"<p>C\u00c2BLE ECG DU PATIENT 10 D\u00c9RIVATIONS<\/p>\n<p>\u2022 D\u00e9rivations: Banana<br \/>\n\u2022 Longueur c\u00e2ble (Longueur \u00e0 partir du connecteur jusqu\u2019au joug du c\u00e2ble): 2,2 m<\/p>\n<p>COMPATIBILIT\u00c9 (MARQUE ET MOD\u00c8LES)<br \/>\n\u2022 MARQUETTE: MAC 400, 500, 600, 800, 1000, 1100, 1200, 1600, 2000, 3500<\/p>\n<p>C\u00e2bles du patient compatibles pour \u00e9lectrocardiographie et \u00e9preuve d\u2019effort.<br \/>\nPour assurer la s\u00e9curit\u00e9 du patient en toute circonstance, tous les c\u00e2bles ont \u00e9t\u00e9 pourvus d\u2019une protection ind\u00e9pendente contre la d\u00e9fibrillation.<br \/>\nLa qualit\u00e9 est garantie par le design, par le proc\u00e8s de fabrication et par les tests finaux effectu\u00e9s \u00e0 travers des stations de travail informatis\u00e9es.<\/p>\n<p>Longueur standard du c\u00e2ble de 2,2 m (\u00e0 partir du connecteur jusqu\u2019au joug du c\u00e2ble), d\u00e9rivations poitrine 0,76 m, d\u00e9rivations membres 1,2 m.<br \/>\nQuelques c\u00e2bles ont 3,5 m de long pour am\u00e9liorer l\u2019usabilit\u00e9 dans les \u00e9preuves d\u2019effort.<br \/>\nInstructions multilingues: GB, FR, IT, ES, PT, DE, GR, RO.<\/p>","protected":false},"excerpt":{"rendered":"<p>C\u00c2BLE ECG DU PATIENT 10 D\u00c9RIVATIONS \u2022 D\u00e9rivations: Banana \u2022 Longueur c\u00e2ble (Longueur \u00e0 partir du connecteur jusqu\u2019au joug du c\u00e2ble): 2,2 m COMPATIBILIT\u00c9 (MARQUE ET MOD\u00c8LES) \u2022 MARQUETTE: MAC 400, 500, 600, 800, 1000, 1100, 1200, 1600, 2000, 3500 C\u00e2bles du patient compatibles pour \u00e9lectrocardiographie et \u00e9preuve d\u2019effort. Pour assurer la s\u00e9curit\u00e9 du patient [&hellip;]<\/p>\n","protected":false},"featured_media":33502,"comment_status":"open","ping_status":"closed","template":"","meta":[],"product_brand":[],"product_cat":[166],"product_tag":[],"class_list":{"0":"post-33503","1":"product","2":"type-product","3":"status-publish","4":"has-post-thumbnail","6":"product_cat-equipements-medicaux-et-chirurgicaux","8":"first","9":"instock","10":"taxable","11":"shipping-taxable","12":"purchasable","13":"product-type-simple"},"_links":{"self":[{"href":"https:\/\/promatmedical.com\/en\/wp-json\/wp\/v2\/product\/33503","targetHints":{"allow":["GET"]}}],"collection":[{"href":"https:\/\/promatmedical.com\/en\/wp-json\/wp\/v2\/product"}],"about":[{"href":"https:\/\/promatmedical.com\/en\/wp-json\/wp\/v2\/types\/product"}],"replies":[{"embeddable":true,"href":"https:\/\/promatmedical.com\/en\/wp-json\/wp\/v2\/comments?post=33503"}],"wp:featuredmedia":[{"embeddable":true,"href":"https:\/\/promatmedical.com\/en\/wp-json\/wp\/v2\/media\/33502"}],"wp:attachment":[{"href":"https:\/\/promatmedical.com\/en\/wp-json\/wp\/v2\/media?parent=33503"}],"wp:term":[{"taxonomy":"product_brand","embeddable":true,"href":"https:\/\/promatmedical.com\/en\/wp-json\/wp\/v2\/product_brand?post=33503"},{"taxonomy":"product_cat","embeddable":true,"href":"https:\/\/promatmedical.com\/en\/wp-json\/wp\/v2\/product_cat?post=33503"},{"taxonomy":"product_tag","embeddable":true,"href":"https:\/\/promatmedical.com\/en\/wp-json\/wp\/v2\/product_tag?post=33503"}],"curies":[{"name":"wp","href":"https:\/\/api.w.org\/{rel}","templated":true}]}}