{"id":33513,"date":"2025-03-21T11:25:11","date_gmt":"2025-03-21T10:25:11","guid":{"rendered":"https:\/\/promatmedical.com\/bj\/produit\/cable-patient-ecg-35-m-snap-compatibilite-universelle\/"},"modified":"2025-03-21T11:25:11","modified_gmt":"2025-03-21T10:25:11","slug":"cable-patient-ecg-35-m-snap-compatibilite-universelle","status":"publish","type":"product","link":"https:\/\/promatmedical.com\/en\/product\/cable-patient-ecg-35-m-snap-compatibilite-universelle\/","title":{"rendered":"C\u00e2ble patient ecg 3,5 m &#8211; snap &#8211; compatibilit\u00e9 universelle"},"content":{"rendered":"<p>C\u00c2BLE ECG DU PATIENT 10 D\u00c9RIVATIONS<\/p>\n<p>\u2022 D\u00e9rivations: Snap<br \/>\n\u2022 Longueur c\u00e2ble (Longueur \u00e0 partir du connecteur jusqu\u2019au joug du c\u00e2ble): 3,5 m<\/p>\n<p>COMPATIBILIT\u00c9 (MARQUE ET MOD\u00c8LES)<br \/>\n\u2022 ASPEL: Tous les mod\u00e8les avec connecteur Dsub 15 broches et vis<br \/>\n\u2022 BIONET: Cardiocare 2000, Cardiotouch 3000, Cardio 7, Cardio 7_S, Cardiocare 3000_S<br \/>\n\u2022 BTL: BTL-08 L, M, S series, CardioPoint-ECG C300 et C600, CardioPoint-ERGO C300 et C600<br \/>\n\u2022 GIMA: Cardiopocket, Smart SE-1, -3, -6, -12 Express, Gimaplay 1, Cardiogima 1M, 3M, 6M, 12, 12M, Colour ECG, PC-ECG 33320, 33321; Acquisition box series MGY. Tous les mod\u00e8les avec connecteur Dsub 15 broches<br \/>\n\u2022 INNOMED: Heart Mirror &#038; Heart Screen series. Cardio PC\/E<br \/>\n\u2022 M4MEDICAL: M-trace PC, EX, 5.7&#8243;, mini<br \/>\n\u2022 MACQUAIRE: CT-100, -200, -200i, -200CV<br \/>\n\u2022 MEDICAL ECONET: Cardio-M, Cardio-M plus, Cardio-MPC, Cardio E3<br \/>\n\u2022 MORETTI DIMED: Pc-ecg Seiva et tous les mod\u00e8les avec connecteur Dsub 15 broches<br \/>\n\u2022 PROGETTI: MyECG, PG ECG et tous les mod\u00e8les avec connecteur Dsub 15 broches<br \/>\n\u2022 SPACELABS: CardioDirect C012 US8, CD12-S USB; Cardiotrack 12, Cardiocollect, Voyager V6, V12<br \/>\n\u2022 SPENGLER: Cardiomate 3, Cardiomate 6, Cardiomate 12<\/p>\n<p>C\u00e2bles du patient compatibles pour \u00e9lectrocardiographie et \u00e9preuve d\u2019effort.<br \/>\nPour assurer la s\u00e9curit\u00e9 du patient en toute circonstance, tous les c\u00e2bles ont \u00e9t\u00e9 pourvus d\u2019une protection ind\u00e9pendente contre la d\u00e9fibrillation.<br \/>\nLa qualit\u00e9 est garantie par le design, par le proc\u00e8s de fabrication et par les tests finaux effectu\u00e9s \u00e0 travers des stations de travail informatis\u00e9es.<\/p>\n<p>Longueur standard du c\u00e2ble de 2,2 m (\u00e0 partir du connecteur jusqu\u2019au joug du c\u00e2ble), d\u00e9rivations poitrine 0,76 m, d\u00e9rivations membres 1,2 m.<br \/>\nQuelques c\u00e2bles ont 3,5 m de long pour am\u00e9liorer l\u2019usabilit\u00e9 dans les \u00e9preuves d\u2019effort.<br \/>\nInstructions multilingues: GB, FR, IT, ES, PT, DE, GR, RO.<\/p>","protected":false},"excerpt":{"rendered":"<p>C\u00c2BLE ECG DU PATIENT 10 D\u00c9RIVATIONS \u2022 D\u00e9rivations: Snap \u2022 Longueur c\u00e2ble (Longueur \u00e0 partir du connecteur jusqu\u2019au joug du c\u00e2ble): 3,5 m COMPATIBILIT\u00c9 (MARQUE ET MOD\u00c8LES) \u2022 ASPEL: Tous les mod\u00e8les avec connecteur Dsub 15 broches et vis \u2022 BIONET: Cardiocare 2000, Cardiotouch 3000, Cardio 7, Cardio 7_S, Cardiocare 3000_S \u2022 BTL: BTL-08 L, [&hellip;]<\/p>\n","protected":false},"featured_media":33512,"comment_status":"open","ping_status":"closed","template":"","meta":[],"product_brand":[],"product_cat":[166],"product_tag":[],"class_list":{"0":"post-33513","1":"product","2":"type-product","3":"status-publish","4":"has-post-thumbnail","6":"product_cat-equipements-medicaux-et-chirurgicaux","8":"first","9":"instock","10":"taxable","11":"shipping-taxable","12":"purchasable","13":"product-type-simple"},"_links":{"self":[{"href":"https:\/\/promatmedical.com\/en\/wp-json\/wp\/v2\/product\/33513","targetHints":{"allow":["GET"]}}],"collection":[{"href":"https:\/\/promatmedical.com\/en\/wp-json\/wp\/v2\/product"}],"about":[{"href":"https:\/\/promatmedical.com\/en\/wp-json\/wp\/v2\/types\/product"}],"replies":[{"embeddable":true,"href":"https:\/\/promatmedical.com\/en\/wp-json\/wp\/v2\/comments?post=33513"}],"wp:featuredmedia":[{"embeddable":true,"href":"https:\/\/promatmedical.com\/en\/wp-json\/wp\/v2\/media\/33512"}],"wp:attachment":[{"href":"https:\/\/promatmedical.com\/en\/wp-json\/wp\/v2\/media?parent=33513"}],"wp:term":[{"taxonomy":"product_brand","embeddable":true,"href":"https:\/\/promatmedical.com\/en\/wp-json\/wp\/v2\/product_brand?post=33513"},{"taxonomy":"product_cat","embeddable":true,"href":"https:\/\/promatmedical.com\/en\/wp-json\/wp\/v2\/product_cat?post=33513"},{"taxonomy":"product_tag","embeddable":true,"href":"https:\/\/promatmedical.com\/en\/wp-json\/wp\/v2\/product_tag?post=33513"}],"curies":[{"name":"wp","href":"https:\/\/api.w.org\/{rel}","templated":true}]}}