{"id":33551,"date":"2025-03-21T11:28:47","date_gmt":"2025-03-21T10:28:47","guid":{"rendered":"https:\/\/promatmedical.com\/bj\/produit\/enregistreur-ecg-dynamique-168-h\/"},"modified":"2025-03-21T11:28:47","modified_gmt":"2025-03-21T10:28:47","slug":"enregistreur-ecg-dynamique-168-h","status":"publish","type":"product","link":"https:\/\/promatmedical.com\/en\/product\/enregistreur-ecg-dynamique-168-h\/","title":{"rendered":"Enregistreur ecg dynamique 168 h"},"content":{"rendered":"<p>ENREGISTREUR ECG DYNAMIQUE 168 H<\/p>\n<p>Enregistreur ECG portable con\u00e7u pour mesurer, examiner et m\u00e9moriser les donn\u00e9es ECG des adultes, \u00e0 domicile ou dans un environnement m\u00e9dical. Il affiche le trac\u00e9 ECG, la fr\u00e9quence cardiaque et l&#8217;\u00e9tat de charge de la batterie.<\/p>\n<p>&#8211; \u00e9cran 0,49\u201d<br \/>\n&#8211; 18 g, forme ergonomique et mat\u00e9riau flexible<br \/>\n&#8211; surveillance du rythme cardiaque anormal<br \/>\n&#8211; jusqu&#8217;\u00e0 7 jours de surveillance ECG en temps r\u00e9el<br \/>\n&#8211; les donn\u00e9es peuvent \u00eatre transmises au smartphone moyennant Bluetooth<br \/>\n&#8211; Appli ViHealth gratuite et logiciel d&#8217;analyse AI ECG pour surveillance ECG en temps r\u00e9el (emploi domestique)<br \/>\n&#8211; logiciel de suivi AI ECG optionnel pour emploi professionnel (54315)<\/p>\n<p>Fourni avec c\u00e2ble de recharge, 10 \u00e9lectrodes ECG jetables (3,5 mm), logiciel d&#8217;analyse AI ECG et mode d&#8217;emploi multilingue en GB, FR, IT, ES, DE.<\/p>\n<p>Logiciel d&#8217;analyse AI ECG pour emploi domestique<br \/>\nLogiciel de gestion des donn\u00e9es pour afficher, m\u00e9moriser, imprimer et obtenir des rapports d\u00e9taill\u00e9s automatiques des donn\u00e9es ECG. Aucune fonction de diagnostic, analyse, modification et ainsi de suite. Adapt\u00e9 pour l&#8217;usage personnel \u00e0 domicile. Les rapports PDF peuvent \u00eatre partag\u00e9s avec les m\u00e9decins pour l&#8217;\u00e9valuation et le diagnostic.<\/p>","protected":false},"excerpt":{"rendered":"<p>ENREGISTREUR ECG DYNAMIQUE 168 H Enregistreur ECG portable con\u00e7u pour mesurer, examiner et m\u00e9moriser les donn\u00e9es ECG des adultes, \u00e0 domicile ou dans un environnement m\u00e9dical. Il affiche le trac\u00e9 ECG, la fr\u00e9quence cardiaque et l&#8217;\u00e9tat de charge de la batterie. &#8211; \u00e9cran 0,49\u201d &#8211; 18 g, forme ergonomique et mat\u00e9riau flexible &#8211; surveillance du [&hellip;]<\/p>\n","protected":false},"featured_media":18466,"comment_status":"open","ping_status":"closed","template":"","meta":[],"product_brand":[],"product_cat":[166],"product_tag":[],"class_list":{"0":"post-33551","1":"product","2":"type-product","3":"status-publish","4":"has-post-thumbnail","6":"product_cat-equipements-medicaux-et-chirurgicaux","8":"first","9":"instock","10":"taxable","11":"shipping-taxable","12":"purchasable","13":"product-type-simple"},"_links":{"self":[{"href":"https:\/\/promatmedical.com\/en\/wp-json\/wp\/v2\/product\/33551","targetHints":{"allow":["GET"]}}],"collection":[{"href":"https:\/\/promatmedical.com\/en\/wp-json\/wp\/v2\/product"}],"about":[{"href":"https:\/\/promatmedical.com\/en\/wp-json\/wp\/v2\/types\/product"}],"replies":[{"embeddable":true,"href":"https:\/\/promatmedical.com\/en\/wp-json\/wp\/v2\/comments?post=33551"}],"wp:featuredmedia":[{"embeddable":true,"href":"https:\/\/promatmedical.com\/en\/wp-json\/wp\/v2\/media\/18466"}],"wp:attachment":[{"href":"https:\/\/promatmedical.com\/en\/wp-json\/wp\/v2\/media?parent=33551"}],"wp:term":[{"taxonomy":"product_brand","embeddable":true,"href":"https:\/\/promatmedical.com\/en\/wp-json\/wp\/v2\/product_brand?post=33551"},{"taxonomy":"product_cat","embeddable":true,"href":"https:\/\/promatmedical.com\/en\/wp-json\/wp\/v2\/product_cat?post=33551"},{"taxonomy":"product_tag","embeddable":true,"href":"https:\/\/promatmedical.com\/en\/wp-json\/wp\/v2\/product_tag?post=33551"}],"curies":[{"name":"wp","href":"https:\/\/api.w.org\/{rel}","templated":true}]}}