{"id":33561,"date":"2025-03-21T11:29:46","date_gmt":"2025-03-21T10:29:46","guid":{"rendered":"https:\/\/promatmedical.com\/bj\/produit\/moniteur-de-signes-vitaux-aiview-vs-tablet\/"},"modified":"2025-03-21T11:29:46","modified_gmt":"2025-03-21T10:29:46","slug":"moniteur-de-signes-vitaux-aiview-vs-tablet","status":"publish","type":"product","link":"https:\/\/promatmedical.com\/en\/product\/moniteur-de-signes-vitaux-aiview-vs-tablet\/","title":{"rendered":"Moniteur de signes vitaux aiview vs tablet"},"content":{"rendered":"<p>MONITEUR DE SIGNES VITAUX AIVIEW VS TABLET &#8211; adultes, p\u00e9diatrique<br \/>\nECG, TEMP, SpO2, PR, NIBP.<\/p>\n<p>POUR PATIENTS AMBULATOIRES, POSTES DE TRIAGE, URGENCES, TOURS DES PATIENTS.<\/p>\n<p>Les moniteurs portables AIView sont bas\u00e9s sur une technologie de pointe et un design innovant et brevet\u00e9 pour optimiser le travail des op\u00e9rateurs de sant\u00e9 et am\u00e9liorer leur efficience. Con\u00e7us pour surveiller, afficher, analyser et m\u00e9moriser plusieurs param\u00e8tres physiologiques: ECG, TEMP, SpO2, PR et NIBP. Plusieurs combinaisons de fonctions et param\u00e8tres peuvent satisfaire les exigences de situations cliniques diff\u00e9rentes.<\/p>\n<p>&#8211; unit\u00e9s principales tr\u00e8s minces (2,2 cm) avec poign\u00e9e cach\u00e9e<br \/>\n&#8211; extr\u00eame l\u00e9g\u00e8ret\u00e9 et forme de tablette: 1,35 kg (batterie comprise)<br \/>\n&#8211; structure monobloc avec accessoires: un c\u00e2ble pour connecter 4\/5 d\u00e9rivations d&#8217;ECG, capteur SpO2 et capteur TEMP<br \/>\n&#8211; score d&#8217;alerte pr\u00e9coce EWS (Early Warning Score) pour d\u00e9tecter les premiers signes d&#8217;aggravation clinique, conform\u00e9ment aux scores internationaux d&#8217;alerte pr\u00e9coce NEWS2, MEWS, CART<br \/>\n&#8211; \u00e9cran tactile 10,1\u201d \u00e0 haute r\u00e9solution: 1280&#215;800 pixels<br \/>\n&#8211; interface intuitive: un maximum de 2 passages pour acc\u00e9der \u00e0 la plupart des fonctions<br \/>\n&#8211; cam\u00e9ra scanner int\u00e9gr\u00e9e: insertion rapide des informations du patient<br \/>\n&#8211; innovante pompe NIBP \u00e0 clapet<\/p>\n<p>Moniteur AIView VS pour le contr\u00f4le par \u00e9chantillon<br \/>\nDeux modes de fonctionnement: mode contr\u00f4le par \u00e9chantillon et mode tour des patients.<br \/>\n&#8211; Mode contr\u00f4le par \u00e9chantillon: enregistrement rapide des signes vitaux, m\u00e9morisation par un seul clic et passage au patient suivant.<br \/>\n&#8211; Mode tour des patients: pr\u00e9paration des enregistrements des informations m\u00e9dicales du patient avant le tour, pour acc\u00e9l\u00e9rer ce dernier aussi bien que la modification des enregistrements.<\/p>\n<p>AIView VS supporte le diagnostic ECG automatique avec algorithme Carewell permettant aux cardiologues de modifier les r\u00e9sultats diagnostiques et imprimer les rapports ECG moyennant l&#8217;imprimante thermique et exporter les rapports dans le format PDF.<\/p>\n<p>Moniteur AIView VX pour surveillance continue<br \/>\nUn mode de surveillance: trac\u00e9 et donn\u00e9es en temps r\u00e9el pour la surveillance continue des patients.<\/p>","protected":false},"excerpt":{"rendered":"<p>MONITEUR DE SIGNES VITAUX AIVIEW VS TABLET &#8211; adultes, p\u00e9diatrique ECG, TEMP, SpO2, PR, NIBP. POUR PATIENTS AMBULATOIRES, POSTES DE TRIAGE, URGENCES, TOURS DES PATIENTS. Les moniteurs portables AIView sont bas\u00e9s sur une technologie de pointe et un design innovant et brevet\u00e9 pour optimiser le travail des op\u00e9rateurs de sant\u00e9 et am\u00e9liorer leur efficience. Con\u00e7us [&hellip;]<\/p>\n","protected":false},"featured_media":33560,"comment_status":"open","ping_status":"closed","template":"","meta":[],"product_brand":[],"product_cat":[166],"product_tag":[],"class_list":{"0":"post-33561","1":"product","2":"type-product","3":"status-publish","4":"has-post-thumbnail","6":"product_cat-equipements-medicaux-et-chirurgicaux","8":"first","9":"instock","10":"taxable","11":"shipping-taxable","12":"purchasable","13":"product-type-simple"},"_links":{"self":[{"href":"https:\/\/promatmedical.com\/en\/wp-json\/wp\/v2\/product\/33561","targetHints":{"allow":["GET"]}}],"collection":[{"href":"https:\/\/promatmedical.com\/en\/wp-json\/wp\/v2\/product"}],"about":[{"href":"https:\/\/promatmedical.com\/en\/wp-json\/wp\/v2\/types\/product"}],"replies":[{"embeddable":true,"href":"https:\/\/promatmedical.com\/en\/wp-json\/wp\/v2\/comments?post=33561"}],"wp:featuredmedia":[{"embeddable":true,"href":"https:\/\/promatmedical.com\/en\/wp-json\/wp\/v2\/media\/33560"}],"wp:attachment":[{"href":"https:\/\/promatmedical.com\/en\/wp-json\/wp\/v2\/media?parent=33561"}],"wp:term":[{"taxonomy":"product_brand","embeddable":true,"href":"https:\/\/promatmedical.com\/en\/wp-json\/wp\/v2\/product_brand?post=33561"},{"taxonomy":"product_cat","embeddable":true,"href":"https:\/\/promatmedical.com\/en\/wp-json\/wp\/v2\/product_cat?post=33561"},{"taxonomy":"product_tag","embeddable":true,"href":"https:\/\/promatmedical.com\/en\/wp-json\/wp\/v2\/product_tag?post=33561"}],"curies":[{"name":"wp","href":"https:\/\/api.w.org\/{rel}","templated":true}]}}