{"id":33584,"date":"2025-03-21T11:32:06","date_gmt":"2025-03-21T10:32:06","guid":{"rendered":"https:\/\/promatmedical.com\/bj\/produit\/simulateur-multiparametre-ms400\/"},"modified":"2025-03-21T11:32:06","modified_gmt":"2025-03-21T10:32:06","slug":"simulateur-multiparametre-ms400","status":"publish","type":"product","link":"https:\/\/promatmedical.com\/en\/product\/simulateur-multiparametre-ms400\/","title":{"rendered":"Simulateur multiparam\u00e8tre ms400"},"content":{"rendered":"<p>SIMULATEUR MULTIPARAM\u00c8TRE GIMA<\/p>\n<p>Simulateur multiparam\u00e8tre portable pour simuler avec pr\u00e9cision l&#8217;ECG \u00e0 12 d\u00e9rivations, la respiration, la temp\u00e9rature et la mesure invasive de la pression art\u00e9rielle (IBP) \u00e0 4 canaux.<\/p>\n<p>&#8211; Il simule 35 types d&#8217;arythmies (incluant les extrasystoles atriales et ventriculaires et les troubles de conduction), ainsi que les formes d&#8217;onde des stimulateurs cardiaques (Asynchrone, Demand Occ Sinus, Demand Freq Sinus, A\/V Sequential, Non-Capture, Non-Function).<br \/>\n&#8211; Il simule les donn\u00e9es IBP \u00e0 4 canaux et 4 types de donn\u00e9es de temp\u00e9rature.<br \/>\n&#8211; Il simule le signal de respiration avec fr\u00e9quence respiratoire, imp\u00e9dance et imp\u00e9dance de r\u00e9f\u00e9rence r\u00e9glables, ainsi que 3 types de donn\u00e9es d&#8217;apn\u00e9e.<br \/>\n&#8211; Il simule l&#8217;onde carr\u00e9e, l&#8217;onde triangulaire, l&#8217;onde puls\u00e9e et l&#8217;onde sinuso\u00efdale avec fr\u00e9quence r\u00e9glable.<br \/>\n&#8211; Il simule la calibration ECG standard et le signal ECG adulte\/p\u00e9diatrique.<br \/>\n&#8211; La base de donn\u00e9es ECG, les autres bases de donn\u00e9es ECG et les donn\u00e9es des formes d&#8217;onde d\u00e9finies par l&#8217;utilisateur et m\u00e9moris\u00e9es dans la carte TF peuvent \u00eatre affich\u00e9es par le simulateur et export\u00e9es \u00e0 l&#8217;appareil \u00e0 tester.<br \/>\n&#8211; Forme d&#8217;onde ECG conforme \u00e0 la norme ANSI\/AAMI EC13-2002, AHA, MIT.<\/p>\n<p>Livr\u00e9 avec batterie au lithium, alimentation et mode d&#8217;emploi (GB, IT).<\/p>","protected":false},"excerpt":{"rendered":"<p>SIMULATEUR MULTIPARAM\u00c8TRE GIMA Simulateur multiparam\u00e8tre portable pour simuler avec pr\u00e9cision l&#8217;ECG \u00e0 12 d\u00e9rivations, la respiration, la temp\u00e9rature et la mesure invasive de la pression art\u00e9rielle (IBP) \u00e0 4 canaux. &#8211; Il simule 35 types d&#8217;arythmies (incluant les extrasystoles atriales et ventriculaires et les troubles de conduction), ainsi que les formes d&#8217;onde des stimulateurs cardiaques [&hellip;]<\/p>\n","protected":false},"featured_media":33583,"comment_status":"open","ping_status":"closed","template":"","meta":[],"product_brand":[],"product_cat":[166],"product_tag":[],"class_list":{"0":"post-33584","1":"product","2":"type-product","3":"status-publish","4":"has-post-thumbnail","6":"product_cat-equipements-medicaux-et-chirurgicaux","8":"first","9":"instock","10":"taxable","11":"shipping-taxable","12":"purchasable","13":"product-type-simple"},"_links":{"self":[{"href":"https:\/\/promatmedical.com\/en\/wp-json\/wp\/v2\/product\/33584","targetHints":{"allow":["GET"]}}],"collection":[{"href":"https:\/\/promatmedical.com\/en\/wp-json\/wp\/v2\/product"}],"about":[{"href":"https:\/\/promatmedical.com\/en\/wp-json\/wp\/v2\/types\/product"}],"replies":[{"embeddable":true,"href":"https:\/\/promatmedical.com\/en\/wp-json\/wp\/v2\/comments?post=33584"}],"wp:featuredmedia":[{"embeddable":true,"href":"https:\/\/promatmedical.com\/en\/wp-json\/wp\/v2\/media\/33583"}],"wp:attachment":[{"href":"https:\/\/promatmedical.com\/en\/wp-json\/wp\/v2\/media?parent=33584"}],"wp:term":[{"taxonomy":"product_brand","embeddable":true,"href":"https:\/\/promatmedical.com\/en\/wp-json\/wp\/v2\/product_brand?post=33584"},{"taxonomy":"product_cat","embeddable":true,"href":"https:\/\/promatmedical.com\/en\/wp-json\/wp\/v2\/product_cat?post=33584"},{"taxonomy":"product_tag","embeddable":true,"href":"https:\/\/promatmedical.com\/en\/wp-json\/wp\/v2\/product_tag?post=33584"}],"curies":[{"name":"wp","href":"https:\/\/api.w.org\/{rel}","templated":true}]}}