{"id":33596,"date":"2025-03-21T11:33:15","date_gmt":"2025-03-21T10:33:15","guid":{"rendered":"https:\/\/promatmedical.com\/bj\/produit\/electrodes-compatibles-pour-defibrill-esaote-schiller\/"},"modified":"2025-03-21T11:33:15","modified_gmt":"2025-03-21T10:33:15","slug":"electrodes-compatibles-pour-defibrill-esaote-schiller","status":"publish","type":"product","link":"https:\/\/promatmedical.com\/en\/product\/electrodes-compatibles-pour-defibrill-esaote-schiller\/","title":{"rendered":"\u00c9lectrodes compatibles pour d\u00e9fibrill. esaote, schiller"},"content":{"rendered":"<p>\u00c9LECTRODES COMPATIBLES ADULTES &#8211; jetables<\/p>\n<p>Une gamme d&#8217;\u00e9lectrodes certifi\u00e9es BSI pour patients \u00e0 partir de 8 ans (25 kg) compatible avec la plupart des d\u00e9fibrillateurs du march\u00e9.<br \/>\nExcellente adh\u00e9rence et \u00e9paisseur de gel ad\u00e9quate.<br \/>\nPaire d&#8217;\u00e9lectrodes, c\u00e2ble et connecteur inclus.<br \/>\nDur\u00e9e de conservation: maximum 30 mois (24 mois pour 33584) \u00e0 partir de la date de production.<br \/>\nSans latex. Conformes \u00e0: directive 93\/42\/CEE et modifications.<br \/>\nDispositif m\u00e9dical Classe IIb, ANSI\/AAMI: DF-80; IEC\/EN: 60601-1, 60601-2-4; ISO: 10993-1.<br \/>\nEmballage multilingue: GB, FR, IT, ES, PT, DE, NL, SE, GR, RU.<br \/>\nMade in Italy.<\/p>\n<p>Compatible avec:<\/p>\n<p>\u2022 Esaote<br \/>\n&#8211; MDF SAED &#8211; MDF II<\/p>\n<p>\u2022 Schiller<br \/>\n&#8211; Defigard DG1002 &#8211; DG3002 &#8211; DG2000 EDOS<\/p>","protected":false},"excerpt":{"rendered":"<p>\u00c9LECTRODES COMPATIBLES ADULTES &#8211; jetables Une gamme d&#8217;\u00e9lectrodes certifi\u00e9es BSI pour patients \u00e0 partir de 8 ans (25 kg) compatible avec la plupart des d\u00e9fibrillateurs du march\u00e9. Excellente adh\u00e9rence et \u00e9paisseur de gel ad\u00e9quate. Paire d&#8217;\u00e9lectrodes, c\u00e2ble et connecteur inclus. Dur\u00e9e de conservation: maximum 30 mois (24 mois pour 33584) \u00e0 partir de la date [&hellip;]<\/p>\n","protected":false},"featured_media":18466,"comment_status":"open","ping_status":"closed","template":"","meta":[],"product_brand":[],"product_cat":[166],"product_tag":[],"class_list":{"0":"post-33596","1":"product","2":"type-product","3":"status-publish","4":"has-post-thumbnail","6":"product_cat-equipements-medicaux-et-chirurgicaux","8":"first","9":"instock","10":"taxable","11":"shipping-taxable","12":"purchasable","13":"product-type-simple"},"_links":{"self":[{"href":"https:\/\/promatmedical.com\/en\/wp-json\/wp\/v2\/product\/33596","targetHints":{"allow":["GET"]}}],"collection":[{"href":"https:\/\/promatmedical.com\/en\/wp-json\/wp\/v2\/product"}],"about":[{"href":"https:\/\/promatmedical.com\/en\/wp-json\/wp\/v2\/types\/product"}],"replies":[{"embeddable":true,"href":"https:\/\/promatmedical.com\/en\/wp-json\/wp\/v2\/comments?post=33596"}],"wp:featuredmedia":[{"embeddable":true,"href":"https:\/\/promatmedical.com\/en\/wp-json\/wp\/v2\/media\/18466"}],"wp:attachment":[{"href":"https:\/\/promatmedical.com\/en\/wp-json\/wp\/v2\/media?parent=33596"}],"wp:term":[{"taxonomy":"product_brand","embeddable":true,"href":"https:\/\/promatmedical.com\/en\/wp-json\/wp\/v2\/product_brand?post=33596"},{"taxonomy":"product_cat","embeddable":true,"href":"https:\/\/promatmedical.com\/en\/wp-json\/wp\/v2\/product_cat?post=33596"},{"taxonomy":"product_tag","embeddable":true,"href":"https:\/\/promatmedical.com\/en\/wp-json\/wp\/v2\/product_tag?post=33596"}],"curies":[{"name":"wp","href":"https:\/\/api.w.org\/{rel}","templated":true}]}}