{"id":33607,"date":"2025-03-21T11:34:31","date_gmt":"2025-03-21T10:34:31","guid":{"rendered":"https:\/\/promatmedical.com\/bj\/produit\/defibrillateur-dea-rescue-life-9-avec-temp-anglais\/"},"modified":"2025-03-21T11:34:31","modified_gmt":"2025-03-21T10:34:31","slug":"defibrillateur-dea-rescue-life-9-avec-temp-anglais","status":"publish","type":"product","link":"https:\/\/promatmedical.com\/en\/product\/defibrillateur-dea-rescue-life-9-avec-temp-anglais\/","title":{"rendered":"D\u00e9fibrillateur dea rescue life 9 avec temp &#8211; anglais"},"content":{"rendered":"<p>D\u00c9FIBRILLATEUR RESCUE LIFE 9&#8243;<\/p>\n<p>\u2022 Rescue Life 9&#8221; basic + AED<br \/>\n\u2022 Langues: Anglais<\/p>\n<p>Con\u00e7u pour \u00eatre utilis\u00e9 hors et en h\u00f4pital. L\u00e9ger, facile \u00e0 transporter, lignes attractives, forme ergonomique, robuste, Rescue Life 9 fournit le suivi complet de param\u00e8tres tels que ECG \u00e0 12 d\u00e9rivations, fr\u00e9quence cardiaque HR, SpO2, NIBP, Temp\u00e9rature et EtCO2. Cardioversion synchronis\u00e9e et stimulateur cardiaque externe en mode fixe ou en mode demande. Trois modes de fonctionnement: manuel, AED, Consultatif. Forme d&#8217;onde de capnographie. Le mode Auto-test v\u00e9rifie les fonctions du dispositif, l&#8217;\u00e9tat de la batterie et le syst\u00e8me de charge-d\u00e9livrance avec gestion en temps r\u00e9el des donn\u00e9es et impression de rapports.<\/p>\n<p>Temp\u00e9rature et EtCO2 (optionnel)<br \/>\nIl comprend la configuration temp\u00e9rature et EtCO2. Le capteur de temp\u00e9rature et le module EtCO2 optionnels peuvent \u00eatre ajout\u00e9s \u00e0 tout moment.<\/p>\n<p>Double batterie: une comprise, une optionnelle<br \/>\nLa puissante batterie offre une surveillance continue jusqu&#8217;\u00e0 5 heures. La seconde batterie am\u00e9liore le temps de fonctionnement jusqu&#8217;\u00e0 10 heures et \u00e9vite l&#8217;interruption de la proc\u00e9dure. Les batteries peuvent \u00eatre facilement remplac\u00e9es.<\/p>\n<p>\u00c9cran couleur LCD TFT 8.4\u2019\u2019 \u00e0 haute r\u00e9solution<\/p>\n<p>Support intelligent de l&#8217;op\u00e9rateur<br \/>\nMessages visuels sur l&#8217;\u00e9cran, couleurs diff\u00e9rentes pour chaque fonction, support vocal clair pendant des situations difficiles et men\u00f9 simple avec touches de fonction d\u00e9di\u00e9es.<\/p>\n<p>Analyse ECG en deux modes<br \/>\nLe signal ECG peut \u00eatre filtr\u00e9 \u00e0 travers le mode diagnostic, qui recueille les pistes ECG pour l&#8217;interpr\u00e9tation et le diagnostic de la part du personnel qualifi\u00e9, ou bien \u00e0 travers le mode surveillance, qui \u00e9limine les bruits caus\u00e9s par les mouvements ou les processus physiologiques du patient.<\/p>\n<p>Mode AED &#038; Consultatif<br \/>\nLe mode AED guide la RCP et la d\u00e9livrance des chocs par des messages vocaux et visuels. Le mode consultatif analyse automatiquement et en continu le rythme de l&#8217;ECG et la connexion du c\u00e2ble et des palettes au patient et indique si le choc esr n\u00e9cessaire.<\/p>\n<p>Gestion de la m\u00e9moire et des donn\u00e9es + Logiciel<br \/>\nLes donn\u00e9es et les \u00e9v\u00e9nements ECG enregistr\u00e9s peuvent \u00eatre transf\u00e9r\u00e9s et g\u00e9r\u00e9s sur ordinateur moyennant un logiciel t\u00e9l\u00e9chargeable gratuitement.<\/p>\n<p>Autres fonctions:<br \/>\n&#8211; alarme pour chaque fonction<br \/>\n&#8211; rapport automatique avant et apr\u00e8s la d\u00e9livrance du choc<br \/>\n&#8211; palette ergonomiques r\u00e9utilisable pour la d\u00e9fibrillation manuelle, palette jetables pour la d\u00e9fibrillation AED.<\/p>","protected":false},"excerpt":{"rendered":"<p>D\u00c9FIBRILLATEUR RESCUE LIFE 9&#8243; \u2022 Rescue Life 9&#8221; basic + AED \u2022 Langues: Anglais Con\u00e7u pour \u00eatre utilis\u00e9 hors et en h\u00f4pital. L\u00e9ger, facile \u00e0 transporter, lignes attractives, forme ergonomique, robuste, Rescue Life 9 fournit le suivi complet de param\u00e8tres tels que ECG \u00e0 12 d\u00e9rivations, fr\u00e9quence cardiaque HR, SpO2, NIBP, Temp\u00e9rature et EtCO2. Cardioversion [&hellip;]<\/p>\n","protected":false},"featured_media":33606,"comment_status":"open","ping_status":"closed","template":"","meta":[],"product_brand":[],"product_cat":[166],"product_tag":[],"class_list":{"0":"post-33607","1":"product","2":"type-product","3":"status-publish","4":"has-post-thumbnail","6":"product_cat-equipements-medicaux-et-chirurgicaux","8":"first","9":"instock","10":"taxable","11":"shipping-taxable","12":"purchasable","13":"product-type-simple"},"_links":{"self":[{"href":"https:\/\/promatmedical.com\/en\/wp-json\/wp\/v2\/product\/33607","targetHints":{"allow":["GET"]}}],"collection":[{"href":"https:\/\/promatmedical.com\/en\/wp-json\/wp\/v2\/product"}],"about":[{"href":"https:\/\/promatmedical.com\/en\/wp-json\/wp\/v2\/types\/product"}],"replies":[{"embeddable":true,"href":"https:\/\/promatmedical.com\/en\/wp-json\/wp\/v2\/comments?post=33607"}],"wp:featuredmedia":[{"embeddable":true,"href":"https:\/\/promatmedical.com\/en\/wp-json\/wp\/v2\/media\/33606"}],"wp:attachment":[{"href":"https:\/\/promatmedical.com\/en\/wp-json\/wp\/v2\/media?parent=33607"}],"wp:term":[{"taxonomy":"product_brand","embeddable":true,"href":"https:\/\/promatmedical.com\/en\/wp-json\/wp\/v2\/product_brand?post=33607"},{"taxonomy":"product_cat","embeddable":true,"href":"https:\/\/promatmedical.com\/en\/wp-json\/wp\/v2\/product_cat?post=33607"},{"taxonomy":"product_tag","embeddable":true,"href":"https:\/\/promatmedical.com\/en\/wp-json\/wp\/v2\/product_tag?post=33607"}],"curies":[{"name":"wp","href":"https:\/\/api.w.org\/{rel}","templated":true}]}}