{"id":33627,"date":"2025-03-21T11:36:16","date_gmt":"2025-03-21T10:36:16","guid":{"rendered":"https:\/\/promatmedical.com\/bj\/produit\/kit-etco2-rescue-life-9-capteur-et-cable\/"},"modified":"2025-03-21T11:36:16","modified_gmt":"2025-03-21T10:36:16","slug":"kit-etco2-rescue-life-9-capteur-et-cable","status":"publish","type":"product","link":"https:\/\/promatmedical.com\/en\/product\/kit-etco2-rescue-life-9-capteur-et-cable\/","title":{"rendered":"Kit etco2 rescue life 9 (capteur et c\u00e2ble)"},"content":{"rendered":"<p>Kit EtCO2 (capteurs et c\u00e2ble) &#8211; en option pour les d\u00e9fibrillateurs Rescue Life 9&#8243;.<\/p>","protected":false},"excerpt":{"rendered":"<p>Kit EtCO2 (capteurs et c\u00e2ble) &#8211; en option pour les d\u00e9fibrillateurs Rescue Life 9&#8243;.<\/p>","protected":false},"featured_media":33626,"comment_status":"open","ping_status":"closed","template":"","meta":[],"product_brand":[],"product_cat":[166],"product_tag":[],"class_list":{"0":"post-33627","1":"product","2":"type-product","3":"status-publish","4":"has-post-thumbnail","6":"product_cat-equipements-medicaux-et-chirurgicaux","8":"first","9":"instock","10":"taxable","11":"shipping-taxable","12":"purchasable","13":"product-type-simple"},"_links":{"self":[{"href":"https:\/\/promatmedical.com\/en\/wp-json\/wp\/v2\/product\/33627","targetHints":{"allow":["GET"]}}],"collection":[{"href":"https:\/\/promatmedical.com\/en\/wp-json\/wp\/v2\/product"}],"about":[{"href":"https:\/\/promatmedical.com\/en\/wp-json\/wp\/v2\/types\/product"}],"replies":[{"embeddable":true,"href":"https:\/\/promatmedical.com\/en\/wp-json\/wp\/v2\/comments?post=33627"}],"wp:featuredmedia":[{"embeddable":true,"href":"https:\/\/promatmedical.com\/en\/wp-json\/wp\/v2\/media\/33626"}],"wp:attachment":[{"href":"https:\/\/promatmedical.com\/en\/wp-json\/wp\/v2\/media?parent=33627"}],"wp:term":[{"taxonomy":"product_brand","embeddable":true,"href":"https:\/\/promatmedical.com\/en\/wp-json\/wp\/v2\/product_brand?post=33627"},{"taxonomy":"product_cat","embeddable":true,"href":"https:\/\/promatmedical.com\/en\/wp-json\/wp\/v2\/product_cat?post=33627"},{"taxonomy":"product_tag","embeddable":true,"href":"https:\/\/promatmedical.com\/en\/wp-json\/wp\/v2\/product_tag?post=33627"}],"curies":[{"name":"wp","href":"https:\/\/api.w.org\/{rel}","templated":true}]}}