{"id":33633,"date":"2025-03-21T11:36:57","date_gmt":"2025-03-21T10:36:57","guid":{"rendered":"https:\/\/promatmedical.com\/bj\/produit\/drap-de-transport-pliable-gima-200x70-cm-jaune\/"},"modified":"2025-03-21T11:36:57","modified_gmt":"2025-03-21T10:36:57","slug":"drap-de-transport-pliable-gima-200x70-cm-jaune","status":"publish","type":"product","link":"https:\/\/promatmedical.com\/en\/product\/drap-de-transport-pliable-gima-200x70-cm-jaune\/","title":{"rendered":"Drap de transport pliable gima 200&#215;70 cm &#8211; jaune"},"content":{"rendered":"<p>DRAP DE TRANSPORT PLIABLE GIM A 200&#215;70 cm &#8211; jaune<\/p>\n<p>Drap de transport pliable id\u00e9al pour les petits tranfers des patients.<br \/>\nDot\u00e9 de 10 poign\u00e9es. En polyester 600D et rev\u00eatu de PVC.<\/p>\n<p>Livr\u00e9 avec de transport.<\/p>\n<p>Dimensions: 200&#215;70 cm (sans poign\u00e9es), 203&#215;80 cm (avec poign\u00e9es).<br \/>\nPoids: 2,3 kg.<br \/>\nCharge max.: 159 kg<br \/>\nDimensions du drap pli\u00e9: 80&#215;35 cm.<\/p>","protected":false},"excerpt":{"rendered":"<p>DRAP DE TRANSPORT PLIABLE GIM A 200&#215;70 cm &#8211; jaune Drap de transport pliable id\u00e9al pour les petits tranfers des patients. Dot\u00e9 de 10 poign\u00e9es. En polyester 600D et rev\u00eatu de PVC. Livr\u00e9 avec de transport. Dimensions: 200&#215;70 cm (sans poign\u00e9es), 203&#215;80 cm (avec poign\u00e9es). Poids: 2,3 kg. Charge max.: 159 kg Dimensions du drap [&hellip;]<\/p>\n","protected":false},"featured_media":33632,"comment_status":"open","ping_status":"closed","template":"","meta":[],"product_brand":[],"product_cat":[166],"product_tag":[],"class_list":{"0":"post-33633","1":"product","2":"type-product","3":"status-publish","4":"has-post-thumbnail","6":"product_cat-equipements-medicaux-et-chirurgicaux","8":"first","9":"instock","10":"taxable","11":"shipping-taxable","12":"purchasable","13":"product-type-simple"},"_links":{"self":[{"href":"https:\/\/promatmedical.com\/en\/wp-json\/wp\/v2\/product\/33633","targetHints":{"allow":["GET"]}}],"collection":[{"href":"https:\/\/promatmedical.com\/en\/wp-json\/wp\/v2\/product"}],"about":[{"href":"https:\/\/promatmedical.com\/en\/wp-json\/wp\/v2\/types\/product"}],"replies":[{"embeddable":true,"href":"https:\/\/promatmedical.com\/en\/wp-json\/wp\/v2\/comments?post=33633"}],"wp:featuredmedia":[{"embeddable":true,"href":"https:\/\/promatmedical.com\/en\/wp-json\/wp\/v2\/media\/33632"}],"wp:attachment":[{"href":"https:\/\/promatmedical.com\/en\/wp-json\/wp\/v2\/media?parent=33633"}],"wp:term":[{"taxonomy":"product_brand","embeddable":true,"href":"https:\/\/promatmedical.com\/en\/wp-json\/wp\/v2\/product_brand?post=33633"},{"taxonomy":"product_cat","embeddable":true,"href":"https:\/\/promatmedical.com\/en\/wp-json\/wp\/v2\/product_cat?post=33633"},{"taxonomy":"product_tag","embeddable":true,"href":"https:\/\/promatmedical.com\/en\/wp-json\/wp\/v2\/product_tag?post=33633"}],"curies":[{"name":"wp","href":"https:\/\/api.w.org\/{rel}","templated":true}]}}