{"id":33645,"date":"2025-03-21T11:38:10","date_gmt":"2025-03-21T10:38:10","guid":{"rendered":"https:\/\/promatmedical.com\/bj\/produit\/civiere-de-relevage-gima-pehd-jaune\/"},"modified":"2025-03-21T11:38:10","modified_gmt":"2025-03-21T10:38:10","slug":"civiere-de-relevage-gima-pehd-jaune","status":"publish","type":"product","link":"https:\/\/promatmedical.com\/en\/product\/civiere-de-relevage-gima-pehd-jaune\/","title":{"rendered":"Civi\u00e8re de relevage gima &#8211; pehd &#8211; jaune"},"content":{"rendered":"<p>BRANCARD CUILL\u00c8RE GIMA &#8211; HPDE &#8211; jaune<\/p>\n<p>Les brancards cuill\u00e8res Gima permettent aux secouristes de soulever le patient sans bouger le corps, r\u00e9duisant ainsi le risque de blessures additionnelles. La structure d\u00e9tachable permet de transporter et immobiliser des patients avec des fractures et des blessures graves. Les mousquetons aux deux extr\u00e9mit\u00e9s du brancard permettent de s\u00e9parer la structure principale verticalement en deux parties.<\/p>\n<p>&#8211; usage principal en h\u00f4pitaux, centres de sport et ambulances<br \/>\n&#8211; longueur adaptable au corps du patient<br \/>\n&#8211; \u00e0 l&#8217;extr\u00e9mit\u00e9 inf\u00e9rieure (pieds), la structure est plus \u00e9troite<br \/>\n&#8211; stabilit\u00e9 thermique de la surface polym\u00e9rique pour plus de confort<\/p>\n<p>3 ceintures de s\u00e9curit\u00e9 en fibre de polypropyl\u00e8ne avec boucle en plastique.<\/p>\n<p>Mode d&#8217;emploi multilingue: GB, FR, IT, ES, PT, DE, NL, DK, SE, NO, FI, LT, LV, EE, PL, CZ, SK, HU, SI, HR, RO, BG, GR, Arabe<\/p>","protected":false},"excerpt":{"rendered":"<p>BRANCARD CUILL\u00c8RE GIMA &#8211; HPDE &#8211; jaune Les brancards cuill\u00e8res Gima permettent aux secouristes de soulever le patient sans bouger le corps, r\u00e9duisant ainsi le risque de blessures additionnelles. La structure d\u00e9tachable permet de transporter et immobiliser des patients avec des fractures et des blessures graves. Les mousquetons aux deux extr\u00e9mit\u00e9s du brancard permettent de [&hellip;]<\/p>\n","protected":false},"featured_media":33644,"comment_status":"open","ping_status":"closed","template":"","meta":[],"product_brand":[],"product_cat":[166],"product_tag":[],"class_list":{"0":"post-33645","1":"product","2":"type-product","3":"status-publish","4":"has-post-thumbnail","6":"product_cat-equipements-medicaux-et-chirurgicaux","8":"first","9":"instock","10":"taxable","11":"shipping-taxable","12":"purchasable","13":"product-type-simple"},"_links":{"self":[{"href":"https:\/\/promatmedical.com\/en\/wp-json\/wp\/v2\/product\/33645","targetHints":{"allow":["GET"]}}],"collection":[{"href":"https:\/\/promatmedical.com\/en\/wp-json\/wp\/v2\/product"}],"about":[{"href":"https:\/\/promatmedical.com\/en\/wp-json\/wp\/v2\/types\/product"}],"replies":[{"embeddable":true,"href":"https:\/\/promatmedical.com\/en\/wp-json\/wp\/v2\/comments?post=33645"}],"wp:featuredmedia":[{"embeddable":true,"href":"https:\/\/promatmedical.com\/en\/wp-json\/wp\/v2\/media\/33644"}],"wp:attachment":[{"href":"https:\/\/promatmedical.com\/en\/wp-json\/wp\/v2\/media?parent=33645"}],"wp:term":[{"taxonomy":"product_brand","embeddable":true,"href":"https:\/\/promatmedical.com\/en\/wp-json\/wp\/v2\/product_brand?post=33645"},{"taxonomy":"product_cat","embeddable":true,"href":"https:\/\/promatmedical.com\/en\/wp-json\/wp\/v2\/product_cat?post=33645"},{"taxonomy":"product_tag","embeddable":true,"href":"https:\/\/promatmedical.com\/en\/wp-json\/wp\/v2\/product_tag?post=33645"}],"curies":[{"name":"wp","href":"https:\/\/api.w.org\/{rel}","templated":true}]}}