{"id":33669,"date":"2025-03-21T11:40:23","date_gmt":"2025-03-21T10:40:23","guid":{"rendered":"https:\/\/promatmedical.com\/bj\/produit\/little-family-qcpr-laerdal-136-01050\/"},"modified":"2025-03-21T11:40:23","modified_gmt":"2025-03-21T10:40:23","slug":"little-family-qcpr-laerdal-136-01050","status":"publish","type":"product","link":"https:\/\/promatmedical.com\/en\/product\/little-family-qcpr-laerdal-136-01050\/","title":{"rendered":"Little family qcpr laerdal &#8211; 136-01050"},"content":{"rendered":"<p>LAERDAL LITTLE FAMILY PACK QCPR &#8211; 136-01050<\/p>\n<p>Ensemble pratique de mannequins de formation \u00e0 la RCP adapt\u00e9s \u00e0 chaque \u00e2ge (Little Anne QCPR, Little Junior QCPR et Little Baby QCPR), dot\u00e9 d&#8217;une mallette \u00e0 roulettes pour faciliter le transport et le stockage.<br \/>\nLes trois mannequins sont \u00e9quip\u00e9s de la technologie de feedback QCPR, qui permet aux formateurs d&#8217;am\u00e9liorer la qualit\u00e9, l&#8217;efficacit\u00e9 et la motivation des apprenants lors d&#8217;une formation \u00e0 la RCP.<\/p>\n<p>Conform\u00e9ment aux recommandations actuelles, ils fournissent des donn\u00e9es sur le taux et la profondeur des compressions thoraciques, le rel\u00e2chement total de la pression, le temps de pause de la RCP et la ventilation \u00e0 travers la nuovelle Appli QCPR Training; Skill Guide disponibile moyennant c\u00e2ble RC.<\/p>\n<p>Livr\u00e9 avec: Little Anne QCPR (mannequin, 2 masques de visage, 2 voies a\u00e9riennes), Little Junior QCPR (mannequin, 2 masques de visage, 2 voies a\u00e9riennes), Little Baby QCPR (mannequin, 6 voies a\u00e9riennes), 18 lingettes, 3 matelas de sol et un grand sac \u00e0 roulettes.<\/p>","protected":false},"excerpt":{"rendered":"<p>LAERDAL LITTLE FAMILY PACK QCPR &#8211; 136-01050 Ensemble pratique de mannequins de formation \u00e0 la RCP adapt\u00e9s \u00e0 chaque \u00e2ge (Little Anne QCPR, Little Junior QCPR et Little Baby QCPR), dot\u00e9 d&#8217;une mallette \u00e0 roulettes pour faciliter le transport et le stockage. Les trois mannequins sont \u00e9quip\u00e9s de la technologie de feedback QCPR, qui permet [&hellip;]<\/p>\n","protected":false},"featured_media":33668,"comment_status":"open","ping_status":"closed","template":"","meta":[],"product_brand":[],"product_cat":[166],"product_tag":[],"class_list":{"0":"post-33669","1":"product","2":"type-product","3":"status-publish","4":"has-post-thumbnail","6":"product_cat-equipements-medicaux-et-chirurgicaux","8":"first","9":"instock","10":"taxable","11":"shipping-taxable","12":"purchasable","13":"product-type-simple"},"_links":{"self":[{"href":"https:\/\/promatmedical.com\/en\/wp-json\/wp\/v2\/product\/33669","targetHints":{"allow":["GET"]}}],"collection":[{"href":"https:\/\/promatmedical.com\/en\/wp-json\/wp\/v2\/product"}],"about":[{"href":"https:\/\/promatmedical.com\/en\/wp-json\/wp\/v2\/types\/product"}],"replies":[{"embeddable":true,"href":"https:\/\/promatmedical.com\/en\/wp-json\/wp\/v2\/comments?post=33669"}],"wp:featuredmedia":[{"embeddable":true,"href":"https:\/\/promatmedical.com\/en\/wp-json\/wp\/v2\/media\/33668"}],"wp:attachment":[{"href":"https:\/\/promatmedical.com\/en\/wp-json\/wp\/v2\/media?parent=33669"}],"wp:term":[{"taxonomy":"product_brand","embeddable":true,"href":"https:\/\/promatmedical.com\/en\/wp-json\/wp\/v2\/product_brand?post=33669"},{"taxonomy":"product_cat","embeddable":true,"href":"https:\/\/promatmedical.com\/en\/wp-json\/wp\/v2\/product_cat?post=33669"},{"taxonomy":"product_tag","embeddable":true,"href":"https:\/\/promatmedical.com\/en\/wp-json\/wp\/v2\/product_tag?post=33669"}],"curies":[{"name":"wp","href":"https:\/\/api.w.org\/{rel}","templated":true}]}}