{"id":33678,"date":"2025-03-21T11:41:14","date_gmt":"2025-03-21T10:41:14","guid":{"rendered":"https:\/\/promatmedical.com\/bj\/produit\/ventilateur-durgence-shangrila-510s\/"},"modified":"2025-03-21T11:41:14","modified_gmt":"2025-03-21T10:41:14","slug":"ventilateur-durgence-shangrila-510s","status":"publish","type":"product","link":"https:\/\/promatmedical.com\/en\/product\/ventilateur-durgence-shangrila-510s\/","title":{"rendered":"Ventilateur d&#8217;urgence shangrila 510s"},"content":{"rendered":"<p>VENTILATEUR D&#8217;URGENCE SHANGRILA 510S<\/p>\n<p>Ventilateur multi-fonctionnel pour le transport d&#8217;urgence, combinant une technologie avanc\u00e9e et des fonctions de ventilation versatiles. Syst\u00e8me de ventilation actionn\u00e9 pneumatiquement et \u00e0 commande \u00e9lectronique. Il r\u00e9pond \u00e0 des exigences diff\u00e9rentes de ventilation, couvrant ainsi plusieurs situations. Con\u00e7u pour adultes, enfants et nouveau-n\u00e9s.<\/p>\n<p>Caract\u00e9ristiques:<br \/>\n&#8211; interface disponible en: GB, FR, IT, ES, PT<br \/>\n&#8211; affichage de la forme d&#8217;onde et surveillance de param\u00e8tres multiples<br \/>\n&#8211; \u00e9cran LCD 5\u201d<br \/>\n&#8211; alarmes acoustiques et visuelles<br \/>\n&#8211; acc\u00e8s direct aux r\u00e9glages critiques et aux donn\u00e9es des patients<br \/>\n&#8211; structure anti-collision<br \/>\n&#8211; fonctionnement avec apport d&#8217;oxyg\u00e8ne \u00e0 faible d\u00e9bit<br \/>\n&#8211; test pr\u00e9-utilisation<br \/>\n&#8211; FiO2 de 40% \u00e0 100%, constamment r\u00e9glable<br \/>\n&#8211; mise sous silence de l&#8217;alarme<\/p>\n<p>8 modes de ventilation:<br \/>\n&#8211; A\/C: le ventilateur d\u00e9livre seulement des respirations obligatoires. Lorsque le ventilateur d\u00e9tecte un effort inspiratoire du patient, il d\u00e9livre une respiration obligatoire d\u00e9clench\u00e9e par le patient (PIM);<br \/>\n&#8211; A\/C-V (Ventilation en Volume Contr\u00f4l\u00e9): ventilation obligatoire avec fr\u00e9quence respiratoire et volume courant pr\u00e9d\u00e9finis;<br \/>\n&#8211; A\/C-P (Ventilation en Pression Contr\u00f4l\u00e9e): ventilation obligatoire avec fr\u00e9quence respiratoire et limite de pression pr\u00e9d\u00e9finies;<br \/>\n&#8211; A\/C + SIGH: bas\u00e9e sur le mode A\/C, mais avec un volume courant \u00e9lev\u00e9 (1,5 fois plus que la valeur d\u00e9finie) d\u00e9livr\u00e9 toutes les 100 respirations;<br \/>\n&#8211; SIMV (Ventilation Obligatoire Intermittente Synchronis\u00e9e): mode de ventilation mixte qui permet des respirations obligatoires aussi bien que spontan\u00e9es;<br \/>\n&#8211; CPAP (Pression Positive Continue des Voies A\u00e9riennes): le ventilateur d\u00e9livre un d\u00e9bit continu qui maintient toujours un d\u00e9bit de pression positive pendant toute la phase inspiratoire de la ventilation;<br \/>\n&#8211; SPONT (spontan\u00e9): l&#8217;inspiration est g\u00e9n\u00e9ralement d\u00e9clench\u00e9e par l&#8217;effort du patient. Les respirations sont d\u00e9clench\u00e9es par le d\u00e9clenchement actif (par pression ou par d\u00e9bit);<br \/>\n&#8211; Manuel: respiration manuelle, pause inspiratoire.<\/p>\n<p>Fonctionnement simple, forme compacte, performance fiable<br \/>\n\u2022 affichage de la forme d&#8217;onde et surveillance de param\u00e8tres multiples<br \/>\n\u2022 PEEP \u00e0 commande \u00e9lectronique<br \/>\n\u2022 acc\u00e8s direct aux r\u00e9glages critiques etaux donn\u00e9es du patient<br \/>\n\u2022 structure anti-collision<br \/>\n\u2022 alarmes acoustiques et visuelles<\/p>\n<p>Garantie de s\u00e9curit\u00e9<br \/>\n\u2022 conforme \u00e0 la norme EN1789<br \/>\n\u2022 niveau d&#8217;imperm\u00e9abilit\u00e9 IPX4<\/p>","protected":false},"excerpt":{"rendered":"<p>VENTILATEUR D&#8217;URGENCE SHANGRILA 510S Ventilateur multi-fonctionnel pour le transport d&#8217;urgence, combinant une technologie avanc\u00e9e et des fonctions de ventilation versatiles. Syst\u00e8me de ventilation actionn\u00e9 pneumatiquement et \u00e0 commande \u00e9lectronique. Il r\u00e9pond \u00e0 des exigences diff\u00e9rentes de ventilation, couvrant ainsi plusieurs situations. Con\u00e7u pour adultes, enfants et nouveau-n\u00e9s. Caract\u00e9ristiques: &#8211; interface disponible en: GB, FR, IT, [&hellip;]<\/p>\n","protected":false},"featured_media":33677,"comment_status":"open","ping_status":"closed","template":"","meta":[],"product_brand":[],"product_cat":[166],"product_tag":[],"class_list":{"0":"post-33678","1":"product","2":"type-product","3":"status-publish","4":"has-post-thumbnail","6":"product_cat-equipements-medicaux-et-chirurgicaux","8":"first","9":"instock","10":"taxable","11":"shipping-taxable","12":"purchasable","13":"product-type-simple"},"_links":{"self":[{"href":"https:\/\/promatmedical.com\/en\/wp-json\/wp\/v2\/product\/33678","targetHints":{"allow":["GET"]}}],"collection":[{"href":"https:\/\/promatmedical.com\/en\/wp-json\/wp\/v2\/product"}],"about":[{"href":"https:\/\/promatmedical.com\/en\/wp-json\/wp\/v2\/types\/product"}],"replies":[{"embeddable":true,"href":"https:\/\/promatmedical.com\/en\/wp-json\/wp\/v2\/comments?post=33678"}],"wp:featuredmedia":[{"embeddable":true,"href":"https:\/\/promatmedical.com\/en\/wp-json\/wp\/v2\/media\/33677"}],"wp:attachment":[{"href":"https:\/\/promatmedical.com\/en\/wp-json\/wp\/v2\/media?parent=33678"}],"wp:term":[{"taxonomy":"product_brand","embeddable":true,"href":"https:\/\/promatmedical.com\/en\/wp-json\/wp\/v2\/product_brand?post=33678"},{"taxonomy":"product_cat","embeddable":true,"href":"https:\/\/promatmedical.com\/en\/wp-json\/wp\/v2\/product_cat?post=33678"},{"taxonomy":"product_tag","embeddable":true,"href":"https:\/\/promatmedical.com\/en\/wp-json\/wp\/v2\/product_tag?post=33678"}],"curies":[{"name":"wp","href":"https:\/\/api.w.org\/{rel}","templated":true}]}}