{"id":33727,"date":"2025-03-21T11:45:55","date_gmt":"2025-03-21T10:45:55","guid":{"rendered":"https:\/\/promatmedical.com\/bj\/produit\/sonde-endotracheale-sans-ballonnet-diametre-4-mm\/"},"modified":"2025-03-21T11:45:55","modified_gmt":"2025-03-21T10:45:55","slug":"sonde-endotracheale-sans-ballonnet-diametre-4-mm","status":"publish","type":"product","link":"https:\/\/promatmedical.com\/en\/product\/sonde-endotracheale-sans-ballonnet-diametre-4-mm\/","title":{"rendered":"Sonde endotrach\u00e9ale sans ballonnet diam\u00e8tre 4 mm"},"content":{"rendered":"<p>SONDES ENDOTRACH\u00c9ALES EN PVC SANS BOURRELET &#8211; st\u00e9riles<\/p>\n<p>Sonde endotrach\u00e9ale sans bourrelet \u00d8 4,0 mm<br \/>\nLongueur tube: 20,5 cm<\/p>\n<p>&#8211; lignes radiopaques r\u00e9sistantes aux fractures<br \/>\n&#8211; yeux de Murphy lisses<br \/>\n&#8211; tubes thermosensibles r\u00e9sistants au tortillemen<\/p>","protected":false},"excerpt":{"rendered":"<p>SONDES ENDOTRACH\u00c9ALES EN PVC SANS BOURRELET &#8211; st\u00e9riles Sonde endotrach\u00e9ale sans bourrelet \u00d8 4,0 mm Longueur tube: 20,5 cm &#8211; lignes radiopaques r\u00e9sistantes aux fractures &#8211; yeux de Murphy lisses &#8211; tubes thermosensibles r\u00e9sistants au tortillemen<\/p>","protected":false},"featured_media":33726,"comment_status":"open","ping_status":"closed","template":"","meta":[],"product_brand":[],"product_cat":[166],"product_tag":[],"class_list":{"0":"post-33727","1":"product","2":"type-product","3":"status-publish","4":"has-post-thumbnail","6":"product_cat-equipements-medicaux-et-chirurgicaux","8":"first","9":"instock","10":"taxable","11":"shipping-taxable","12":"purchasable","13":"product-type-simple"},"_links":{"self":[{"href":"https:\/\/promatmedical.com\/en\/wp-json\/wp\/v2\/product\/33727","targetHints":{"allow":["GET"]}}],"collection":[{"href":"https:\/\/promatmedical.com\/en\/wp-json\/wp\/v2\/product"}],"about":[{"href":"https:\/\/promatmedical.com\/en\/wp-json\/wp\/v2\/types\/product"}],"replies":[{"embeddable":true,"href":"https:\/\/promatmedical.com\/en\/wp-json\/wp\/v2\/comments?post=33727"}],"wp:featuredmedia":[{"embeddable":true,"href":"https:\/\/promatmedical.com\/en\/wp-json\/wp\/v2\/media\/33726"}],"wp:attachment":[{"href":"https:\/\/promatmedical.com\/en\/wp-json\/wp\/v2\/media?parent=33727"}],"wp:term":[{"taxonomy":"product_brand","embeddable":true,"href":"https:\/\/promatmedical.com\/en\/wp-json\/wp\/v2\/product_brand?post=33727"},{"taxonomy":"product_cat","embeddable":true,"href":"https:\/\/promatmedical.com\/en\/wp-json\/wp\/v2\/product_cat?post=33727"},{"taxonomy":"product_tag","embeddable":true,"href":"https:\/\/promatmedical.com\/en\/wp-json\/wp\/v2\/product_tag?post=33727"}],"curies":[{"name":"wp","href":"https:\/\/api.w.org\/{rel}","templated":true}]}}