{"id":33779,"date":"2025-03-21T11:50:36","date_gmt":"2025-03-21T10:50:36","guid":{"rendered":"https:\/\/promatmedical.com\/bj\/produit\/masque-facial-individuel-pour-patient-n-0-nouveau-ne\/"},"modified":"2025-03-21T11:50:36","modified_gmt":"2025-03-21T10:50:36","slug":"masque-facial-individuel-pour-patient-n-0-nouveau-ne","status":"publish","type":"product","link":"https:\/\/promatmedical.com\/en\/product\/masque-facial-individuel-pour-patient-n-0-nouveau-ne\/","title":{"rendered":"Masque facial individuel pour patient n.0 &#8211; nouveau-n\u00e9"},"content":{"rendered":"<p>Masque n\u00ba 0 &#8211; b\u00e9b\u00e9 &#8211; blanche<\/p>\n<p>MASQUES AVEC COUSSIN D&#8217;AIR GONFLABLE &#8211; MASQUES D&#8217;ANESTH\u00c9SIE &#8211; SANS LATEX<\/p>\n<p>Masques jetables de haute qualit\u00e9 pour patient unique, fournis avec un connecteur de gonflage et un crochet.<br \/>\nDisponibles en 7 tailles.<\/p>","protected":false},"excerpt":{"rendered":"<p>Masque n\u00ba 0 &#8211; b\u00e9b\u00e9 &#8211; blanche MASQUES AVEC COUSSIN D&#8217;AIR GONFLABLE &#8211; MASQUES D&#8217;ANESTH\u00c9SIE &#8211; SANS LATEX Masques jetables de haute qualit\u00e9 pour patient unique, fournis avec un connecteur de gonflage et un crochet. Disponibles en 7 tailles.<\/p>","protected":false},"featured_media":33778,"comment_status":"open","ping_status":"closed","template":"","meta":[],"product_brand":[],"product_cat":[166],"product_tag":[],"class_list":{"0":"post-33779","1":"product","2":"type-product","3":"status-publish","4":"has-post-thumbnail","6":"product_cat-equipements-medicaux-et-chirurgicaux","8":"first","9":"instock","10":"taxable","11":"shipping-taxable","12":"purchasable","13":"product-type-simple"},"_links":{"self":[{"href":"https:\/\/promatmedical.com\/en\/wp-json\/wp\/v2\/product\/33779","targetHints":{"allow":["GET"]}}],"collection":[{"href":"https:\/\/promatmedical.com\/en\/wp-json\/wp\/v2\/product"}],"about":[{"href":"https:\/\/promatmedical.com\/en\/wp-json\/wp\/v2\/types\/product"}],"replies":[{"embeddable":true,"href":"https:\/\/promatmedical.com\/en\/wp-json\/wp\/v2\/comments?post=33779"}],"wp:featuredmedia":[{"embeddable":true,"href":"https:\/\/promatmedical.com\/en\/wp-json\/wp\/v2\/media\/33778"}],"wp:attachment":[{"href":"https:\/\/promatmedical.com\/en\/wp-json\/wp\/v2\/media?parent=33779"}],"wp:term":[{"taxonomy":"product_brand","embeddable":true,"href":"https:\/\/promatmedical.com\/en\/wp-json\/wp\/v2\/product_brand?post=33779"},{"taxonomy":"product_cat","embeddable":true,"href":"https:\/\/promatmedical.com\/en\/wp-json\/wp\/v2\/product_cat?post=33779"},{"taxonomy":"product_tag","embeddable":true,"href":"https:\/\/promatmedical.com\/en\/wp-json\/wp\/v2\/product_tag?post=33779"}],"curies":[{"name":"wp","href":"https:\/\/api.w.org\/{rel}","templated":true}]}}