{"id":33833,"date":"2025-03-21T11:56:12","date_gmt":"2025-03-21T10:56:12","guid":{"rendered":"https:\/\/promatmedical.com\/bj\/produit\/lame-f-o-miller-a-usage-unique-n-0-nouveau-nes-2\/"},"modified":"2025-03-21T11:56:12","modified_gmt":"2025-03-21T10:56:12","slug":"lame-f-o-miller-a-usage-unique-n-0-nouveau-nes-2","status":"publish","type":"product","link":"https:\/\/promatmedical.com\/en\/product\/lame-f-o-miller-a-usage-unique-n-0-nouveau-nes-2\/","title":{"rendered":"Lame f.o. miller \u00e0 usage unique n\u00b0 0 &#8211; nouveau-n\u00e9s"},"content":{"rendered":"<p>LAMES LARYNGOSCOPE \u00c0 F.O. \u00c0 USAGE UNIQUE<\/p>\n<p>\u2022 Type de lame: MILLER<br \/>\n\u2022 Mesure: N \u00b0 0 (nouveau-n\u00e9)<\/p>\n<p>Choix de 7 lames Miller 0,1 et McIntosh 1, 2, 3, 4, 5 pour usage hospitalier quotidien.<br \/>\nCompatibles avec le syst\u00e8me Green ISO 7376. Le faible encombrement r\u00e9duit le traumatisme dentaire, facilite l&#8217;acc\u00e8s m\u00eame avec une ouverture limit\u00e9e de la bouche et am\u00e9liore la visualisation du larynx.<br \/>\nPointe perl\u00e9e sur les lames McIntosh pour faciliter l&#8217;intubation.<br \/>\nForme plus mince pour faciliter la maniabilit\u00e9 et l&#8217;intubation.<br \/>\nMat\u00e9riau conducteur avec une excellente transduction lumineuse: 4 000 lux avec manche \u00e0 x\u00e9non 2,5 V et 10 000 lux avec manche \u00e0 LED.<br \/>\nN\u00e9cessite le manche \u00e0 F.O.<\/p>\n<p>Le bloc en plastique hautement r\u00e9sistant coupl\u00e9 avec la spatule m\u00e9tallique fournit une grande force \u00e0 la lame, comparable \u00e0 celle des lames enti\u00e8rement m\u00e9talliques.<\/p>","protected":false},"excerpt":{"rendered":"<p>LAMES LARYNGOSCOPE \u00c0 F.O. \u00c0 USAGE UNIQUE \u2022 Type de lame: MILLER \u2022 Mesure: N \u00b0 0 (nouveau-n\u00e9) Choix de 7 lames Miller 0,1 et McIntosh 1, 2, 3, 4, 5 pour usage hospitalier quotidien. Compatibles avec le syst\u00e8me Green ISO 7376. Le faible encombrement r\u00e9duit le traumatisme dentaire, facilite l&#8217;acc\u00e8s m\u00eame avec une ouverture [&hellip;]<\/p>\n","protected":false},"featured_media":33832,"comment_status":"open","ping_status":"closed","template":"","meta":[],"product_brand":[],"product_cat":[166],"product_tag":[],"class_list":{"0":"post-33833","1":"product","2":"type-product","3":"status-publish","4":"has-post-thumbnail","6":"product_cat-equipements-medicaux-et-chirurgicaux","8":"first","9":"instock","10":"taxable","11":"shipping-taxable","12":"purchasable","13":"product-type-simple"},"_links":{"self":[{"href":"https:\/\/promatmedical.com\/en\/wp-json\/wp\/v2\/product\/33833","targetHints":{"allow":["GET"]}}],"collection":[{"href":"https:\/\/promatmedical.com\/en\/wp-json\/wp\/v2\/product"}],"about":[{"href":"https:\/\/promatmedical.com\/en\/wp-json\/wp\/v2\/types\/product"}],"replies":[{"embeddable":true,"href":"https:\/\/promatmedical.com\/en\/wp-json\/wp\/v2\/comments?post=33833"}],"wp:featuredmedia":[{"embeddable":true,"href":"https:\/\/promatmedical.com\/en\/wp-json\/wp\/v2\/media\/33832"}],"wp:attachment":[{"href":"https:\/\/promatmedical.com\/en\/wp-json\/wp\/v2\/media?parent=33833"}],"wp:term":[{"taxonomy":"product_brand","embeddable":true,"href":"https:\/\/promatmedical.com\/en\/wp-json\/wp\/v2\/product_brand?post=33833"},{"taxonomy":"product_cat","embeddable":true,"href":"https:\/\/promatmedical.com\/en\/wp-json\/wp\/v2\/product_cat?post=33833"},{"taxonomy":"product_tag","embeddable":true,"href":"https:\/\/promatmedical.com\/en\/wp-json\/wp\/v2\/product_tag?post=33833"}],"curies":[{"name":"wp","href":"https:\/\/api.w.org\/{rel}","templated":true}]}}