{"id":33847,"date":"2025-03-21T11:57:40","date_gmt":"2025-03-21T10:57:40","guid":{"rendered":"https:\/\/promatmedical.com\/bj\/produit\/manche-led-f-o-a-batterie-a-usage-unique-rtu-145-klux-pediatrique\/"},"modified":"2025-03-21T11:57:40","modified_gmt":"2025-03-21T10:57:40","slug":"manche-led-f-o-a-batterie-a-usage-unique-rtu-145-klux-pediatrique","status":"publish","type":"product","link":"https:\/\/promatmedical.com\/en\/product\/manche-led-f-o-a-batterie-a-usage-unique-rtu-145-klux-pediatrique\/","title":{"rendered":"Manche led f.o \u00e0 batterie \u00e0 usage unique rtu 145 klux &#8211; p\u00e9diatrique"},"content":{"rendered":"<p>MANCHES \u00c0 BATTERIE \u00c0 USAGE INDIVIDUEL<\/p>\n<p>\u2022 Manche \u00e0 batterie &#8220;RTU&#8221; (pr\u00eat-\u00e0-l\u2019emploi) &#8211; p\u00e9diatrique<\/p>\n<p>&#8211; l\u00e9gers, indiqu\u00e9s pour usage hospitalier quotidien<br \/>\n&#8211; usage pour un patient unique, pour \u00e9viter les infections crois\u00e9es<br \/>\n&#8211; compatible avec Syst\u00e8me Green ISO 7376<br \/>\n&#8211; solution parfaite aux probl\u00e8mes de nettoyage des champs EMS<br \/>\n&#8211; les manches pr\u00eats \u00e0 l\u2019emploi (Ready To Use, RTU) (58016-17) sont livr\u00e9s avec des batteries pre-charg\u00e9es \u00e9cologiques<br \/>\n&#8211; indiqu\u00e9s m\u00eame pour lames r\u00e9utilisables<\/p>","protected":false},"excerpt":{"rendered":"<p>MANCHES \u00c0 BATTERIE \u00c0 USAGE INDIVIDUEL \u2022 Manche \u00e0 batterie &#8220;RTU&#8221; (pr\u00eat-\u00e0-l\u2019emploi) &#8211; p\u00e9diatrique &#8211; l\u00e9gers, indiqu\u00e9s pour usage hospitalier quotidien &#8211; usage pour un patient unique, pour \u00e9viter les infections crois\u00e9es &#8211; compatible avec Syst\u00e8me Green ISO 7376 &#8211; solution parfaite aux probl\u00e8mes de nettoyage des champs EMS &#8211; les manches pr\u00eats \u00e0 l\u2019emploi [&hellip;]<\/p>\n","protected":false},"featured_media":33846,"comment_status":"open","ping_status":"closed","template":"","meta":[],"product_brand":[],"product_cat":[166],"product_tag":[],"class_list":{"0":"post-33847","1":"product","2":"type-product","3":"status-publish","4":"has-post-thumbnail","6":"product_cat-equipements-medicaux-et-chirurgicaux","8":"first","9":"instock","10":"taxable","11":"shipping-taxable","12":"purchasable","13":"product-type-simple"},"_links":{"self":[{"href":"https:\/\/promatmedical.com\/en\/wp-json\/wp\/v2\/product\/33847","targetHints":{"allow":["GET"]}}],"collection":[{"href":"https:\/\/promatmedical.com\/en\/wp-json\/wp\/v2\/product"}],"about":[{"href":"https:\/\/promatmedical.com\/en\/wp-json\/wp\/v2\/types\/product"}],"replies":[{"embeddable":true,"href":"https:\/\/promatmedical.com\/en\/wp-json\/wp\/v2\/comments?post=33847"}],"wp:featuredmedia":[{"embeddable":true,"href":"https:\/\/promatmedical.com\/en\/wp-json\/wp\/v2\/media\/33846"}],"wp:attachment":[{"href":"https:\/\/promatmedical.com\/en\/wp-json\/wp\/v2\/media?parent=33847"}],"wp:term":[{"taxonomy":"product_brand","embeddable":true,"href":"https:\/\/promatmedical.com\/en\/wp-json\/wp\/v2\/product_brand?post=33847"},{"taxonomy":"product_cat","embeddable":true,"href":"https:\/\/promatmedical.com\/en\/wp-json\/wp\/v2\/product_cat?post=33847"},{"taxonomy":"product_tag","embeddable":true,"href":"https:\/\/promatmedical.com\/en\/wp-json\/wp\/v2\/product_tag?post=33847"}],"curies":[{"name":"wp","href":"https:\/\/api.w.org\/{rel}","templated":true}]}}