{"id":33853,"date":"2025-03-21T11:58:16","date_gmt":"2025-03-21T10:58:16","guid":{"rendered":"https:\/\/promatmedical.com\/bj\/produit\/manche-led-f-o-a-batterie-a-usage-unique-rtu-145-klux-adultes-2\/"},"modified":"2025-03-21T11:58:16","modified_gmt":"2025-03-21T10:58:16","slug":"manche-led-f-o-a-batterie-a-usage-unique-rtu-145-klux-adultes-2","status":"publish","type":"product","link":"https:\/\/promatmedical.com\/en\/product\/manche-led-f-o-a-batterie-a-usage-unique-rtu-145-klux-adultes-2\/","title":{"rendered":"Manche led f.o \u00e0 batterie \u00e0 usage unique rtu 145 klux &#8211; adultes"},"content":{"rendered":"<p>MANCHES \u00c0 BATTERIE F.O. LED 2,5 V \u00c0 USAGE INDIVIDUEL<\/p>\n<p>Manche a batterie &#8220;RTU&#8221; (pret-a-l\u2019emploi) &#8211; adulte &#8211; bo\u00eete de 10<\/p>\n<p>&#8211; l\u00e9gers, indiqu\u00e9s pour usage hospitalier quotidien<br \/>\n&#8211; usage pour un patient unique, pour \u00e9viter les infections crois\u00e9es<br \/>\n&#8211; compatible avec Syst\u00e8me Green ISO 7376<br \/>\n&#8211; solution parfaite aux probl\u00e8mes de nettoyage des champs EMS<br \/>\n&#8211; les manches pr\u00eats \u00e0 l\u2019emploi (Ready To Use, RTU) sont livr\u00e9s avec des batteries pre-charg\u00e9es ecologiques jetables<br \/>\n&#8211; indiqu\u00e9s m\u00eame pour lames r\u00e9utilisables<\/p>\n<p>Mode d&#8217;emploi multilingue: GB, FR, IT, ES, PT, DE, RO, GR, Arabe.<\/p>","protected":false},"excerpt":{"rendered":"<p>MANCHES \u00c0 BATTERIE F.O. LED 2,5 V \u00c0 USAGE INDIVIDUEL Manche a batterie &#8220;RTU&#8221; (pret-a-l\u2019emploi) &#8211; adulte &#8211; bo\u00eete de 10 &#8211; l\u00e9gers, indiqu\u00e9s pour usage hospitalier quotidien &#8211; usage pour un patient unique, pour \u00e9viter les infections crois\u00e9es &#8211; compatible avec Syst\u00e8me Green ISO 7376 &#8211; solution parfaite aux probl\u00e8mes de nettoyage des champs [&hellip;]<\/p>\n","protected":false},"featured_media":33852,"comment_status":"open","ping_status":"closed","template":"","meta":[],"product_brand":[],"product_cat":[166],"product_tag":[],"class_list":{"0":"post-33853","1":"product","2":"type-product","3":"status-publish","4":"has-post-thumbnail","6":"product_cat-equipements-medicaux-et-chirurgicaux","8":"first","9":"instock","10":"taxable","11":"shipping-taxable","12":"purchasable","13":"product-type-simple"},"_links":{"self":[{"href":"https:\/\/promatmedical.com\/en\/wp-json\/wp\/v2\/product\/33853","targetHints":{"allow":["GET"]}}],"collection":[{"href":"https:\/\/promatmedical.com\/en\/wp-json\/wp\/v2\/product"}],"about":[{"href":"https:\/\/promatmedical.com\/en\/wp-json\/wp\/v2\/types\/product"}],"replies":[{"embeddable":true,"href":"https:\/\/promatmedical.com\/en\/wp-json\/wp\/v2\/comments?post=33853"}],"wp:featuredmedia":[{"embeddable":true,"href":"https:\/\/promatmedical.com\/en\/wp-json\/wp\/v2\/media\/33852"}],"wp:attachment":[{"href":"https:\/\/promatmedical.com\/en\/wp-json\/wp\/v2\/media?parent=33853"}],"wp:term":[{"taxonomy":"product_brand","embeddable":true,"href":"https:\/\/promatmedical.com\/en\/wp-json\/wp\/v2\/product_brand?post=33853"},{"taxonomy":"product_cat","embeddable":true,"href":"https:\/\/promatmedical.com\/en\/wp-json\/wp\/v2\/product_cat?post=33853"},{"taxonomy":"product_tag","embeddable":true,"href":"https:\/\/promatmedical.com\/en\/wp-json\/wp\/v2\/product_tag?post=33853"}],"curies":[{"name":"wp","href":"https:\/\/api.w.org\/{rel}","templated":true}]}}