{"id":33879,"date":"2025-03-21T12:00:37","date_gmt":"2025-03-21T11:00:37","guid":{"rendered":"https:\/\/promatmedical.com\/bj\/produit\/lame-flexi-maxlite-a-f-o-mc-intosh-n-4\/"},"modified":"2025-03-21T12:00:37","modified_gmt":"2025-03-21T11:00:37","slug":"lame-flexi-maxlite-a-f-o-mc-intosh-n-4","status":"publish","type":"product","link":"https:\/\/promatmedical.com\/en\/product\/lame-flexi-maxlite-a-f-o-mc-intosh-n-4\/","title":{"rendered":"Lame flexi maxlite \u00e0 f.o. mc intosh n 4"},"content":{"rendered":"<p>La pointe mobile de la lame facilite le soul\u00e8vement de l\u2019\u00e9piglotte et offre une visibilit\u00e9 parfaite lors de l\u2019intubation, m\u00eame en conditions anatomiques difficiles.<br \/>\nUne meilleure visibilit\u00e9 et une force de levier plus faible r\u00e9duisent le risque de blessure du larynx et des dents.<\/p>\n<p>&#8211; structure en acier inox, finition matte<br \/>\n&#8211; compatibles avec toutes les poign\u00e9es de la gamme \u00abgreen\u00bb<br \/>\n&#8211; conformes aux normes \u00abgreen\u00bb ISO 7376<br \/>\n&#8211; le canal optimise la zone visible<br \/>\n&#8211; autoclavables \u00e0 134\u00b0 c, environ 2 000 fois<br \/>\n&#8211; peut supporter la st\u00e9rilisation par plasma (Sterrad 100 NX)<\/p>","protected":false},"excerpt":{"rendered":"<p>La pointe mobile de la lame facilite le soul\u00e8vement de l\u2019\u00e9piglotte et offre une visibilit\u00e9 parfaite lors de l\u2019intubation, m\u00eame en conditions anatomiques difficiles. Une meilleure visibilit\u00e9 et une force de levier plus faible r\u00e9duisent le risque de blessure du larynx et des dents. &#8211; structure en acier inox, finition matte &#8211; compatibles avec toutes [&hellip;]<\/p>\n","protected":false},"featured_media":33878,"comment_status":"open","ping_status":"closed","template":"","meta":[],"product_brand":[],"product_cat":[166],"product_tag":[],"class_list":{"0":"post-33879","1":"product","2":"type-product","3":"status-publish","4":"has-post-thumbnail","6":"product_cat-equipements-medicaux-et-chirurgicaux","8":"first","9":"instock","10":"taxable","11":"shipping-taxable","12":"purchasable","13":"product-type-simple"},"_links":{"self":[{"href":"https:\/\/promatmedical.com\/en\/wp-json\/wp\/v2\/product\/33879","targetHints":{"allow":["GET"]}}],"collection":[{"href":"https:\/\/promatmedical.com\/en\/wp-json\/wp\/v2\/product"}],"about":[{"href":"https:\/\/promatmedical.com\/en\/wp-json\/wp\/v2\/types\/product"}],"replies":[{"embeddable":true,"href":"https:\/\/promatmedical.com\/en\/wp-json\/wp\/v2\/comments?post=33879"}],"wp:featuredmedia":[{"embeddable":true,"href":"https:\/\/promatmedical.com\/en\/wp-json\/wp\/v2\/media\/33878"}],"wp:attachment":[{"href":"https:\/\/promatmedical.com\/en\/wp-json\/wp\/v2\/media?parent=33879"}],"wp:term":[{"taxonomy":"product_brand","embeddable":true,"href":"https:\/\/promatmedical.com\/en\/wp-json\/wp\/v2\/product_brand?post=33879"},{"taxonomy":"product_cat","embeddable":true,"href":"https:\/\/promatmedical.com\/en\/wp-json\/wp\/v2\/product_cat?post=33879"},{"taxonomy":"product_tag","embeddable":true,"href":"https:\/\/promatmedical.com\/en\/wp-json\/wp\/v2\/product_tag?post=33879"}],"curies":[{"name":"wp","href":"https:\/\/api.w.org\/{rel}","templated":true}]}}