{"id":33895,"date":"2025-03-21T12:01:53","date_gmt":"2025-03-21T11:01:53","guid":{"rendered":"https:\/\/promatmedical.com\/bj\/produit\/video-laryngoscope\/"},"modified":"2025-03-21T12:01:53","modified_gmt":"2025-03-21T11:01:53","slug":"video-laryngoscope","status":"publish","type":"product","link":"https:\/\/promatmedical.com\/en\/product\/video-laryngoscope\/","title":{"rendered":"Vid\u00e9o laryngoscope"},"content":{"rendered":"<p>VID\u00c9O LARYNGOSCOPE NUM\u00c9RIQUE<\/p>\n<p>Dispositif d&#8217;intubation visuel innovant, affichant sur l&#8217;\u00e9cran une image claire et directe de la structure pharyngienne. Il r\u00e9duit les traumatismes lors de l&#8217;intubation trach\u00e9ale aussi bien que la difficult\u00e9 de la proc\u00e9dure.<\/p>\n<p>&#8211; Forme ergonomique et durable, avec poign\u00e9e bact\u00e9riostatique s\u00fbre.<br \/>\n&#8211; Lames jetables pour \u00e9viter la contamination crois\u00e9e.<br \/>\n&#8211; Facilit\u00e9 d&#8217;utilisation, fonctionnement \u00e0 un bouton.<br \/>\n&#8211; \u00c9cran tactile intuitif avec double fonction anti-bu\u00e9e pour garantir la clart\u00e9 des images.<br \/>\n&#8211; L&#8217;\u00e9cran r\u00e9glable offre une grande rotation pour optimiser la vision.<br \/>\n&#8211; Compact, l\u00e9ger et \u00e9conomique.<\/p>\n<p>Il enregistre photos et vid\u00e9os qui peuvent \u00eatre export\u00e9es en reliant le vid\u00e9o laryngoscope \u00e0 l&#8217;ordinateur. Con\u00e7u pour l&#8217;usage clinique chez les adultes et les enfants, il guide le personnel m\u00e9dical dans l&#8217;intubation pr\u00e9cise pour l&#8217;anesth\u00e9sie ou les soins d&#8217;urgence. Il est aussi adapt\u00e9 pour les examens ou les traitements de la cavit\u00e9 buccale.<\/p>\n<p>Livr\u00e9 avec 3 lames jetables (enfants, adultes, adultes grands), batterie rechargeable int\u00e9gr\u00e9e, adaptateur d&#8217;alimentation, c\u00e2ble USB, logiciel interne et mode d&#8217;emploi (GB, FR, IT, DE), \u00e9tui rigide en m\u00e9tal.<\/p>","protected":false},"excerpt":{"rendered":"<p>VID\u00c9O LARYNGOSCOPE NUM\u00c9RIQUE Dispositif d&#8217;intubation visuel innovant, affichant sur l&#8217;\u00e9cran une image claire et directe de la structure pharyngienne. Il r\u00e9duit les traumatismes lors de l&#8217;intubation trach\u00e9ale aussi bien que la difficult\u00e9 de la proc\u00e9dure. &#8211; Forme ergonomique et durable, avec poign\u00e9e bact\u00e9riostatique s\u00fbre. &#8211; Lames jetables pour \u00e9viter la contamination crois\u00e9e. &#8211; Facilit\u00e9 d&#8217;utilisation, [&hellip;]<\/p>\n","protected":false},"featured_media":33894,"comment_status":"open","ping_status":"closed","template":"","meta":[],"product_brand":[],"product_cat":[166],"product_tag":[],"class_list":{"0":"post-33895","1":"product","2":"type-product","3":"status-publish","4":"has-post-thumbnail","6":"product_cat-equipements-medicaux-et-chirurgicaux","8":"first","9":"instock","10":"taxable","11":"shipping-taxable","12":"purchasable","13":"product-type-simple"},"_links":{"self":[{"href":"https:\/\/promatmedical.com\/en\/wp-json\/wp\/v2\/product\/33895","targetHints":{"allow":["GET"]}}],"collection":[{"href":"https:\/\/promatmedical.com\/en\/wp-json\/wp\/v2\/product"}],"about":[{"href":"https:\/\/promatmedical.com\/en\/wp-json\/wp\/v2\/types\/product"}],"replies":[{"embeddable":true,"href":"https:\/\/promatmedical.com\/en\/wp-json\/wp\/v2\/comments?post=33895"}],"wp:featuredmedia":[{"embeddable":true,"href":"https:\/\/promatmedical.com\/en\/wp-json\/wp\/v2\/media\/33894"}],"wp:attachment":[{"href":"https:\/\/promatmedical.com\/en\/wp-json\/wp\/v2\/media?parent=33895"}],"wp:term":[{"taxonomy":"product_brand","embeddable":true,"href":"https:\/\/promatmedical.com\/en\/wp-json\/wp\/v2\/product_brand?post=33895"},{"taxonomy":"product_cat","embeddable":true,"href":"https:\/\/promatmedical.com\/en\/wp-json\/wp\/v2\/product_cat?post=33895"},{"taxonomy":"product_tag","embeddable":true,"href":"https:\/\/promatmedical.com\/en\/wp-json\/wp\/v2\/product_tag?post=33895"}],"curies":[{"name":"wp","href":"https:\/\/api.w.org\/{rel}","templated":true}]}}