{"id":33910,"date":"2025-03-21T12:03:16","date_gmt":"2025-03-21T11:03:16","guid":{"rendered":"https:\/\/promatmedical.com\/bj\/produit\/pansement-bwt-adhesif-sterile-10x125-cm\/"},"modified":"2025-03-21T12:03:16","modified_gmt":"2025-03-21T11:03:16","slug":"pansement-bwt-adhesif-sterile-10x125-cm","status":"publish","type":"product","link":"https:\/\/promatmedical.com\/en\/product\/pansement-bwt-adhesif-sterile-10x125-cm\/","title":{"rendered":"Pansement bwt adh\u00e9sif st\u00e9rile 10&#215;12,5 cm"},"content":{"rendered":"<p>PANSEMENT BWT ADH\u00c9SIF &#8211; IMPERM\u00c9ABLE<\/p>\n<p>Pansement adh\u00e9sif hypoallerg\u00e9nique st\u00e9rile avec compresse centrale absorbante n&#8217;adh\u00e9rant pas \u00e0 la plaie.<br \/>\nProtection imperm\u00e9able st\u00e9rile des plaies chirurgicales, des plaies superficielles, des coupures et des abrasions.<br \/>\nBo\u00eete multilingue: GB, FR, IT, ES, DE.<br \/>\nDispositif m\u00e9dical de Classe I.<\/p>\n<p>\u2022 PANSEMENT LIGNE PHARMACIE &#8211; ST\u00c9RILE<br \/>\n\u2022 Pansement chirurgical<br \/>\n\u2022 Dimensions: 10 x 12,5 cm<br \/>\n\u2022 Compresse: 5 x 7,5 cm<br \/>\n\u2022 Commande minimum: bo\u00eete de 5<\/p>\n<p>Mat\u00e9riau BWT: respirant, imperm\u00e9able, fin.<br \/>\nAngles arrondis \u00e9vitant le d\u00e9collement trop facile du pansement.<br \/>\nLe film en polyur\u00e9thane agit comme barri\u00e8re antibact\u00e9rienne.<br \/>\nMade in Italy.<\/p>","protected":false},"excerpt":{"rendered":"<p>PANSEMENT BWT ADH\u00c9SIF &#8211; IMPERM\u00c9ABLE Pansement adh\u00e9sif hypoallerg\u00e9nique st\u00e9rile avec compresse centrale absorbante n&#8217;adh\u00e9rant pas \u00e0 la plaie. Protection imperm\u00e9able st\u00e9rile des plaies chirurgicales, des plaies superficielles, des coupures et des abrasions. Bo\u00eete multilingue: GB, FR, IT, ES, DE. Dispositif m\u00e9dical de Classe I. \u2022 PANSEMENT LIGNE PHARMACIE &#8211; ST\u00c9RILE \u2022 Pansement chirurgical \u2022 Dimensions: [&hellip;]<\/p>\n","protected":false},"featured_media":18466,"comment_status":"open","ping_status":"closed","template":"","meta":[],"product_brand":[],"product_cat":[166],"product_tag":[],"class_list":{"0":"post-33910","1":"product","2":"type-product","3":"status-publish","4":"has-post-thumbnail","6":"product_cat-equipements-medicaux-et-chirurgicaux","8":"first","9":"instock","10":"taxable","11":"shipping-taxable","12":"purchasable","13":"product-type-simple"},"_links":{"self":[{"href":"https:\/\/promatmedical.com\/en\/wp-json\/wp\/v2\/product\/33910","targetHints":{"allow":["GET"]}}],"collection":[{"href":"https:\/\/promatmedical.com\/en\/wp-json\/wp\/v2\/product"}],"about":[{"href":"https:\/\/promatmedical.com\/en\/wp-json\/wp\/v2\/types\/product"}],"replies":[{"embeddable":true,"href":"https:\/\/promatmedical.com\/en\/wp-json\/wp\/v2\/comments?post=33910"}],"wp:featuredmedia":[{"embeddable":true,"href":"https:\/\/promatmedical.com\/en\/wp-json\/wp\/v2\/media\/18466"}],"wp:attachment":[{"href":"https:\/\/promatmedical.com\/en\/wp-json\/wp\/v2\/media?parent=33910"}],"wp:term":[{"taxonomy":"product_brand","embeddable":true,"href":"https:\/\/promatmedical.com\/en\/wp-json\/wp\/v2\/product_brand?post=33910"},{"taxonomy":"product_cat","embeddable":true,"href":"https:\/\/promatmedical.com\/en\/wp-json\/wp\/v2\/product_cat?post=33910"},{"taxonomy":"product_tag","embeddable":true,"href":"https:\/\/promatmedical.com\/en\/wp-json\/wp\/v2\/product_tag?post=33910"}],"curies":[{"name":"wp","href":"https:\/\/api.w.org\/{rel}","templated":true}]}}