{"id":33932,"date":"2025-03-21T12:05:42","date_gmt":"2025-03-21T11:05:42","guid":{"rendered":"https:\/\/promatmedical.com\/bj\/produit\/filet-tubulaire-elastique-taille-f-pour-la-tete-les-epaules-le-bassin-les-jambes-sans-latex\/"},"modified":"2025-03-21T12:05:42","modified_gmt":"2025-03-21T11:05:42","slug":"filet-tubulaire-elastique-taille-f-pour-la-tete-les-epaules-le-bassin-les-jambes-sans-latex","status":"publish","type":"product","link":"https:\/\/promatmedical.com\/en\/product\/filet-tubulaire-elastique-taille-f-pour-la-tete-les-epaules-le-bassin-les-jambes-sans-latex\/","title":{"rendered":"Filet tubulaire \u00e9lastique taille f pour la t\u00eate, les \u00e9paules, le bassin, les jambes &#8211; sans latex"},"content":{"rendered":"<p>FILET TUBULAIRE \u00c9LASTIQUE SURGIFIX\u00ae<\/p>\n<p>\u2022 Mat\u00e9riel: ZEROLATEX (polyamide 86%, elastom\u00e8re 14%)<br \/>\n\u2022 Filet t\u00eate, \u00e9paule, bassin, jambe<br \/>\n\u2022 Gamme: F<br \/>\n\u2022 Largeur mm: 78 (La diff\u00e9rence de largeur entre Poly et Zerolatex est due \u00e0 la diff\u00e9rente \u00e9lasticit\u00e9 des mat\u00e9riaux)<br \/>\n\u2022 Longueur \u00e9tir\u00e9: 25 m<\/p>\n<p>Filet tubulaire \u00e9lastique l\u00e9ger, souple et transpirant, id\u00e9al pour la fixation de gazes et pansements.<br \/>\nSa structure unique permet son utilisation sur toutes les parties du corps, assurant une adh\u00e9rence parfaite, un degr\u00e9 optimal de compression et un confort in\u00e9gal\u00e9 pour le patient. Peut \u00eatre coup\u00e9 \u00e0 la longueur souhait\u00e9e.<br \/>\nDeux gammes: Poly (polyester 38%, polyamide 35%, latex 27%) et Zerolatex (polyamide 86%, elastom\u00e8re 14%).<\/p>\n<p>Bo\u00eete multilingue (GB, FR, IT, ES, DE) et instructions multilingues (GB, FR, IT, ES, PT, DE, HU, PL, BG, GR, RO, SE, SI, NO, NL, LT, LV, CZ, DK, FI, RU, TR, SK, EE, JP, Arabe).<\/p>\n<p>Made in Italy.<\/p>","protected":false},"excerpt":{"rendered":"<p>FILET TUBULAIRE \u00c9LASTIQUE SURGIFIX\u00ae \u2022 Mat\u00e9riel: ZEROLATEX (polyamide 86%, elastom\u00e8re 14%) \u2022 Filet t\u00eate, \u00e9paule, bassin, jambe \u2022 Gamme: F \u2022 Largeur mm: 78 (La diff\u00e9rence de largeur entre Poly et Zerolatex est due \u00e0 la diff\u00e9rente \u00e9lasticit\u00e9 des mat\u00e9riaux) \u2022 Longueur \u00e9tir\u00e9: 25 m Filet tubulaire \u00e9lastique l\u00e9ger, souple et transpirant, id\u00e9al pour la [&hellip;]<\/p>\n","protected":false},"featured_media":33931,"comment_status":"open","ping_status":"closed","template":"","meta":[],"product_brand":[],"product_cat":[166],"product_tag":[],"class_list":{"0":"post-33932","1":"product","2":"type-product","3":"status-publish","4":"has-post-thumbnail","6":"product_cat-equipements-medicaux-et-chirurgicaux","8":"first","9":"instock","10":"taxable","11":"shipping-taxable","12":"purchasable","13":"product-type-simple"},"_links":{"self":[{"href":"https:\/\/promatmedical.com\/en\/wp-json\/wp\/v2\/product\/33932","targetHints":{"allow":["GET"]}}],"collection":[{"href":"https:\/\/promatmedical.com\/en\/wp-json\/wp\/v2\/product"}],"about":[{"href":"https:\/\/promatmedical.com\/en\/wp-json\/wp\/v2\/types\/product"}],"replies":[{"embeddable":true,"href":"https:\/\/promatmedical.com\/en\/wp-json\/wp\/v2\/comments?post=33932"}],"wp:featuredmedia":[{"embeddable":true,"href":"https:\/\/promatmedical.com\/en\/wp-json\/wp\/v2\/media\/33931"}],"wp:attachment":[{"href":"https:\/\/promatmedical.com\/en\/wp-json\/wp\/v2\/media?parent=33932"}],"wp:term":[{"taxonomy":"product_brand","embeddable":true,"href":"https:\/\/promatmedical.com\/en\/wp-json\/wp\/v2\/product_brand?post=33932"},{"taxonomy":"product_cat","embeddable":true,"href":"https:\/\/promatmedical.com\/en\/wp-json\/wp\/v2\/product_cat?post=33932"},{"taxonomy":"product_tag","embeddable":true,"href":"https:\/\/promatmedical.com\/en\/wp-json\/wp\/v2\/product_tag?post=33932"}],"curies":[{"name":"wp","href":"https:\/\/api.w.org\/{rel}","templated":true}]}}