{"id":33944,"date":"2025-03-21T12:06:42","date_gmt":"2025-03-21T11:06:42","guid":{"rendered":"https:\/\/promatmedical.com\/bj\/produit\/bandage-neuromusculaire-leukotape-k-5-m-x-5-cm-bleu-clair\/"},"modified":"2025-03-21T12:06:42","modified_gmt":"2025-03-21T11:06:42","slug":"bandage-neuromusculaire-leukotape-k-5-m-x-5-cm-bleu-clair","status":"publish","type":"product","link":"https:\/\/promatmedical.com\/en\/product\/bandage-neuromusculaire-leukotape-k-5-m-x-5-cm-bleu-clair\/","title":{"rendered":"Bandage neuromusculaire leukotape k 5 m x 5 cm &#8211; bleu clair"},"content":{"rendered":"<p>TAPING NEUROMUSCULAIRE LEUKOTAPE\u00ae K<\/p>\n<p>\u2022 Dimensions: 5 m x 5 cm<br \/>\n\u2022 Couleur: bleu clair<\/p>\n<p>Bandes adh\u00e9sives \u00e9lastiques pour taping neuromusculaire.<\/p>\n<p>100% tissu en coton rev\u00eatu d&#8217;adh\u00e9sif acrylique fort.<\/p>\n<p>R\u00e9sistant \u00e0 l&#8217;eau et sans latex.<br \/>\nMultilingue: GB, FR, IT, ES, DE, PT, NL.<\/p>","protected":false},"excerpt":{"rendered":"<p>TAPING NEUROMUSCULAIRE LEUKOTAPE\u00ae K \u2022 Dimensions: 5 m x 5 cm \u2022 Couleur: bleu clair Bandes adh\u00e9sives \u00e9lastiques pour taping neuromusculaire. 100% tissu en coton rev\u00eatu d&#8217;adh\u00e9sif acrylique fort. R\u00e9sistant \u00e0 l&#8217;eau et sans latex. Multilingue: GB, FR, IT, ES, DE, PT, NL.<\/p>","protected":false},"featured_media":33943,"comment_status":"open","ping_status":"closed","template":"","meta":[],"product_brand":[],"product_cat":[166],"product_tag":[],"class_list":{"0":"post-33944","1":"product","2":"type-product","3":"status-publish","4":"has-post-thumbnail","6":"product_cat-equipements-medicaux-et-chirurgicaux","8":"first","9":"instock","10":"taxable","11":"shipping-taxable","12":"purchasable","13":"product-type-simple"},"_links":{"self":[{"href":"https:\/\/promatmedical.com\/en\/wp-json\/wp\/v2\/product\/33944","targetHints":{"allow":["GET"]}}],"collection":[{"href":"https:\/\/promatmedical.com\/en\/wp-json\/wp\/v2\/product"}],"about":[{"href":"https:\/\/promatmedical.com\/en\/wp-json\/wp\/v2\/types\/product"}],"replies":[{"embeddable":true,"href":"https:\/\/promatmedical.com\/en\/wp-json\/wp\/v2\/comments?post=33944"}],"wp:featuredmedia":[{"embeddable":true,"href":"https:\/\/promatmedical.com\/en\/wp-json\/wp\/v2\/media\/33943"}],"wp:attachment":[{"href":"https:\/\/promatmedical.com\/en\/wp-json\/wp\/v2\/media?parent=33944"}],"wp:term":[{"taxonomy":"product_brand","embeddable":true,"href":"https:\/\/promatmedical.com\/en\/wp-json\/wp\/v2\/product_brand?post=33944"},{"taxonomy":"product_cat","embeddable":true,"href":"https:\/\/promatmedical.com\/en\/wp-json\/wp\/v2\/product_cat?post=33944"},{"taxonomy":"product_tag","embeddable":true,"href":"https:\/\/promatmedical.com\/en\/wp-json\/wp\/v2\/product_tag?post=33944"}],"curies":[{"name":"wp","href":"https:\/\/api.w.org\/{rel}","templated":true}]}}