{"id":33952,"date":"2025-03-21T12:07:25","date_gmt":"2025-03-21T11:07:25","guid":{"rendered":"https:\/\/promatmedical.com\/bj\/produit\/scie-pour-platre-hebu-gold-ii\/"},"modified":"2025-03-21T12:07:25","modified_gmt":"2025-03-21T11:07:25","slug":"scie-pour-platre-hebu-gold-ii","status":"publish","type":"product","link":"https:\/\/promatmedical.com\/en\/product\/scie-pour-platre-hebu-gold-ii\/","title":{"rendered":"Scie pour pl\u00e2tre hebu gold ii"},"content":{"rendered":"<p>SCIE POUR PL\u00c2TRE HEBU GOLD II<\/p>\n<p>La nouvelle scie \u00e0 oscillation professionnelle coupe le pl\u00e2tre et les bandages synth\u00e9tiques de mani\u00e8re rapide, fiable,silencieuse et pr\u00e9cise.<br \/>\nMoteur performant avec r\u00e9glage \u00e9lectronique de la vitesse et d\u00e9marrage progressif, qui agit d\u00e9licatement sur les mat\u00e9riaux.<br \/>\nLe moteur est refroidi selon le principe de circulation.<br \/>\nAir froid est aspir\u00e9 \u00e0 l&#8217;extr\u00e9mit\u00e9 du moteur pour prot\u00e9ger le syst\u00e8me d&#8217;alimentation contre r\u00e9sine, poussi\u00e8re et r\u00e9sidus.<br \/>\nR\u00e9alis\u00e9e en mat\u00e9riaux de haute qualit\u00e9.<\/p>\n<p>Made in Germany.<\/p>","protected":false},"excerpt":{"rendered":"<p>SCIE POUR PL\u00c2TRE HEBU GOLD II La nouvelle scie \u00e0 oscillation professionnelle coupe le pl\u00e2tre et les bandages synth\u00e9tiques de mani\u00e8re rapide, fiable,silencieuse et pr\u00e9cise. Moteur performant avec r\u00e9glage \u00e9lectronique de la vitesse et d\u00e9marrage progressif, qui agit d\u00e9licatement sur les mat\u00e9riaux. Le moteur est refroidi selon le principe de circulation. Air froid est aspir\u00e9 [&hellip;]<\/p>\n","protected":false},"featured_media":33951,"comment_status":"open","ping_status":"closed","template":"","meta":[],"product_brand":[],"product_cat":[166],"product_tag":[],"class_list":{"0":"post-33952","1":"product","2":"type-product","3":"status-publish","4":"has-post-thumbnail","6":"product_cat-equipements-medicaux-et-chirurgicaux","8":"first","9":"instock","10":"taxable","11":"shipping-taxable","12":"purchasable","13":"product-type-simple"},"_links":{"self":[{"href":"https:\/\/promatmedical.com\/en\/wp-json\/wp\/v2\/product\/33952","targetHints":{"allow":["GET"]}}],"collection":[{"href":"https:\/\/promatmedical.com\/en\/wp-json\/wp\/v2\/product"}],"about":[{"href":"https:\/\/promatmedical.com\/en\/wp-json\/wp\/v2\/types\/product"}],"replies":[{"embeddable":true,"href":"https:\/\/promatmedical.com\/en\/wp-json\/wp\/v2\/comments?post=33952"}],"wp:featuredmedia":[{"embeddable":true,"href":"https:\/\/promatmedical.com\/en\/wp-json\/wp\/v2\/media\/33951"}],"wp:attachment":[{"href":"https:\/\/promatmedical.com\/en\/wp-json\/wp\/v2\/media?parent=33952"}],"wp:term":[{"taxonomy":"product_brand","embeddable":true,"href":"https:\/\/promatmedical.com\/en\/wp-json\/wp\/v2\/product_brand?post=33952"},{"taxonomy":"product_cat","embeddable":true,"href":"https:\/\/promatmedical.com\/en\/wp-json\/wp\/v2\/product_cat?post=33952"},{"taxonomy":"product_tag","embeddable":true,"href":"https:\/\/promatmedical.com\/en\/wp-json\/wp\/v2\/product_tag?post=33952"}],"curies":[{"name":"wp","href":"https:\/\/api.w.org\/{rel}","templated":true}]}}