{"id":33960,"date":"2025-03-21T12:08:06","date_gmt":"2025-03-21T11:08:06","guid":{"rendered":"https:\/\/promatmedical.com\/bj\/produit\/bandage-compressif-comprilan-5-m-x-8-cm\/"},"modified":"2025-03-21T12:08:06","modified_gmt":"2025-03-21T11:08:06","slug":"bandage-compressif-comprilan-5-m-x-8-cm","status":"publish","type":"product","link":"https:\/\/promatmedical.com\/en\/product\/bandage-compressif-comprilan-5-m-x-8-cm\/","title":{"rendered":"Compressive bandage Comprilan 5 m x 8 cm"},"content":{"rendered":"<p>BANDAGES DE COMPRESSION COMPRILAN\u00ae 5 m x 8 cm<br \/>\nCode BSN: 01027-00<\/p>\n<p>Bandages de compression \u00e9lastiques (90%) pour phl\u00e9bologie et applications de lymphologie.<br \/>\n100% coton (couleur peau).<br \/>\nLongueur 5 m.<br \/>\nLavables et st\u00e9rilisables.<br \/>\nSans latex.<\/p>","protected":false},"excerpt":{"rendered":"<p>BANDAGES DE COMPRESSION COMPRILAN\u00ae 5 m x 8 cm Code BSN: 01027-00 Bandages de compression \u00e9lastiques (90%) pour phl\u00e9bologie et applications de lymphologie. 100% coton (couleur peau). Longueur 5 m. Lavables et st\u00e9rilisables. Sans latex.<\/p>","protected":false},"featured_media":33959,"comment_status":"open","ping_status":"closed","template":"","meta":[],"product_brand":[],"product_cat":[166],"product_tag":[],"class_list":{"0":"post-33960","1":"product","2":"type-product","3":"status-publish","4":"has-post-thumbnail","6":"product_cat-equipements-medicaux-et-chirurgicaux","8":"first","9":"instock","10":"taxable","11":"shipping-taxable","12":"purchasable","13":"product-type-simple"},"_links":{"self":[{"href":"https:\/\/promatmedical.com\/en\/wp-json\/wp\/v2\/product\/33960","targetHints":{"allow":["GET"]}}],"collection":[{"href":"https:\/\/promatmedical.com\/en\/wp-json\/wp\/v2\/product"}],"about":[{"href":"https:\/\/promatmedical.com\/en\/wp-json\/wp\/v2\/types\/product"}],"replies":[{"embeddable":true,"href":"https:\/\/promatmedical.com\/en\/wp-json\/wp\/v2\/comments?post=33960"}],"wp:featuredmedia":[{"embeddable":true,"href":"https:\/\/promatmedical.com\/en\/wp-json\/wp\/v2\/media\/33959"}],"wp:attachment":[{"href":"https:\/\/promatmedical.com\/en\/wp-json\/wp\/v2\/media?parent=33960"}],"wp:term":[{"taxonomy":"product_brand","embeddable":true,"href":"https:\/\/promatmedical.com\/en\/wp-json\/wp\/v2\/product_brand?post=33960"},{"taxonomy":"product_cat","embeddable":true,"href":"https:\/\/promatmedical.com\/en\/wp-json\/wp\/v2\/product_cat?post=33960"},{"taxonomy":"product_tag","embeddable":true,"href":"https:\/\/promatmedical.com\/en\/wp-json\/wp\/v2\/product_tag?post=33960"}],"curies":[{"name":"wp","href":"https:\/\/api.w.org\/{rel}","templated":true}]}}