{"id":33993,"date":"2025-03-21T12:11:18","date_gmt":"2025-03-21T11:11:18","guid":{"rendered":"https:\/\/promatmedical.com\/bj\/produit\/bandage-cohesif-elastomull-haft-20-m-x-10-cm\/"},"modified":"2025-03-21T12:11:18","modified_gmt":"2025-03-21T11:11:18","slug":"bandage-cohesif-elastomull-haft-20-m-x-10-cm","status":"publish","type":"product","link":"https:\/\/promatmedical.com\/en\/product\/bandage-cohesif-elastomull-haft-20-m-x-10-cm\/","title":{"rendered":"Bandage coh\u00e9sif elastomull haft 20 m x 10 cm"},"content":{"rendered":"<p>BANDES COH\u00c9SIVES ELASTOMULL\u00ae<br \/>\nBandes \u00e9lastiques de r\u00e9tention. Offrent soin aux blessures avec contention par attelle et un support l\u00e9ger.<br \/>\nNon-tiss\u00e9 confortable (coton, viscose et polyamide) recouvert en latex synth\u00e9tique.<br \/>\nLongueur \u00e9tir\u00e9e: 20 m.<\/p>\n<p>\u2022 Code BSN: 45478-00<br \/>\n\u2022 Elastomull\u00ae 20 m x 10 cm<br \/>\n\u2022 Bo\u00eete de 1<br \/>\n\u2022 Bo\u00eete multilingue: GB, FR, IT, ES, DE, PT, NL, SE.<\/p>","protected":false},"excerpt":{"rendered":"<p>BANDES COH\u00c9SIVES ELASTOMULL\u00ae Bandes \u00e9lastiques de r\u00e9tention. Offrent soin aux blessures avec contention par attelle et un support l\u00e9ger. Non-tiss\u00e9 confortable (coton, viscose et polyamide) recouvert en latex synth\u00e9tique. Longueur \u00e9tir\u00e9e: 20 m. \u2022 Code BSN: 45478-00 \u2022 Elastomull\u00ae 20 m x 10 cm \u2022 Bo\u00eete de 1 \u2022 Bo\u00eete multilingue: GB, FR, IT, ES, [&hellip;]<\/p>\n","protected":false},"featured_media":33992,"comment_status":"open","ping_status":"closed","template":"","meta":[],"product_brand":[],"product_cat":[166],"product_tag":[],"class_list":{"0":"post-33993","1":"product","2":"type-product","3":"status-publish","4":"has-post-thumbnail","6":"product_cat-equipements-medicaux-et-chirurgicaux","8":"first","9":"instock","10":"taxable","11":"shipping-taxable","12":"purchasable","13":"product-type-simple"},"_links":{"self":[{"href":"https:\/\/promatmedical.com\/en\/wp-json\/wp\/v2\/product\/33993","targetHints":{"allow":["GET"]}}],"collection":[{"href":"https:\/\/promatmedical.com\/en\/wp-json\/wp\/v2\/product"}],"about":[{"href":"https:\/\/promatmedical.com\/en\/wp-json\/wp\/v2\/types\/product"}],"replies":[{"embeddable":true,"href":"https:\/\/promatmedical.com\/en\/wp-json\/wp\/v2\/comments?post=33993"}],"wp:featuredmedia":[{"embeddable":true,"href":"https:\/\/promatmedical.com\/en\/wp-json\/wp\/v2\/media\/33992"}],"wp:attachment":[{"href":"https:\/\/promatmedical.com\/en\/wp-json\/wp\/v2\/media?parent=33993"}],"wp:term":[{"taxonomy":"product_brand","embeddable":true,"href":"https:\/\/promatmedical.com\/en\/wp-json\/wp\/v2\/product_brand?post=33993"},{"taxonomy":"product_cat","embeddable":true,"href":"https:\/\/promatmedical.com\/en\/wp-json\/wp\/v2\/product_cat?post=33993"},{"taxonomy":"product_tag","embeddable":true,"href":"https:\/\/promatmedical.com\/en\/wp-json\/wp\/v2\/product_tag?post=33993"}],"curies":[{"name":"wp","href":"https:\/\/api.w.org\/{rel}","templated":true}]}}