{"id":34012,"date":"2025-03-21T12:12:41","date_gmt":"2025-03-21T11:12:41","guid":{"rendered":"https:\/\/promatmedical.com\/bj\/produit\/peha-haft-932450-bandage-cohesif-elastique-20-m-x-12-cm-sans-latex\/"},"modified":"2025-03-21T12:12:41","modified_gmt":"2025-03-21T11:12:41","slug":"peha-haft-932450-bandage-cohesif-elastique-20-m-x-12-cm-sans-latex","status":"publish","type":"product","link":"https:\/\/promatmedical.com\/en\/product\/peha-haft-932450-bandage-cohesif-elastique-20-m-x-12-cm-sans-latex\/","title":{"rendered":"Peha-haft 932450 bandage coh\u00e9sif \u00e9lastique 20 m x 12 cm &#8211; sans latex"},"content":{"rendered":"<p>BANDAGES COH\u00c9SIVES \u00c9LASTIQUES PEHA-HAFT\u00ae &#8211; SANS LATEX<\/p>\n<p>\u2022 Peha-haft\u00ae 20 m x 12 cm<br \/>\n\u2022 Code Hartmann: 932450<br \/>\n\u2022 Commande minimum: bo\u00eete de 1<\/p>\n<p>Bandages coh\u00e9sives jetables pour fixer les pansements primaires aussi bien que secondaires (attelles, pl\u00e2tres, cath\u00e9ters, canules), particuli\u00e8rement sur les articulations et sur les parties coniques et rondes du corps.<br \/>\nDouble effet adh\u00e9sif en raison de la texture cr\u00eap\u00e9e et du rev\u00eatement microstructur\u00e9.<\/p>\n<p>&#8211; 85% extensibilit\u00e9<br \/>\n&#8211; basse consommation de mat\u00e9riaux en raison du fort effet autoadh\u00e9sif<br \/>\n&#8211; les bandages adh\u00e8rent \u00e0 eux-m\u00eames, mais pas \u00e0 la peau, aux cheveux ou aux v\u00eatements<br \/>\n&#8211; perm\u00e9abilit\u00e9 \u00e0 l\u2019air et respect de la peau<\/p>\n<p>Id\u00e9aux pour stabiliser muscles, tendons, ligaments, articulations avec un effet de faible immobilisation.<br \/>\nUtilis\u00e9es aussi dans les soins m\u00e9dicaux pour le traitement \u00e0 court ou a long terme des blessures acutes et chroniques.<\/p>\n<p>43% viscose, 37% coton et 20% polyamide.<\/p>","protected":false},"excerpt":{"rendered":"<p>BANDAGES COH\u00c9SIVES \u00c9LASTIQUES PEHA-HAFT\u00ae &#8211; SANS LATEX \u2022 Peha-haft\u00ae 20 m x 12 cm \u2022 Code Hartmann: 932450 \u2022 Commande minimum: bo\u00eete de 1 Bandages coh\u00e9sives jetables pour fixer les pansements primaires aussi bien que secondaires (attelles, pl\u00e2tres, cath\u00e9ters, canules), particuli\u00e8rement sur les articulations et sur les parties coniques et rondes du corps. Double effet [&hellip;]<\/p>\n","protected":false},"featured_media":34011,"comment_status":"open","ping_status":"closed","template":"","meta":[],"product_brand":[],"product_cat":[166],"product_tag":[],"class_list":{"0":"post-34012","1":"product","2":"type-product","3":"status-publish","4":"has-post-thumbnail","6":"product_cat-equipements-medicaux-et-chirurgicaux","8":"first","9":"instock","10":"taxable","11":"shipping-taxable","12":"purchasable","13":"product-type-simple"},"_links":{"self":[{"href":"https:\/\/promatmedical.com\/en\/wp-json\/wp\/v2\/product\/34012","targetHints":{"allow":["GET"]}}],"collection":[{"href":"https:\/\/promatmedical.com\/en\/wp-json\/wp\/v2\/product"}],"about":[{"href":"https:\/\/promatmedical.com\/en\/wp-json\/wp\/v2\/types\/product"}],"replies":[{"embeddable":true,"href":"https:\/\/promatmedical.com\/en\/wp-json\/wp\/v2\/comments?post=34012"}],"wp:featuredmedia":[{"embeddable":true,"href":"https:\/\/promatmedical.com\/en\/wp-json\/wp\/v2\/media\/34011"}],"wp:attachment":[{"href":"https:\/\/promatmedical.com\/en\/wp-json\/wp\/v2\/media?parent=34012"}],"wp:term":[{"taxonomy":"product_brand","embeddable":true,"href":"https:\/\/promatmedical.com\/en\/wp-json\/wp\/v2\/product_brand?post=34012"},{"taxonomy":"product_cat","embeddable":true,"href":"https:\/\/promatmedical.com\/en\/wp-json\/wp\/v2\/product_cat?post=34012"},{"taxonomy":"product_tag","embeddable":true,"href":"https:\/\/promatmedical.com\/en\/wp-json\/wp\/v2\/product_tag?post=34012"}],"curies":[{"name":"wp","href":"https:\/\/api.w.org\/{rel}","templated":true}]}}