{"id":34018,"date":"2025-03-21T12:13:02","date_gmt":"2025-03-21T11:13:02","guid":{"rendered":"https:\/\/promatmedical.com\/bj\/produit\/bandage-adhesif-elastique-tensoplast-45-m-x-10-cm\/"},"modified":"2025-03-21T12:13:02","modified_gmt":"2025-03-21T11:13:02","slug":"bandage-adhesif-elastique-tensoplast-45-m-x-10-cm","status":"publish","type":"product","link":"https:\/\/promatmedical.com\/en\/product\/bandage-adhesif-elastique-tensoplast-45-m-x-10-cm\/","title":{"rendered":"Bandage adh\u00e9sif \u00e9lastique tensoplast 4,5 m x 10 cm"},"content":{"rendered":"<p>BANDAGES  TENSOPLAST\u00ae<\/p>\n<p>Code BSN: 71547-00<br \/>\nDimensions: 4,5 m x 10 cm<\/p>\n<p>Tissu \u00e9lastique de haute qualit\u00e9, bords mous et mat\u00e9riau adh\u00e9sif poreux. Ligne centrale jaune.<br \/>\nGarantissent un soutien et une compression forts en cas de traumatismes et probl\u00e8mes phl\u00e9bologiques.<br \/>\nLongueur = 4,5 m.<br \/>\nBo\u00eete multilingue: GB, FR, IT, ES, DE, PT, GR, NL, SE.<\/p>","protected":false},"excerpt":{"rendered":"<p>BANDAGES TENSOPLAST\u00ae Code BSN: 71547-00 Dimensions: 4,5 m x 10 cm Tissu \u00e9lastique de haute qualit\u00e9, bords mous et mat\u00e9riau adh\u00e9sif poreux. Ligne centrale jaune. Garantissent un soutien et une compression forts en cas de traumatismes et probl\u00e8mes phl\u00e9bologiques. Longueur = 4,5 m. Bo\u00eete multilingue: GB, FR, IT, ES, DE, PT, GR, NL, SE.<\/p>","protected":false},"featured_media":34017,"comment_status":"open","ping_status":"closed","template":"","meta":[],"product_brand":[],"product_cat":[166],"product_tag":[],"class_list":{"0":"post-34018","1":"product","2":"type-product","3":"status-publish","4":"has-post-thumbnail","6":"product_cat-equipements-medicaux-et-chirurgicaux","8":"first","9":"instock","10":"taxable","11":"shipping-taxable","12":"purchasable","13":"product-type-simple"},"_links":{"self":[{"href":"https:\/\/promatmedical.com\/en\/wp-json\/wp\/v2\/product\/34018","targetHints":{"allow":["GET"]}}],"collection":[{"href":"https:\/\/promatmedical.com\/en\/wp-json\/wp\/v2\/product"}],"about":[{"href":"https:\/\/promatmedical.com\/en\/wp-json\/wp\/v2\/types\/product"}],"replies":[{"embeddable":true,"href":"https:\/\/promatmedical.com\/en\/wp-json\/wp\/v2\/comments?post=34018"}],"wp:featuredmedia":[{"embeddable":true,"href":"https:\/\/promatmedical.com\/en\/wp-json\/wp\/v2\/media\/34017"}],"wp:attachment":[{"href":"https:\/\/promatmedical.com\/en\/wp-json\/wp\/v2\/media?parent=34018"}],"wp:term":[{"taxonomy":"product_brand","embeddable":true,"href":"https:\/\/promatmedical.com\/en\/wp-json\/wp\/v2\/product_brand?post=34018"},{"taxonomy":"product_cat","embeddable":true,"href":"https:\/\/promatmedical.com\/en\/wp-json\/wp\/v2\/product_cat?post=34018"},{"taxonomy":"product_tag","embeddable":true,"href":"https:\/\/promatmedical.com\/en\/wp-json\/wp\/v2\/product_tag?post=34018"}],"curies":[{"name":"wp","href":"https:\/\/api.w.org\/{rel}","templated":true}]}}