{"id":34042,"date":"2025-03-21T12:14:48","date_gmt":"2025-03-21T11:14:48","guid":{"rendered":"https:\/\/promatmedical.com\/bj\/produit\/tampons-absorbants-10x10-cm-steriles\/"},"modified":"2025-03-21T12:14:48","modified_gmt":"2025-03-21T11:14:48","slug":"tampons-absorbants-10x10-cm-steriles","status":"publish","type":"product","link":"https:\/\/promatmedical.com\/en\/product\/tampons-absorbants-10x10-cm-steriles\/","title":{"rendered":"Tampons absorbants 10&#215;10 cm &#8211; st\u00e9riles"},"content":{"rendered":"<p>COMPRESSES ABSORBANTES ST\u00c9RILES<\/p>\n<p>Id\u00e9ales dans les cas o\u00f9 une grande capacit\u00e9 d&#8217;absorption est requise, comme les sutures et les plaies chroniques.<br \/>\nEn p\u00e2te de cellulose, polypropyl\u00e8ne blanc et bleu et papier de soie.<\/p>\n<p>Bo\u00eete multilingue: GB, FR, IT, ES, PT, DE, NL, SE.<\/p>","protected":false},"excerpt":{"rendered":"<p>COMPRESSES ABSORBANTES ST\u00c9RILES Id\u00e9ales dans les cas o\u00f9 une grande capacit\u00e9 d&#8217;absorption est requise, comme les sutures et les plaies chroniques. En p\u00e2te de cellulose, polypropyl\u00e8ne blanc et bleu et papier de soie. Bo\u00eete multilingue: GB, FR, IT, ES, PT, DE, NL, SE.<\/p>","protected":false},"featured_media":34041,"comment_status":"open","ping_status":"closed","template":"","meta":[],"product_brand":[],"product_cat":[166],"product_tag":[],"class_list":{"0":"post-34042","1":"product","2":"type-product","3":"status-publish","4":"has-post-thumbnail","6":"product_cat-equipements-medicaux-et-chirurgicaux","8":"first","9":"instock","10":"taxable","11":"shipping-taxable","12":"purchasable","13":"product-type-simple"},"_links":{"self":[{"href":"https:\/\/promatmedical.com\/en\/wp-json\/wp\/v2\/product\/34042","targetHints":{"allow":["GET"]}}],"collection":[{"href":"https:\/\/promatmedical.com\/en\/wp-json\/wp\/v2\/product"}],"about":[{"href":"https:\/\/promatmedical.com\/en\/wp-json\/wp\/v2\/types\/product"}],"replies":[{"embeddable":true,"href":"https:\/\/promatmedical.com\/en\/wp-json\/wp\/v2\/comments?post=34042"}],"wp:featuredmedia":[{"embeddable":true,"href":"https:\/\/promatmedical.com\/en\/wp-json\/wp\/v2\/media\/34041"}],"wp:attachment":[{"href":"https:\/\/promatmedical.com\/en\/wp-json\/wp\/v2\/media?parent=34042"}],"wp:term":[{"taxonomy":"product_brand","embeddable":true,"href":"https:\/\/promatmedical.com\/en\/wp-json\/wp\/v2\/product_brand?post=34042"},{"taxonomy":"product_cat","embeddable":true,"href":"https:\/\/promatmedical.com\/en\/wp-json\/wp\/v2\/product_cat?post=34042"},{"taxonomy":"product_tag","embeddable":true,"href":"https:\/\/promatmedical.com\/en\/wp-json\/wp\/v2\/product_tag?post=34042"}],"curies":[{"name":"wp","href":"https:\/\/api.w.org\/{rel}","templated":true}]}}